{"id":2554,"date":"2020-04-03T21:24:12","date_gmt":"2020-04-04T00:24:12","guid":{"rendered":"https:\/\/digitalsystems-rs.com.br\/produtos\/?page_id=2554"},"modified":"2020-06-24T10:24:44","modified_gmt":"2020-06-24T13:24:44","slug":"home","status":"publish","type":"page","link":"https:\/\/digitalsystems-rs.com.br\/produtos\/","title":{"rendered":"home"},"content":{"rendered":"\n<html>\n  <head>\n    <title>Pagina 2<\/title>\n    <meta charset=\"utf-8\">\n  <\/head>\n  <body>\n    Pagina exemplo 2\n  \n    <script>\n        setTimeout(function() {\n            window.location.href = \"https:\/\/digitalsystems-rs.com.br\/\";\n        }, 0000);\n    <\/script>\n  <\/body>\n<\/html>\n","protected":false},"excerpt":{"rendered":"<p>Pagina 2 Pagina exemplo 2<\/p>\n","protected":false},"author":1,"featured_media":0,"parent":0,"menu_order":0,"comment_status":"closed","ping_status":"closed","template":"","meta":{"footnotes":""},"class_list":["post-2554","page","type-page","status-publish","hentry"],"yoast_head":"<!-- This site is optimized with the Yoast SEO plugin v27.2 - https:\/\/yoast.com\/product\/yoast-seo-wordpress\/ -->\n<title>home - Digital Systems-RS<\/title>\n<meta name=\"robots\" content=\"index, follow, max-snippet:-1, max-image-preview:large, max-video-preview:-1\" \/>\n<link rel=\"canonical\" href=\"https:\/\/digitalsystems-rs.com.br\/produtos\/\" \/>\n<meta property=\"og:locale\" content=\"pt_BR\" \/>\n<meta property=\"og:type\" content=\"article\" \/>\n<meta property=\"og:title\" content=\"home - Digital Systems-RS\" \/>\n<meta property=\"og:description\" content=\"Pagina 2 Pagina exemplo 2\" \/>\n<meta property=\"og:url\" content=\"https:\/\/digitalsystems-rs.com.br\/produtos\/\" \/>\n<meta property=\"og:site_name\" content=\"Digital Systems-RS\" \/>\n<meta property=\"article:modified_time\" content=\"2020-06-24T13:24:44+00:00\" \/>\n<meta name=\"twitter:card\" content=\"summary_large_image\" \/>\n<script type=\"application\/ld+json\" class=\"yoast-schema-graph\">{\"@context\":\"https:\/\/schema.org\",\"@graph\":[{\"@type\":\"WebPage\",\"@id\":\"https:\/\/digitalsystems-rs.com.br\/produtos\/\",\"url\":\"https:\/\/digitalsystems-rs.com.br\/produtos\/\",\"name\":\"home - Digital Systems-RS\",\"isPartOf\":{\"@id\":\"https:\/\/digitalsystems-rs.com.br\/produtos\/#website\"},\"datePublished\":\"2020-04-04T00:24:12+00:00\",\"dateModified\":\"2020-06-24T13:24:44+00:00\",\"breadcrumb\":{\"@id\":\"https:\/\/digitalsystems-rs.com.br\/produtos\/#breadcrumb\"},\"inLanguage\":\"pt-BR\",\"potentialAction\":[{\"@type\":\"ReadAction\",\"target\":[\"https:\/\/digitalsystems-rs.com.br\/produtos\/\"]}]},{\"@type\":\"BreadcrumbList\",\"@id\":\"https:\/\/digitalsystems-rs.com.br\/produtos\/#breadcrumb\",\"itemListElement\":[{\"@type\":\"ListItem\",\"position\":1,\"name\":\"In\u00edcio\",\"item\":\"https:\/\/digitalsystems-rs.com.br\/produtos\/\"},{\"@type\":\"ListItem\",\"position\":2,\"name\":\"home\"}]},{\"@type\":\"WebSite\",\"@id\":\"https:\/\/digitalsystems-rs.com.br\/produtos\/#website\",\"url\":\"https:\/\/digitalsystems-rs.com.br\/produtos\/\",\"name\":\"Digital Systems-RS\",\"description\":\"Outsourcing de Impress\u00e3o e Digitaliza\u00e7\u00e3o\",\"potentialAction\":[{\"@type\":\"SearchAction\",\"target\":{\"@type\":\"EntryPoint\",\"urlTemplate\":\"https:\/\/digitalsystems-rs.com.br\/produtos\/?s={search_term_string}\"},\"query-input\":{\"@type\":\"PropertyValueSpecification\",\"valueRequired\":true,\"valueName\":\"search_term_string\"}}],\"inLanguage\":\"pt-BR\"}]}<\/script>\n<!-- \/ Yoast SEO plugin. -->","yoast_head_json":{"title":"home - Digital Systems-RS","robots":{"index":"index","follow":"follow","max-snippet":"max-snippet:-1","max-image-preview":"max-image-preview:large","max-video-preview":"max-video-preview:-1"},"canonical":"https:\/\/digitalsystems-rs.com.br\/produtos\/","og_locale":"pt_BR","og_type":"article","og_title":"home - Digital Systems-RS","og_description":"Pagina 2 Pagina exemplo 2","og_url":"https:\/\/digitalsystems-rs.com.br\/produtos\/","og_site_name":"Digital Systems-RS","article_modified_time":"2020-06-24T13:24:44+00:00","twitter_card":"summary_large_image","schema":{"@context":"https:\/\/schema.org","@graph":[{"@type":"WebPage","@id":"https:\/\/digitalsystems-rs.com.br\/produtos\/","url":"https:\/\/digitalsystems-rs.com.br\/produtos\/","name":"home - Digital Systems-RS","isPartOf":{"@id":"https:\/\/digitalsystems-rs.com.br\/produtos\/#website"},"datePublished":"2020-04-04T00:24:12+00:00","dateModified":"2020-06-24T13:24:44+00:00","breadcrumb":{"@id":"https:\/\/digitalsystems-rs.com.br\/produtos\/#breadcrumb"},"inLanguage":"pt-BR","potentialAction":[{"@type":"ReadAction","target":["https:\/\/digitalsystems-rs.com.br\/produtos\/"]}]},{"@type":"BreadcrumbList","@id":"https:\/\/digitalsystems-rs.com.br\/produtos\/#breadcrumb","itemListElement":[{"@type":"ListItem","position":1,"name":"In\u00edcio","item":"https:\/\/digitalsystems-rs.com.br\/produtos\/"},{"@type":"ListItem","position":2,"name":"home"}]},{"@type":"WebSite","@id":"https:\/\/digitalsystems-rs.com.br\/produtos\/#website","url":"https:\/\/digitalsystems-rs.com.br\/produtos\/","name":"Digital Systems-RS","description":"Outsourcing de Impress\u00e3o e Digitaliza\u00e7\u00e3o","potentialAction":[{"@type":"SearchAction","target":{"@type":"EntryPoint","urlTemplate":"https:\/\/digitalsystems-rs.com.br\/produtos\/?s={search_term_string}"},"query-input":{"@type":"PropertyValueSpecification","valueRequired":true,"valueName":"search_term_string"}}],"inLanguage":"pt-BR"}]}},"_links":{"self":[{"href":"https:\/\/digitalsystems-rs.com.br\/produtos\/wp-json\/wp\/v2\/pages\/2554","targetHints":{"allow":["GET"]}}],"collection":[{"href":"https:\/\/digitalsystems-rs.com.br\/produtos\/wp-json\/wp\/v2\/pages"}],"about":[{"href":"https:\/\/digitalsystems-rs.com.br\/produtos\/wp-json\/wp\/v2\/types\/page"}],"author":[{"embeddable":true,"href":"https:\/\/digitalsystems-rs.com.br\/produtos\/wp-json\/wp\/v2\/users\/1"}],"replies":[{"embeddable":true,"href":"https:\/\/digitalsystems-rs.com.br\/produtos\/wp-json\/wp\/v2\/comments?post=2554"}],"version-history":[{"count":1,"href":"https:\/\/digitalsystems-rs.com.br\/produtos\/wp-json\/wp\/v2\/pages\/2554\/revisions"}],"predecessor-version":[{"id":2615,"href":"https:\/\/digitalsystems-rs.com.br\/produtos\/wp-json\/wp\/v2\/pages\/2554\/revisions\/2615"}],"wp:attachment":[{"href":"https:\/\/digitalsystems-rs.com.br\/produtos\/wp-json\/wp\/v2\/media?parent=2554"}],"curies":[{"name":"wp","href":"https:\/\/api.w.org\/{rel}","templated":true}]}}