{"id":942,"date":"2020-01-13T12:57:14","date_gmt":"2020-01-13T15:57:14","guid":{"rendered":"https:\/\/digitalsystems-rs.com.br\/produtos\/?page_id=942"},"modified":"2021-03-09T17:02:40","modified_gmt":"2021-03-09T20:02:40","slug":"epson","status":"publish","type":"page","link":"https:\/\/digitalsystems-rs.com.br\/produtos\/epson\/","title":{"rendered":"Epson"},"content":{"rendered":"\t\t<div data-elementor-type=\"wp-page\" data-elementor-id=\"942\" class=\"elementor elementor-942\">\n\t\t\t\t\t\t<section class=\"elementor-section elementor-top-section elementor-element elementor-element-2a0d2ccd elementor-section-stretched elementor-section-full_width elementor-section-height-min-height elementor-section-content-middle elementor-hidden-desktop elementor-hidden-tablet elementor-section-height-default elementor-section-items-middle parallax_section_no qode_elementor_container_no\" data-id=\"2a0d2ccd\" data-element_type=\"section\" data-settings=\"{&quot;stretch_section&quot;:&quot;section-stretched&quot;,&quot;background_background&quot;:&quot;classic&quot;}\">\n\t\t\t\t\t\t<div class=\"elementor-container elementor-column-gap-extended\">\n\t\t\t\t\t<div class=\"elementor-column elementor-col-100 elementor-top-column elementor-element elementor-element-48ffec28\" data-id=\"48ffec28\" data-element_type=\"column\">\n\t\t\t<div class=\"elementor-widget-wrap elementor-element-populated\">\n\t\t\t\t\t\t<div class=\"elementor-element elementor-element-6b779449 elementor-widget elementor-widget-heading\" data-id=\"6b779449\" data-element_type=\"widget\" data-widget_type=\"heading.default\">\n\t\t\t\t<div class=\"elementor-widget-container\">\n\t\t\t\t\t<h2 class=\"elementor-heading-title elementor-size-default\">Digital Systems<\/h2>\t\t\t\t<\/div>\n\t\t\t\t<\/div>\n\t\t\t\t<div class=\"elementor-element elementor-element-18615a56 elementor-widget elementor-widget-heading\" data-id=\"18615a56\" data-element_type=\"widget\" data-widget_type=\"heading.default\">\n\t\t\t\t<div class=\"elementor-widget-container\">\n\t\t\t\t\t<h5 class=\"elementor-heading-title elementor-size-default\">Equipamentos criteriosamente selecionados<br>\npara melhor performance com baixo custo operacional<\/h5>\t\t\t\t<\/div>\n\t\t\t\t<\/div>\n\t\t\t\t\t<\/div>\n\t\t<\/div>\n\t\t\t\t\t<\/div>\n\t\t<\/section>\n\t\t\t\t<section class=\"elementor-section elementor-top-section elementor-element elementor-element-5730e5ae elementor-section-stretched elementor-section-full_width elementor-hidden-phone elementor-section-height-default elementor-section-height-default parallax_section_no qode_elementor_container_no\" data-id=\"5730e5ae\" data-element_type=\"section\" data-settings=\"{&quot;stretch_section&quot;:&quot;section-stretched&quot;}\">\n\t\t\t\t\t\t<div class=\"elementor-container elementor-column-gap-no\">\n\t\t\t\t\t<div class=\"elementor-column elementor-col-100 elementor-top-column elementor-element elementor-element-7a0b9b7d\" data-id=\"7a0b9b7d\" data-element_type=\"column\">\n\t\t\t<div class=\"elementor-widget-wrap elementor-element-populated\">\n\t\t\t\t\t\t<div class=\"elementor-element elementor-element-45308cbb elementor-widget elementor-widget-slider_revolution\" data-id=\"45308cbb\" data-element_type=\"widget\" data-widget_type=\"slider_revolution.default\">\n\t\t\t\t<div class=\"elementor-widget-container\">\n\t\t\t\t\t\n\t\t<div class=\"wp-block-themepunch-revslider\">\n\t\t\t<!-- START Slider 5 REVOLUTION SLIDER 6.7.18 --><p class=\"rs-p-wp-fix\"><\/p>\n\t\t\t<rs-module-wrap id=\"rev_slider_6_1_wrapper\" data-source=\"gallery\" style=\"visibility:hidden;background:transparent;padding:0;margin:0px auto;margin-top:0;margin-bottom:0;\">\n\t\t\t\t<rs-module id=\"rev_slider_6_1\" style=\"\" data-version=\"6.7.18\">\n\t\t\t\t\t<rs-slides style=\"overflow: hidden; position: absolute;\">\n\t\t\t\t\t\t<rs-slide style=\"position: absolute;\" data-key=\"rs-14\" data-title=\"Slide\" data-anim=\"ms:1000;r:0;\" data-in=\"o:0;\" data-out=\"a:false;\">\n\t\t\t\t\t\t\t<img fetchpriority=\"high\" decoding=\"async\" src=\"\/\/digitalsystems-rs.com.br\/produtos\/wp-content\/plugins\/revslider\/sr6\/assets\/assets\/dummy.png\" alt=\"\" title=\"digital-systems-produtos-background\" width=\"2170\" height=\"590\" class=\"rev-slidebg tp-rs-img rs-lazyload\" data-lazyload=\"\/\/digitalsystems-rs.com.br\/produtos\/wp-content\/uploads\/2020\/04\/digital-systems-produtos-background.jpg\" data-no-retina>\n<!--\n\t\t\t\t\t\t\t--><rs-layer\n\t\t\t\t\t\t\t\tid=\"slider-6-slide-14-layer-0\" \n\t\t\t\t\t\t\t\tdata-type=\"text\"\n\t\t\t\t\t\t\t\tdata-color=\"#ffffff\"\n\t\t\t\t\t\t\t\tdata-rsp_ch=\"on\"\n\t\t\t\t\t\t\t\tdata-xy=\"x:27px;y:239px;\"\n\t\t\t\t\t\t\t\tdata-text=\"w:normal;s:23;l:28;fw:500;\"\n\t\t\t\t\t\t\t\tdata-dim=\"w:1007;h:81;\"\n\t\t\t\t\t\t\t\tdata-frame_0=\"o:1;\"\n\t\t\t\t\t\t\t\tdata-frame_0_chars=\"d:5;x:105%;o:1;rY:45deg;rZ:90deg;\"\n\t\t\t\t\t\t\t\tdata-frame_0_mask=\"u:t;\"\n\t\t\t\t\t\t\t\tdata-frame_1=\"st:600;sp:900;\"\n\t\t\t\t\t\t\t\tdata-frame_1_chars=\"e:power4.inOut;d:10;rZ:0deg;\"\n\t\t\t\t\t\t\t\tdata-frame_1_mask=\"u:t;\"\n\t\t\t\t\t\t\t\tdata-frame_999=\"o:0;st:w;\"\n\t\t\t\t\t\t\t\tstyle=\"z-index:10;font-family:'Roboto';\"\n\t\t\t\t\t\t\t>Equipamentos criteriosamente selecionados <br \/>\npara melhor performance com baixo custo operacional \n\t\t\t\t\t\t\t<\/rs-layer><!--\n\n\t\t\t\t\t\t\t--><rs-layer\n\t\t\t\t\t\t\t\tid=\"slider-6-slide-14-layer-1\" \n\t\t\t\t\t\t\t\tdata-type=\"text\"\n\t\t\t\t\t\t\t\tdata-color=\"#ffffff\"\n\t\t\t\t\t\t\t\tdata-rsp_ch=\"on\"\n\t\t\t\t\t\t\t\tdata-xy=\"x:28px;y:171px;\"\n\t\t\t\t\t\t\t\tdata-text=\"w:normal;s:44;l:53;fw:700;\"\n\t\t\t\t\t\t\t\tdata-dim=\"w:1913;h:154;\"\n\t\t\t\t\t\t\t\tdata-frame_0=\"o:1;\"\n\t\t\t\t\t\t\t\tdata-frame_0_chars=\"d:5;o:0;rX:90deg;oZ:-50;\"\n\t\t\t\t\t\t\t\tdata-frame_1=\"sp:600;\"\n\t\t\t\t\t\t\t\tdata-frame_1_chars=\"e:power4.inOut;d:10;oZ:-50;\"\n\t\t\t\t\t\t\t\tdata-frame_999=\"o:0;st:w;\"\n\t\t\t\t\t\t\t\tstyle=\"z-index:9;font-family:'Roboto';\"\n\t\t\t\t\t\t\t>Digital Systems \n\t\t\t\t\t\t\t<\/rs-layer><!--\n-->\t\t\t\t\t<\/rs-slide>\n\t\t\t\t\t<\/rs-slides>\n\t\t\t\t<\/rs-module>\n\t\t\t\t<script>\n\t\t\t\t\tsetREVStartSize({c: 'rev_slider_6_1',rl:[1240,1024,778,480],el:[400],gw:[1240],gh:[400],type:'hero',justify:'',layout:'fullwidth',mh:\"0\"});if (window.RS_MODULES!==undefined && window.RS_MODULES.modules!==undefined && window.RS_MODULES.modules[\"revslider61\"]!==undefined) {window.RS_MODULES.modules[\"revslider61\"].once = false;window.revapi6 = undefined;if (window.RS_MODULES.checkMinimal!==undefined) window.RS_MODULES.checkMinimal()}\n\t\t\t\t<\/script>\n\t\t\t<\/rs-module-wrap>\n\t\t\t<!-- END REVOLUTION SLIDER -->\n<\/div>\n\n\t\t\t\t\t\t<\/div>\n\t\t\t\t<\/div>\n\t\t\t\t\t<\/div>\n\t\t<\/div>\n\t\t\t\t\t<\/div>\n\t\t<\/section>\n\t\t\t\t<section class=\"elementor-section elementor-top-section elementor-element elementor-element-360289fa elementor-section-stretched elementor-section-full_width elementor-section-height-default elementor-section-height-default parallax_section_no qode_elementor_container_no\" data-id=\"360289fa\" data-element_type=\"section\" data-settings=\"{&quot;stretch_section&quot;:&quot;section-stretched&quot;}\">\n\t\t\t\t\t\t<div class=\"elementor-container elementor-column-gap-default\">\n\t\t\t\t\t<div class=\"elementor-column elementor-col-100 elementor-top-column elementor-element elementor-element-3589b602\" data-id=\"3589b602\" data-element_type=\"column\">\n\t\t\t<div class=\"elementor-widget-wrap elementor-element-populated\">\n\t\t\t\t\t\t<div class=\"elementor-element elementor-element-376d71cd elementor-widget elementor-widget-text-editor\" data-id=\"376d71cd\" data-element_type=\"widget\" data-widget_type=\"text-editor.default\">\n\t\t\t\t<div class=\"elementor-widget-container\">\n\t\t\t\t\t\t\t\t\t<h3 style=\"text-align: center;\"><strong>Epson<\/strong><\/h3>\t\t\t\t\t\t\t\t<\/div>\n\t\t\t\t<\/div>\n\t\t\t\t<div class=\"elementor-element elementor-element-fcf509c elementor-widget elementor-widget-spacer\" data-id=\"fcf509c\" data-element_type=\"widget\" data-widget_type=\"spacer.default\">\n\t\t\t\t<div class=\"elementor-widget-container\">\n\t\t\t\t\t\t\t<div class=\"elementor-spacer\">\n\t\t\t<div class=\"elementor-spacer-inner\"><\/div>\n\t\t<\/div>\n\t\t\t\t\t\t<\/div>\n\t\t\t\t<\/div>\n\t\t\t\t\t<\/div>\n\t\t<\/div>\n\t\t\t\t\t<\/div>\n\t\t<\/section>\n\t\t\t\t<section class=\"elementor-section elementor-top-section elementor-element elementor-element-fcc528b elementor-section-boxed elementor-section-height-default elementor-section-height-default parallax_section_no qode_elementor_container_no\" data-id=\"fcc528b\" data-element_type=\"section\">\n\t\t\t\t\t\t<div class=\"elementor-container elementor-column-gap-default\">\n\t\t\t\t\t<div class=\"elementor-column elementor-col-100 elementor-top-column elementor-element elementor-element-68dcf33b\" data-id=\"68dcf33b\" data-element_type=\"column\">\n\t\t\t<div class=\"elementor-widget-wrap elementor-element-populated\">\n\t\t\t\t\t\t<div class=\"elementor-element elementor-element-405c8867 animated-slow elementor-invisible elementor-widget elementor-widget-bridge_product_list\" data-id=\"405c8867\" data-element_type=\"widget\" data-settings=\"{&quot;_animation&quot;:&quot;fadeInRight&quot;}\" data-widget_type=\"bridge_product_list.default\">\n\t\t\t\t<div class=\"elementor-widget-container\">\n\t\t\t\t\t<div class=\"qode-pl-holder qode-standard-layout qode-normal-space qode-four-columns qode-info-below-image  \"  data-info-position=\"info-below-image\" data-number-of-posts=\"80\" data-category-values=\"\" data-show-all-item-in-filter=\"\" data-taxonomy-values=\"epson\" data-display-rating=\"no\" data-display-price=\"no\" data-title-transform=\"none\" data-excerpt-length=\"\" data-info-bottom-text-align=\"center\" data-type=\"standard\" data-number-of-columns=\"4\" data-space-between-items=\"normal\" data-show-ordering-filter=\"no\" data-price-range=\"\" data-orderby=\"date\" data-order=\"ASC\" data-show-category-filter=\"no\" data-taxonomy-to-display=\"category\" data-display-title=\"yes\" data-display-category=\"no\" data-display-excerpt=\"no\" data-product-info-skin=\"\" data-product-info-hover-skin=\"\" data-title-tag=\"h4\">\n\t                        <div class=\"qode-prl-loading\">\n            <span class=\"qode-prl-loading-msg\">Loading...<\/span>\n        <\/div>\n        <div class=\"qode-pl-outer\">\n            <div class=\"qode-pli qode-woo-image-normal-width\">\n\t<div class=\"qode-pli-inner\">\n\t\t<div class=\"qode-pli-image\">\n\t\t\t\n\n<img decoding=\"async\" width=\"300\" height=\"300\" src=\"https:\/\/digitalsystems-rs.com.br\/produtos\/wp-content\/uploads\/2020\/02\/Scanner_de_Mesa_Epson-300x300.png\" class=\"attachment-shop_catalog size-shop_catalog wp-post-image\" alt=\"\" srcset=\"https:\/\/digitalsystems-rs.com.br\/produtos\/wp-content\/uploads\/2020\/02\/Scanner_de_Mesa_Epson-300x300.png 300w, https:\/\/digitalsystems-rs.com.br\/produtos\/wp-content\/uploads\/2020\/02\/Scanner_de_Mesa_Epson-150x150.png 150w, https:\/\/digitalsystems-rs.com.br\/produtos\/wp-content\/uploads\/2020\/02\/Scanner_de_Mesa_Epson-100x100.png 100w\" sizes=\"(max-width: 300px) 100vw, 300px\" \/>\t\t<\/div>\n\t\t<div class=\"qode-pli-text\">\n\t\t\t<div class=\"qode-pli-text-outer\">\n\t\t\t\t<div class=\"qode-pli-text-inner\">\n\t\t\t\t\t\t\t\t\t<\/div>\n\t\t\t<\/div>\n\t\t<\/div>\n\t\t<a class=\"qode-pli-link\" itemprop=\"url\" href=\"https:\/\/digitalsystems-rs.com.br\/produtos\/produto\/scanner-de-mesa-epson-es500w\/\" title=\"Scanner de Mesa Epson WorkForce ES500W\"><\/a>\n\t<\/div>\n\t<div class=\"qode-pli-text-wrapper qode-no-rating-price\" style=\"text-align: center\">\n\t\t    <h4 itemprop=\"name\" class=\"entry-title qode-pli-title\" style=\"text-transform: none\">\n\t\t<a itemprop=\"url\" href=\"https:\/\/digitalsystems-rs.com.br\/produtos\/produto\/scanner-de-mesa-epson-es500w\/\">Scanner de Mesa Epson WorkForce ES500W<\/a>\n\t<\/h4>\n\t\t\n\t\t\t\t\n\t\t\t\t\n\t\t\t\t\n\t\t\n\t\t\t\n\t<div class=\"qode-pli-add-to-cart\">\n\t\t<a rel=\"nofollow\" href=\"https:\/\/digitalsystems-rs.com.br\/produtos\/produto\/scanner-de-mesa-epson-es500w\/\" data-quantity=\"1\" data-product_id=\"1838\" data-product_sku=\"\" class=\"add_to_cart_button ajax_add_to_cart qode-button\">Leia mais<\/a>\t<\/div>\t<\/div>\n<\/div>        <\/div>\n    <\/div>\t\t\t\t<\/div>\n\t\t\t\t<\/div>\n\t\t\t\t\t<\/div>\n\t\t<\/div>\n\t\t\t\t\t<\/div>\n\t\t<\/section>\n\t\t\t\t<section class=\"elementor-section elementor-top-section elementor-element elementor-element-2dfaf3cc elementor-section-stretched elementor-section-full_width parallax elementor-section-height-default elementor-section-height-default parallax_section_no qode_elementor_container_no\" data-id=\"2dfaf3cc\" data-element_type=\"section\" data-settings=\"{&quot;stretch_section&quot;:&quot;section-stretched&quot;,&quot;background_background&quot;:&quot;classic&quot;}\">\n\t\t\t\t\t\t<div class=\"elementor-container elementor-column-gap-no\">\n\t\t\t\t\t<div class=\"elementor-column elementor-col-100 elementor-top-column elementor-element elementor-element-3346d5c3 parallax\" data-id=\"3346d5c3\" data-element_type=\"column\">\n\t\t\t<div class=\"elementor-widget-wrap elementor-element-populated\">\n\t\t\t\t\t\t<div class=\"elementor-element elementor-element-63c5791 elementor-widget elementor-widget-bridge_action\" data-id=\"63c5791\" data-element_type=\"widget\" data-widget_type=\"bridge_action.default\">\n\t\t\t\t<div class=\"elementor-widget-container\">\n\t\t\t\t\t<div class=\"call_to_action simple\" style=\"background-color: #DD3333;\"><div class=\"container_inner\"><div class=\"text_wrapper column1\"><div class=\"call_to_action_text \" style=\"\"><h2 style=\"text-align: center; color: #fff;\"><span style=\"color: #ffffff;\">Quer saber quanto voc\u00ea pode economizar com o<br>OUTSOURCING DE IMPRESS\u00c3O da Digital Systems?<\/span><\/h2>\n<div id=\"lp-pom-text-464\" class=\"lp-element lp-pom-text nlh\"><BR>\n<h3 style=\"text-align: center; color: #fff;\"><strong>\u00c9 r\u00e1pido, f\u00e1cil e gratuito!<\/strong><\/h3><br>\n<\/div><\/div><a itemprop=\"url\" href=\"https:\/\/digitalsystems-rs.com.br\/contato.html\" class=\"qbutton white medium\" target=\"_self\" style=\"color: #FFFFFF;border-color: #53BC9D;background-color: #53BC9D;\"data-hover-background-color=#FFFFFF data-hover-border-color=#FFFFFF data-hover-color=#DD3333>Solicitar Or\u00e7amento<\/a><\/div><\/div><\/div>\t\t\t\t<\/div>\n\t\t\t\t<\/div>\n\t\t\t\t\t<\/div>\n\t\t<\/div>\n\t\t\t\t\t<\/div>\n\t\t<\/section>\n\t\t\t\t<\/div>\n\t\t","protected":false},"excerpt":{"rendered":"<p>Digital Systems Equipamentos criteriosamente selecionados para melhor performance com baixo custo operacional Epson Loading&#8230; EPSON MULTIFUNCIONAL L4160 Leia mais EPSON MULTIFUNCIONAL L6171 Leia mais EPSON MULTIFUNCIONAL WF-C869R Leia mais EPSON MULTIFUNCIONAL M3180 Leia mais Scanner de Mesa Epson WorkForce ES500W Leia mais Quer saber quanto&#8230;<\/p>\n","protected":false},"author":1,"featured_media":0,"parent":0,"menu_order":0,"comment_status":"closed","ping_status":"closed","template":"","meta":{"footnotes":""},"class_list":["post-942","page","type-page","status-publish","hentry"],"yoast_head":"<!-- This site is optimized with the Yoast SEO plugin v27.2 - https:\/\/yoast.com\/product\/yoast-seo-wordpress\/ -->\n<title>Epson - Digital Systems-RS<\/title>\n<meta name=\"description\" content=\"Conhe\u00e7a todos os nossos equipamentos criteriosamente selecionados da linha de impressoras e multifuncionais da marca Epson\" \/>\n<meta name=\"robots\" content=\"index, follow, max-snippet:-1, max-image-preview:large, max-video-preview:-1\" \/>\n<link rel=\"canonical\" href=\"https:\/\/digitalsystems-rs.com.br\/produtos\/epson\/\" \/>\n<meta property=\"og:locale\" content=\"pt_BR\" \/>\n<meta property=\"og:type\" content=\"article\" \/>\n<meta property=\"og:title\" content=\"Epson - Digital Systems-RS\" \/>\n<meta property=\"og:description\" content=\"Conhe\u00e7a todos os nossos equipamentos criteriosamente selecionados da linha de impressoras e multifuncionais da marca Epson\" \/>\n<meta property=\"og:url\" content=\"https:\/\/digitalsystems-rs.com.br\/produtos\/epson\/\" \/>\n<meta property=\"og:site_name\" content=\"Digital Systems-RS\" \/>\n<meta property=\"article:modified_time\" content=\"2021-03-09T20:02:40+00:00\" \/>\n<meta property=\"og:image\" content=\"https:\/\/digitalsystems-rs.com.br\/produtos\/wp-content\/uploads\/2020\/01\/MULTIFUNCIONAL_L4160-300x300.png\" \/>\n<meta name=\"twitter:card\" content=\"summary_large_image\" \/>\n<script type=\"application\/ld+json\" class=\"yoast-schema-graph\">{\"@context\":\"https:\/\/schema.org\",\"@graph\":[{\"@type\":\"WebPage\",\"@id\":\"https:\/\/digitalsystems-rs.com.br\/produtos\/epson\/\",\"url\":\"https:\/\/digitalsystems-rs.com.br\/produtos\/epson\/\",\"name\":\"Epson - Digital Systems-RS\",\"isPartOf\":{\"@id\":\"https:\/\/digitalsystems-rs.com.br\/produtos\/#website\"},\"primaryImageOfPage\":{\"@id\":\"https:\/\/digitalsystems-rs.com.br\/produtos\/epson\/#primaryimage\"},\"image\":{\"@id\":\"https:\/\/digitalsystems-rs.com.br\/produtos\/epson\/#primaryimage\"},\"thumbnailUrl\":\"https:\/\/digitalsystems-rs.com.br\/produtos\/wp-content\/uploads\/2020\/01\/MULTIFUNCIONAL_L4160-300x300.png\",\"datePublished\":\"2020-01-13T15:57:14+00:00\",\"dateModified\":\"2021-03-09T20:02:40+00:00\",\"description\":\"Conhe\u00e7a todos os nossos equipamentos criteriosamente selecionados da linha de impressoras e multifuncionais da marca Epson\",\"breadcrumb\":{\"@id\":\"https:\/\/digitalsystems-rs.com.br\/produtos\/epson\/#breadcrumb\"},\"inLanguage\":\"pt-BR\",\"potentialAction\":[{\"@type\":\"ReadAction\",\"target\":[\"https:\/\/digitalsystems-rs.com.br\/produtos\/epson\/\"]}]},{\"@type\":\"ImageObject\",\"inLanguage\":\"pt-BR\",\"@id\":\"https:\/\/digitalsystems-rs.com.br\/produtos\/epson\/#primaryimage\",\"url\":\"https:\/\/digitalsystems-rs.com.br\/produtos\/wp-content\/uploads\/2020\/01\/MULTIFUNCIONAL_L4160.png\",\"contentUrl\":\"https:\/\/digitalsystems-rs.com.br\/produtos\/wp-content\/uploads\/2020\/01\/MULTIFUNCIONAL_L4160.png\",\"width\":400,\"height\":419},{\"@type\":\"BreadcrumbList\",\"@id\":\"https:\/\/digitalsystems-rs.com.br\/produtos\/epson\/#breadcrumb\",\"itemListElement\":[{\"@type\":\"ListItem\",\"position\":1,\"name\":\"In\u00edcio\",\"item\":\"https:\/\/digitalsystems-rs.com.br\/produtos\/\"},{\"@type\":\"ListItem\",\"position\":2,\"name\":\"Epson\"}]},{\"@type\":\"WebSite\",\"@id\":\"https:\/\/digitalsystems-rs.com.br\/produtos\/#website\",\"url\":\"https:\/\/digitalsystems-rs.com.br\/produtos\/\",\"name\":\"Digital Systems-RS\",\"description\":\"Outsourcing de Impress\u00e3o e Digitaliza\u00e7\u00e3o\",\"potentialAction\":[{\"@type\":\"SearchAction\",\"target\":{\"@type\":\"EntryPoint\",\"urlTemplate\":\"https:\/\/digitalsystems-rs.com.br\/produtos\/?s={search_term_string}\"},\"query-input\":{\"@type\":\"PropertyValueSpecification\",\"valueRequired\":true,\"valueName\":\"search_term_string\"}}],\"inLanguage\":\"pt-BR\"}]}<\/script>\n<!-- \/ Yoast SEO plugin. -->","yoast_head_json":{"title":"Epson - Digital Systems-RS","description":"Conhe\u00e7a todos os nossos equipamentos criteriosamente selecionados da linha de impressoras e multifuncionais da marca Epson","robots":{"index":"index","follow":"follow","max-snippet":"max-snippet:-1","max-image-preview":"max-image-preview:large","max-video-preview":"max-video-preview:-1"},"canonical":"https:\/\/digitalsystems-rs.com.br\/produtos\/epson\/","og_locale":"pt_BR","og_type":"article","og_title":"Epson - Digital Systems-RS","og_description":"Conhe\u00e7a todos os nossos equipamentos criteriosamente selecionados da linha de impressoras e multifuncionais da marca Epson","og_url":"https:\/\/digitalsystems-rs.com.br\/produtos\/epson\/","og_site_name":"Digital Systems-RS","article_modified_time":"2021-03-09T20:02:40+00:00","og_image":[{"url":"https:\/\/digitalsystems-rs.com.br\/produtos\/wp-content\/uploads\/2020\/01\/MULTIFUNCIONAL_L4160-300x300.png","type":"","width":"","height":""}],"twitter_card":"summary_large_image","schema":{"@context":"https:\/\/schema.org","@graph":[{"@type":"WebPage","@id":"https:\/\/digitalsystems-rs.com.br\/produtos\/epson\/","url":"https:\/\/digitalsystems-rs.com.br\/produtos\/epson\/","name":"Epson - Digital Systems-RS","isPartOf":{"@id":"https:\/\/digitalsystems-rs.com.br\/produtos\/#website"},"primaryImageOfPage":{"@id":"https:\/\/digitalsystems-rs.com.br\/produtos\/epson\/#primaryimage"},"image":{"@id":"https:\/\/digitalsystems-rs.com.br\/produtos\/epson\/#primaryimage"},"thumbnailUrl":"https:\/\/digitalsystems-rs.com.br\/produtos\/wp-content\/uploads\/2020\/01\/MULTIFUNCIONAL_L4160-300x300.png","datePublished":"2020-01-13T15:57:14+00:00","dateModified":"2021-03-09T20:02:40+00:00","description":"Conhe\u00e7a todos os nossos equipamentos criteriosamente selecionados da linha de impressoras e multifuncionais da marca Epson","breadcrumb":{"@id":"https:\/\/digitalsystems-rs.com.br\/produtos\/epson\/#breadcrumb"},"inLanguage":"pt-BR","potentialAction":[{"@type":"ReadAction","target":["https:\/\/digitalsystems-rs.com.br\/produtos\/epson\/"]}]},{"@type":"ImageObject","inLanguage":"pt-BR","@id":"https:\/\/digitalsystems-rs.com.br\/produtos\/epson\/#primaryimage","url":"https:\/\/digitalsystems-rs.com.br\/produtos\/wp-content\/uploads\/2020\/01\/MULTIFUNCIONAL_L4160.png","contentUrl":"https:\/\/digitalsystems-rs.com.br\/produtos\/wp-content\/uploads\/2020\/01\/MULTIFUNCIONAL_L4160.png","width":400,"height":419},{"@type":"BreadcrumbList","@id":"https:\/\/digitalsystems-rs.com.br\/produtos\/epson\/#breadcrumb","itemListElement":[{"@type":"ListItem","position":1,"name":"In\u00edcio","item":"https:\/\/digitalsystems-rs.com.br\/produtos\/"},{"@type":"ListItem","position":2,"name":"Epson"}]},{"@type":"WebSite","@id":"https:\/\/digitalsystems-rs.com.br\/produtos\/#website","url":"https:\/\/digitalsystems-rs.com.br\/produtos\/","name":"Digital Systems-RS","description":"Outsourcing de Impress\u00e3o e Digitaliza\u00e7\u00e3o","potentialAction":[{"@type":"SearchAction","target":{"@type":"EntryPoint","urlTemplate":"https:\/\/digitalsystems-rs.com.br\/produtos\/?s={search_term_string}"},"query-input":{"@type":"PropertyValueSpecification","valueRequired":true,"valueName":"search_term_string"}}],"inLanguage":"pt-BR"}]}},"_links":{"self":[{"href":"https:\/\/digitalsystems-rs.com.br\/produtos\/wp-json\/wp\/v2\/pages\/942","targetHints":{"allow":["GET"]}}],"collection":[{"href":"https:\/\/digitalsystems-rs.com.br\/produtos\/wp-json\/wp\/v2\/pages"}],"about":[{"href":"https:\/\/digitalsystems-rs.com.br\/produtos\/wp-json\/wp\/v2\/types\/page"}],"author":[{"embeddable":true,"href":"https:\/\/digitalsystems-rs.com.br\/produtos\/wp-json\/wp\/v2\/users\/1"}],"replies":[{"embeddable":true,"href":"https:\/\/digitalsystems-rs.com.br\/produtos\/wp-json\/wp\/v2\/comments?post=942"}],"version-history":[{"count":3,"href":"https:\/\/digitalsystems-rs.com.br\/produtos\/wp-json\/wp\/v2\/pages\/942\/revisions"}],"predecessor-version":[{"id":2672,"href":"https:\/\/digitalsystems-rs.com.br\/produtos\/wp-json\/wp\/v2\/pages\/942\/revisions\/2672"}],"wp:attachment":[{"href":"https:\/\/digitalsystems-rs.com.br\/produtos\/wp-json\/wp\/v2\/media?parent=942"}],"curies":[{"name":"wp","href":"https:\/\/api.w.org\/{rel}","templated":true}]}}