{"id":1849,"date":"2020-02-17T12:54:32","date_gmt":"2020-02-17T15:54:32","guid":{"rendered":"https:\/\/digitalsystems-rs.com.br\/produtos\/?post_type=product&#038;p=1849"},"modified":"2025-01-27T10:16:16","modified_gmt":"2025-01-27T13:16:16","slug":"scanner-de-mesa-fujitsu-scansnap","status":"publish","type":"product","link":"https:\/\/digitalsystems-rs.com.br\/produtos\/produto\/scanner-de-mesa-fujitsu-scansnap\/","title":{"rendered":"Scanner Fujitsu ScanSnap iX1500"},"content":{"rendered":"<div class=\"text-row\"><b>Tipo de Scanner<\/b><\/div>\n<div class=\"text-row\">Mesa<\/div>\n<div class=\"text-row\"><b>LCD<\/b><\/div>\n<div class=\"text-row\">Tela de toque TFT colorida de 4.3 polegadas<\/div>\n<div class=\"text-row\"><b>Scanner<\/b><\/div>\n<div class=\"text-row\">ADF ( Alimentador autom\u00e1tico de documentos)\/ alimenta\u00e7\u00e3o manual, duplex<\/div>\n<div class=\"text-row\"><b>Velocidade de digitaliza\u00e7\u00e3o<\/b><\/div>\n<div class=\"text-row\">Modo autom\u00e1tico (padr\u00e3o) (3): Simples \/ Duplex: 30 ppm, Modo normal: Simples \/ Duplex: 30 ppm (Colorido \/ Escala de Cinza: 150 dpi, Monocromo: 300 dpi), Modo melhor: Simples \/ Duplex: 30 ppm (Colorido \/ Escala de Cinza: 200 dpi, Monocromo: 400 dpi), Melhor modo: Simples \/ Duplex: 30 ppm (Colorido \/ Escala de Cinza: 300 dpi, Monocromo: 600 dpi), Modo Excelente (1): Simples \/ Duplex: 8 ppm (Colorido \/ Escala de Cinza: 600 dpi, Monocromo: 1.200 dpi)<\/div>\n<div class=\"text-row\">\n<p style=\"font-weight: 400;\"><b>Tamanho do Documento<\/b><\/p>\n<p style=\"font-weight: 400;\">Scan normal: M\u00ednimo 50,8 x 50,8 mm (2 x 2 pol.) \/ M\u00e1ximo 216 x 360 mm (8,5 x 14,17 pol.)<\/p>\n<\/div>\n<div class=\"text-row\"><b>Peso do Papel (espessura)\u00a0<\/b><\/div>\n<div class=\"text-row\">\n<p style=\"font-weight: 400;\">40 a 209 g \/ m2 (11 a 56 lb)<\/p>\n<\/div>\n<div>\n<div class=\"text-row\"><b>Capacidade de bandeja de sa\u00edda<\/b><\/div>\n<div class=\"text-row\">50 paginas.<\/div>\n<\/div>\n","protected":false},"excerpt":{"rendered":"<div id=\"produtoDireita\">\n<div class=\"content-navigation center-size\">\n<div class=\"content-bottom-border\">\n<div id=\"product-gallery-details\">\n<div id=\"ctl00_cphCorpo_divCaracteristica\" class=\"col-list\">PRINCIPAIS CARACTER\u00cdSTICAS<\/p>\n<\/div>\n<\/div>\n<\/div>\n<\/div>\n<\/div>\n<div id=\"produtoDireita\">\n<div class=\"content1\">\n<ul>\n<li class=\"title-content\">\u00a0Marca: Fujitsu<\/li>\n<li>Modelo: iX1500.<\/li>\n<li>Resolu\u00e7\u00e3o \u00f3ptica: 600 dpi<\/li>\n<li>Sensor de imagem: Cor CIS x 2 (Frente x 1, Verso x 1)<\/li>\n<li>Conformidade ambiental:\u00a0ENERGY STAR \/ RoHS<\/li>\n<li>Tipo de scanner: ADF (alimentador autom\u00e1tico de documentos) \/ alimenta\u00e7\u00e3o manual, duplex<\/li>\n<li>Digitaliza\u00e7\u00e3o de modos de cor Cor, Escala de Cinza, Monocrom\u00e1tico, Autom\u00e1tico (Detec\u00e7\u00e3o de Cor \/ Escala de Cinza \/ Monocrom\u00e1tico (1))<\/li>\n<\/ul>\n<\/div>\n<\/div>\n<div class=\"limpa\"><a class=\"qbutton small center white default\" style=\"color: #ffffff; background-color: #000000;\" href=\"https:\/\/digitalsystems-rs.com.br\/contato.html\" target=\"_blank\" rel=\"noopener noreferrer\" data-hover-background-color=\"#dd3333\" data-hover-color=\"#ffffff\">Entrar em Contato<\/a><\/div>\n","protected":false},"featured_media":1850,"template":"","meta":[],"product_brand":[],"product_cat":[28],"product_tag":[],"class_list":{"0":"post-1849","1":"product","2":"type-product","3":"status-publish","4":"has-post-thumbnail","6":"product_cat-scanner","8":"first","9":"instock","10":"virtual","11":"product-type-simple"},"yoast_head":"<!-- This site is optimized with the Yoast SEO plugin v27.2 - https:\/\/yoast.com\/product\/yoast-seo-wordpress\/ -->\n<title>Scanner Fujitsu ScanSnap iX1500 - Digital Systems-RS<\/title>\n<meta name=\"description\" content=\"O ScanSnap iX1500 \u00e9 o principal modelo da S\u00e9rie ScanSnap, com capacidade para uma digitaliza\u00e7\u00e3o r\u00e1pida de grandes volumes de papel. Simplifica o processo...\" \/>\n<meta name=\"robots\" content=\"index, follow, max-snippet:-1, max-image-preview:large, max-video-preview:-1\" \/>\n<link rel=\"canonical\" href=\"https:\/\/digitalsystems-rs.com.br\/produtos\/produto\/scanner-de-mesa-fujitsu-scansnap\/\" \/>\n<meta property=\"og:locale\" content=\"pt_BR\" \/>\n<meta property=\"og:type\" content=\"article\" \/>\n<meta property=\"og:title\" content=\"Scanner Fujitsu ScanSnap iX1500 - Digital Systems-RS\" \/>\n<meta property=\"og:description\" content=\"O ScanSnap iX1500 \u00e9 o principal modelo da S\u00e9rie ScanSnap, com capacidade para uma digitaliza\u00e7\u00e3o r\u00e1pida de grandes volumes de papel. Simplifica o processo...\" \/>\n<meta property=\"og:url\" content=\"https:\/\/digitalsystems-rs.com.br\/produtos\/produto\/scanner-de-mesa-fujitsu-scansnap\/\" \/>\n<meta property=\"og:site_name\" content=\"Digital Systems-RS\" \/>\n<meta property=\"article:modified_time\" content=\"2025-01-27T13:16:16+00:00\" \/>\n<meta property=\"og:image\" content=\"https:\/\/digitalsystems-rs.com.br\/produtos\/wp-content\/uploads\/2020\/02\/Scanne_fujitsu_scansnap.png\" \/>\n\t<meta property=\"og:image:width\" content=\"400\" \/>\n\t<meta property=\"og:image:height\" content=\"419\" \/>\n\t<meta property=\"og:image:type\" content=\"image\/png\" \/>\n<meta name=\"twitter:card\" content=\"summary_large_image\" \/>\n<meta name=\"twitter:label1\" content=\"Est. tempo de leitura\" \/>\n\t<meta name=\"twitter:data1\" content=\"2 minutos\" \/>\n<script type=\"application\/ld+json\" class=\"yoast-schema-graph\">{\"@context\":\"https:\/\/schema.org\",\"@graph\":[{\"@type\":\"WebPage\",\"@id\":\"https:\/\/digitalsystems-rs.com.br\/produtos\/produto\/scanner-de-mesa-fujitsu-scansnap\/\",\"url\":\"https:\/\/digitalsystems-rs.com.br\/produtos\/produto\/scanner-de-mesa-fujitsu-scansnap\/\",\"name\":\"Scanner Fujitsu ScanSnap iX1500 - Digital Systems-RS\",\"isPartOf\":{\"@id\":\"https:\/\/digitalsystems-rs.com.br\/produtos\/#website\"},\"primaryImageOfPage\":{\"@id\":\"https:\/\/digitalsystems-rs.com.br\/produtos\/produto\/scanner-de-mesa-fujitsu-scansnap\/#primaryimage\"},\"image\":{\"@id\":\"https:\/\/digitalsystems-rs.com.br\/produtos\/produto\/scanner-de-mesa-fujitsu-scansnap\/#primaryimage\"},\"thumbnailUrl\":\"https:\/\/digitalsystems-rs.com.br\/produtos\/wp-content\/uploads\/2020\/02\/Scanne_fujitsu_scansnap.png\",\"datePublished\":\"2020-02-17T15:54:32+00:00\",\"dateModified\":\"2025-01-27T13:16:16+00:00\",\"description\":\"O ScanSnap iX1500 \u00e9 o principal modelo da S\u00e9rie ScanSnap, com capacidade para uma digitaliza\u00e7\u00e3o r\u00e1pida de grandes volumes de papel. Simplifica o processo...\",\"breadcrumb\":{\"@id\":\"https:\/\/digitalsystems-rs.com.br\/produtos\/produto\/scanner-de-mesa-fujitsu-scansnap\/#breadcrumb\"},\"inLanguage\":\"pt-BR\",\"potentialAction\":[{\"@type\":\"ReadAction\",\"target\":[\"https:\/\/digitalsystems-rs.com.br\/produtos\/produto\/scanner-de-mesa-fujitsu-scansnap\/\"]}]},{\"@type\":\"ImageObject\",\"inLanguage\":\"pt-BR\",\"@id\":\"https:\/\/digitalsystems-rs.com.br\/produtos\/produto\/scanner-de-mesa-fujitsu-scansnap\/#primaryimage\",\"url\":\"https:\/\/digitalsystems-rs.com.br\/produtos\/wp-content\/uploads\/2020\/02\/Scanne_fujitsu_scansnap.png\",\"contentUrl\":\"https:\/\/digitalsystems-rs.com.br\/produtos\/wp-content\/uploads\/2020\/02\/Scanne_fujitsu_scansnap.png\",\"width\":400,\"height\":419},{\"@type\":\"BreadcrumbList\",\"@id\":\"https:\/\/digitalsystems-rs.com.br\/produtos\/produto\/scanner-de-mesa-fujitsu-scansnap\/#breadcrumb\",\"itemListElement\":[{\"@type\":\"ListItem\",\"position\":1,\"name\":\"In\u00edcio\",\"item\":\"https:\/\/digitalsystems-rs.com.br\/produtos\/\"},{\"@type\":\"ListItem\",\"position\":2,\"name\":\"Products\",\"item\":\"https:\/\/digitalsystems-rs.com.br\/produtos\/shop\/\"},{\"@type\":\"ListItem\",\"position\":3,\"name\":\"Scanner Fujitsu ScanSnap iX1500\"}]},{\"@type\":\"WebSite\",\"@id\":\"https:\/\/digitalsystems-rs.com.br\/produtos\/#website\",\"url\":\"https:\/\/digitalsystems-rs.com.br\/produtos\/\",\"name\":\"Digital Systems-RS\",\"description\":\"Outsourcing de Impress\u00e3o e Digitaliza\u00e7\u00e3o\",\"potentialAction\":[{\"@type\":\"SearchAction\",\"target\":{\"@type\":\"EntryPoint\",\"urlTemplate\":\"https:\/\/digitalsystems-rs.com.br\/produtos\/?s={search_term_string}\"},\"query-input\":{\"@type\":\"PropertyValueSpecification\",\"valueRequired\":true,\"valueName\":\"search_term_string\"}}],\"inLanguage\":\"pt-BR\"}]}<\/script>\n<!-- \/ Yoast SEO plugin. -->","yoast_head_json":{"title":"Scanner Fujitsu ScanSnap iX1500 - Digital Systems-RS","description":"O ScanSnap iX1500 \u00e9 o principal modelo da S\u00e9rie ScanSnap, com capacidade para uma digitaliza\u00e7\u00e3o r\u00e1pida de grandes volumes de papel. Simplifica o processo...","robots":{"index":"index","follow":"follow","max-snippet":"max-snippet:-1","max-image-preview":"max-image-preview:large","max-video-preview":"max-video-preview:-1"},"canonical":"https:\/\/digitalsystems-rs.com.br\/produtos\/produto\/scanner-de-mesa-fujitsu-scansnap\/","og_locale":"pt_BR","og_type":"article","og_title":"Scanner Fujitsu ScanSnap iX1500 - Digital Systems-RS","og_description":"O ScanSnap iX1500 \u00e9 o principal modelo da S\u00e9rie ScanSnap, com capacidade para uma digitaliza\u00e7\u00e3o r\u00e1pida de grandes volumes de papel. Simplifica o processo...","og_url":"https:\/\/digitalsystems-rs.com.br\/produtos\/produto\/scanner-de-mesa-fujitsu-scansnap\/","og_site_name":"Digital Systems-RS","article_modified_time":"2025-01-27T13:16:16+00:00","og_image":[{"width":400,"height":419,"url":"https:\/\/digitalsystems-rs.com.br\/produtos\/wp-content\/uploads\/2020\/02\/Scanne_fujitsu_scansnap.png","type":"image\/png"}],"twitter_card":"summary_large_image","twitter_misc":{"Est. tempo de leitura":"2 minutos"},"schema":{"@context":"https:\/\/schema.org","@graph":[{"@type":"WebPage","@id":"https:\/\/digitalsystems-rs.com.br\/produtos\/produto\/scanner-de-mesa-fujitsu-scansnap\/","url":"https:\/\/digitalsystems-rs.com.br\/produtos\/produto\/scanner-de-mesa-fujitsu-scansnap\/","name":"Scanner Fujitsu ScanSnap iX1500 - Digital Systems-RS","isPartOf":{"@id":"https:\/\/digitalsystems-rs.com.br\/produtos\/#website"},"primaryImageOfPage":{"@id":"https:\/\/digitalsystems-rs.com.br\/produtos\/produto\/scanner-de-mesa-fujitsu-scansnap\/#primaryimage"},"image":{"@id":"https:\/\/digitalsystems-rs.com.br\/produtos\/produto\/scanner-de-mesa-fujitsu-scansnap\/#primaryimage"},"thumbnailUrl":"https:\/\/digitalsystems-rs.com.br\/produtos\/wp-content\/uploads\/2020\/02\/Scanne_fujitsu_scansnap.png","datePublished":"2020-02-17T15:54:32+00:00","dateModified":"2025-01-27T13:16:16+00:00","description":"O ScanSnap iX1500 \u00e9 o principal modelo da S\u00e9rie ScanSnap, com capacidade para uma digitaliza\u00e7\u00e3o r\u00e1pida de grandes volumes de papel. Simplifica o processo...","breadcrumb":{"@id":"https:\/\/digitalsystems-rs.com.br\/produtos\/produto\/scanner-de-mesa-fujitsu-scansnap\/#breadcrumb"},"inLanguage":"pt-BR","potentialAction":[{"@type":"ReadAction","target":["https:\/\/digitalsystems-rs.com.br\/produtos\/produto\/scanner-de-mesa-fujitsu-scansnap\/"]}]},{"@type":"ImageObject","inLanguage":"pt-BR","@id":"https:\/\/digitalsystems-rs.com.br\/produtos\/produto\/scanner-de-mesa-fujitsu-scansnap\/#primaryimage","url":"https:\/\/digitalsystems-rs.com.br\/produtos\/wp-content\/uploads\/2020\/02\/Scanne_fujitsu_scansnap.png","contentUrl":"https:\/\/digitalsystems-rs.com.br\/produtos\/wp-content\/uploads\/2020\/02\/Scanne_fujitsu_scansnap.png","width":400,"height":419},{"@type":"BreadcrumbList","@id":"https:\/\/digitalsystems-rs.com.br\/produtos\/produto\/scanner-de-mesa-fujitsu-scansnap\/#breadcrumb","itemListElement":[{"@type":"ListItem","position":1,"name":"In\u00edcio","item":"https:\/\/digitalsystems-rs.com.br\/produtos\/"},{"@type":"ListItem","position":2,"name":"Products","item":"https:\/\/digitalsystems-rs.com.br\/produtos\/shop\/"},{"@type":"ListItem","position":3,"name":"Scanner Fujitsu ScanSnap iX1500"}]},{"@type":"WebSite","@id":"https:\/\/digitalsystems-rs.com.br\/produtos\/#website","url":"https:\/\/digitalsystems-rs.com.br\/produtos\/","name":"Digital Systems-RS","description":"Outsourcing de Impress\u00e3o e Digitaliza\u00e7\u00e3o","potentialAction":[{"@type":"SearchAction","target":{"@type":"EntryPoint","urlTemplate":"https:\/\/digitalsystems-rs.com.br\/produtos\/?s={search_term_string}"},"query-input":{"@type":"PropertyValueSpecification","valueRequired":true,"valueName":"search_term_string"}}],"inLanguage":"pt-BR"}]}},"_links":{"self":[{"href":"https:\/\/digitalsystems-rs.com.br\/produtos\/wp-json\/wp\/v2\/product\/1849","targetHints":{"allow":["GET"]}}],"collection":[{"href":"https:\/\/digitalsystems-rs.com.br\/produtos\/wp-json\/wp\/v2\/product"}],"about":[{"href":"https:\/\/digitalsystems-rs.com.br\/produtos\/wp-json\/wp\/v2\/types\/product"}],"wp:featuredmedia":[{"embeddable":true,"href":"https:\/\/digitalsystems-rs.com.br\/produtos\/wp-json\/wp\/v2\/media\/1850"}],"wp:attachment":[{"href":"https:\/\/digitalsystems-rs.com.br\/produtos\/wp-json\/wp\/v2\/media?parent=1849"}],"wp:term":[{"taxonomy":"product_brand","embeddable":true,"href":"https:\/\/digitalsystems-rs.com.br\/produtos\/wp-json\/wp\/v2\/product_brand?post=1849"},{"taxonomy":"product_cat","embeddable":true,"href":"https:\/\/digitalsystems-rs.com.br\/produtos\/wp-json\/wp\/v2\/product_cat?post=1849"},{"taxonomy":"product_tag","embeddable":true,"href":"https:\/\/digitalsystems-rs.com.br\/produtos\/wp-json\/wp\/v2\/product_tag?post=1849"}],"curies":[{"name":"wp","href":"https:\/\/api.w.org\/{rel}","templated":true}]}}