{"id":2719,"date":"2024-04-09T13:26:10","date_gmt":"2024-04-09T16:26:10","guid":{"rendered":"https:\/\/digitalsystems-rs.com.br\/produtos\/?post_type=product&#038;p=2719"},"modified":"2025-01-27T10:14:32","modified_gmt":"2025-01-27T13:14:32","slug":"ricoh-im-370f","status":"publish","type":"product","link":"https:\/\/digitalsystems-rs.com.br\/produtos\/produto\/ricoh-im-370f\/","title":{"rendered":"RICOH IM 370F"},"content":{"rendered":"<p><strong>Configura\u00e7\u00e3o<\/strong><\/p>\n<p>\u00c1rea de Trabalho<\/p>\n<p><strong>Processo de Impress\u00e3o<\/strong><\/p>\n<p>Impress\u00e3o eletrofotogr\u00e1fica a laser em PB<\/p>\n<p><strong>Painel de controle<\/strong><\/p>\n<p>Painel de opera\u00e7\u00e3o inteligente de 7&#8243;<\/p>\n<p><strong>Cor<\/strong><\/p>\n<p>Preto e Branco<\/p>\n<p><strong>Velocidade de sa\u00edda Copiar\/Imprimir<\/strong><\/p>\n<p>37 ppm<\/p>\n<p><strong>Tempo de sa\u00edda da primeira pagina<\/strong><\/p>\n<p>Menos de 5 segundos<\/p>\n<p><strong>Hora de aquecimento<\/strong><\/p>\n<p>Menos de 32 segundos<\/p>\n<p><strong>Resolu\u00e7\u00e3o<\/strong><\/p>\n<p>1200 x 1200 dpi<\/p>\n<p><strong>Memoria do sistema<\/strong><\/p>\n<p>6 GB (Mainframe 2 GB + SOP 4 GB)<\/p>\n<p><strong>Quantidade m\u00e1xima de c\u00f3pia<\/strong><\/p>\n<p>At\u00e9 999 c\u00f3pias<\/p>\n<p><strong>Alimentador de documentos de passagem \u00fanica (SPDF)<\/strong><\/p>\n<p>50 folhas<\/p>\n<p><strong>Faixa de zoom<\/strong><\/p>\n<p>25% a 400% em incrementos de 1%<\/p>\n<p><strong>Tamanhos de papel suportados<\/strong><\/p>\n<p>Bandeja de papel: 4&#8243; x 6&#8243; &#8211; 8,5&#8243; x 11&#8243; (A4 &#8211; A6)<br \/>\nBypass: At\u00e9 11,69&#8243; x 35&#8243;, Envelopes<\/p>\n<p><strong>Pesos de papel suportados<\/strong><\/p>\n<p>Bandejas padr\u00e3o: \u00cdndice de 16 &#8211; 40 lb.\/90 lb. (60 &#8211; 162 g\/m2)<br \/>\nBandeja manual: \u00cdndice de 14 &#8211; 80 lb.\/166 lb. (52 &#8211; 216 g\/m2)<\/p>\n<p><strong>Capacidade de papel padr\u00e3o<\/strong><\/p>\n<p>600 folhas<\/p>\n<p><strong>Capacidade M\u00e1xima de Papel<\/strong><\/p>\n<p>2.100 folhas<\/p>\n<p><strong>Capacidade de sa\u00edda padr\u00e3o<\/strong><\/p>\n<p>250 folhas<\/p>\n<p><strong>Fonte de energia<\/strong><\/p>\n<p>120 &#8211; 127V\/60Hz<\/p>\n<p><strong>Dimens\u00f5es L x P x A<\/strong><\/p>\n<p>14,7&#8243; \u00d7 19,4&#8243; \u00d7 25,2&#8243;<\/p>\n<p><strong>Peso<\/strong><\/p>\n<p>41kg<\/p>\n","protected":false},"excerpt":{"rendered":"<div id=\"produtoDireita\">\n<div class=\"content-navigation center-size\">\n<div class=\"content-bottom-border\">\n<div id=\"product-gallery-details\">\n<div id=\"ctl00_cphCorpo_divCaracteristica\" class=\"col-list\">\n<div id=\"produtoDireita\">\n<div class=\"content-navigation center-size\">\n<div class=\"content-bottom-border\">\n<div id=\"product-gallery-details\">\n<div id=\"ctl00_cphCorpo_divCaracteristica\" class=\"col-list\"><\/div>\n<div>\n<div id=\"produtoDireita\">\n<h3>Impress\u00e3o confi\u00e1vel a um custo acess\u00edvel<\/h3>\n<ul>\n<li>Imprime at\u00e9 37 ppm, copia, digitaliza, envia fax<\/li>\n<li>Resolu\u00e7\u00e3o m\u00e1xima de impress\u00e3o de 1200 x 1200 dpi<\/li>\n<li>Capacidade de papel at\u00e9 2.100 p\u00e1ginas<\/li>\n<li>Tela sens\u00edvel ao toque capacitiva e CPU r\u00e1pida para uma experi\u00eancia de usu\u00e1rio tranquila<\/li>\n<\/ul>\n<p>&nbsp;<\/p>\n<\/div>\n<\/div>\n<\/div>\n<\/div>\n<\/div>\n<\/div>\n<div class=\"limpa\"><a class=\"qbutton small center white default\" style=\"color: #ffffff; background-color: #000000;\" href=\"https:\/\/digitalsystems-rs.com.br\/contato.html\" target=\"_blank\" rel=\"noopener noreferrer\" data-hover-background-color=\"#dd3333\" data-hover-color=\"#ffffff\">Entrar em Contato<\/a><\/div>\n<\/div>\n<\/div>\n<\/div>\n<\/div>\n<\/div>\n","protected":false},"featured_media":2720,"template":"","meta":[],"product_brand":[],"product_cat":[20,24],"product_tag":[],"class_list":{"0":"post-2719","1":"product","2":"type-product","3":"status-publish","4":"has-post-thumbnail","6":"product_cat-monocromaticos","7":"product_cat-ricoh","9":"first","10":"instock","11":"virtual","12":"product-type-simple"},"yoast_head":"<!-- This site is optimized with the Yoast SEO plugin v27.2 - https:\/\/yoast.com\/product\/yoast-seo-wordpress\/ -->\n<title>RICOH IM 370F - Digital Systems-RS - Outsourcing de Impress\u00e3o<\/title>\n<meta name=\"description\" content=\"A impressora multifuncional Ricoh IM 370F veio para simplificar fluxos de impress\u00f5es e de trabalho digitais em grandes escalas.\" \/>\n<meta name=\"robots\" content=\"index, follow, max-snippet:-1, max-image-preview:large, max-video-preview:-1\" \/>\n<link rel=\"canonical\" href=\"https:\/\/digitalsystems-rs.com.br\/produtos\/produto\/ricoh-im-370f\/\" \/>\n<meta property=\"og:locale\" content=\"pt_BR\" \/>\n<meta property=\"og:type\" content=\"article\" \/>\n<meta property=\"og:title\" content=\"RICOH IM 370F - Digital Systems-RS - Outsourcing de Impress\u00e3o\" \/>\n<meta property=\"og:description\" content=\"A impressora multifuncional Ricoh IM 370F veio para simplificar fluxos de impress\u00f5es e de trabalho digitais em grandes escalas.\" \/>\n<meta property=\"og:url\" content=\"https:\/\/digitalsystems-rs.com.br\/produtos\/produto\/ricoh-im-370f\/\" \/>\n<meta property=\"og:site_name\" content=\"Digital Systems-RS\" \/>\n<meta property=\"article:modified_time\" content=\"2025-01-27T13:14:32+00:00\" \/>\n<meta property=\"og:image\" content=\"https:\/\/digitalsystems-rs.com.br\/produtos\/wp-content\/uploads\/2024\/04\/digital-systems-produtos-ricoh-im-370F-01.jpg\" \/>\n\t<meta property=\"og:image:width\" content=\"508\" \/>\n\t<meta property=\"og:image:height\" content=\"524\" \/>\n\t<meta property=\"og:image:type\" content=\"image\/jpeg\" \/>\n<meta name=\"twitter:card\" content=\"summary_large_image\" \/>\n<meta name=\"twitter:label1\" content=\"Est. tempo de leitura\" \/>\n\t<meta name=\"twitter:data1\" content=\"2 minutos\" \/>\n<script type=\"application\/ld+json\" class=\"yoast-schema-graph\">{\"@context\":\"https:\/\/schema.org\",\"@graph\":[{\"@type\":\"WebPage\",\"@id\":\"https:\/\/digitalsystems-rs.com.br\/produtos\/produto\/ricoh-im-370f\/\",\"url\":\"https:\/\/digitalsystems-rs.com.br\/produtos\/produto\/ricoh-im-370f\/\",\"name\":\"RICOH IM 370F - Digital Systems-RS - Outsourcing de Impress\u00e3o\",\"isPartOf\":{\"@id\":\"https:\/\/digitalsystems-rs.com.br\/produtos\/#website\"},\"primaryImageOfPage\":{\"@id\":\"https:\/\/digitalsystems-rs.com.br\/produtos\/produto\/ricoh-im-370f\/#primaryimage\"},\"image\":{\"@id\":\"https:\/\/digitalsystems-rs.com.br\/produtos\/produto\/ricoh-im-370f\/#primaryimage\"},\"thumbnailUrl\":\"https:\/\/digitalsystems-rs.com.br\/produtos\/wp-content\/uploads\/2024\/04\/digital-systems-produtos-ricoh-im-370F-01.jpg\",\"datePublished\":\"2024-04-09T16:26:10+00:00\",\"dateModified\":\"2025-01-27T13:14:32+00:00\",\"description\":\"A impressora multifuncional Ricoh IM 370F veio para simplificar fluxos de impress\u00f5es e de trabalho digitais em grandes escalas.\",\"breadcrumb\":{\"@id\":\"https:\/\/digitalsystems-rs.com.br\/produtos\/produto\/ricoh-im-370f\/#breadcrumb\"},\"inLanguage\":\"pt-BR\",\"potentialAction\":[{\"@type\":\"ReadAction\",\"target\":[\"https:\/\/digitalsystems-rs.com.br\/produtos\/produto\/ricoh-im-370f\/\"]}]},{\"@type\":\"ImageObject\",\"inLanguage\":\"pt-BR\",\"@id\":\"https:\/\/digitalsystems-rs.com.br\/produtos\/produto\/ricoh-im-370f\/#primaryimage\",\"url\":\"https:\/\/digitalsystems-rs.com.br\/produtos\/wp-content\/uploads\/2024\/04\/digital-systems-produtos-ricoh-im-370F-01.jpg\",\"contentUrl\":\"https:\/\/digitalsystems-rs.com.br\/produtos\/wp-content\/uploads\/2024\/04\/digital-systems-produtos-ricoh-im-370F-01.jpg\",\"width\":508,\"height\":524},{\"@type\":\"BreadcrumbList\",\"@id\":\"https:\/\/digitalsystems-rs.com.br\/produtos\/produto\/ricoh-im-370f\/#breadcrumb\",\"itemListElement\":[{\"@type\":\"ListItem\",\"position\":1,\"name\":\"In\u00edcio\",\"item\":\"https:\/\/digitalsystems-rs.com.br\/produtos\/\"},{\"@type\":\"ListItem\",\"position\":2,\"name\":\"Products\",\"item\":\"https:\/\/digitalsystems-rs.com.br\/produtos\/shop\/\"},{\"@type\":\"ListItem\",\"position\":3,\"name\":\"RICOH IM 370F\"}]},{\"@type\":\"WebSite\",\"@id\":\"https:\/\/digitalsystems-rs.com.br\/produtos\/#website\",\"url\":\"https:\/\/digitalsystems-rs.com.br\/produtos\/\",\"name\":\"Digital Systems-RS\",\"description\":\"Outsourcing de Impress\u00e3o e Digitaliza\u00e7\u00e3o\",\"potentialAction\":[{\"@type\":\"SearchAction\",\"target\":{\"@type\":\"EntryPoint\",\"urlTemplate\":\"https:\/\/digitalsystems-rs.com.br\/produtos\/?s={search_term_string}\"},\"query-input\":{\"@type\":\"PropertyValueSpecification\",\"valueRequired\":true,\"valueName\":\"search_term_string\"}}],\"inLanguage\":\"pt-BR\"}]}<\/script>\n<!-- \/ Yoast SEO plugin. -->","yoast_head_json":{"title":"RICOH IM 370F - Digital Systems-RS - Outsourcing de Impress\u00e3o","description":"A impressora multifuncional Ricoh IM 370F veio para simplificar fluxos de impress\u00f5es e de trabalho digitais em grandes escalas.","robots":{"index":"index","follow":"follow","max-snippet":"max-snippet:-1","max-image-preview":"max-image-preview:large","max-video-preview":"max-video-preview:-1"},"canonical":"https:\/\/digitalsystems-rs.com.br\/produtos\/produto\/ricoh-im-370f\/","og_locale":"pt_BR","og_type":"article","og_title":"RICOH IM 370F - Digital Systems-RS - Outsourcing de Impress\u00e3o","og_description":"A impressora multifuncional Ricoh IM 370F veio para simplificar fluxos de impress\u00f5es e de trabalho digitais em grandes escalas.","og_url":"https:\/\/digitalsystems-rs.com.br\/produtos\/produto\/ricoh-im-370f\/","og_site_name":"Digital Systems-RS","article_modified_time":"2025-01-27T13:14:32+00:00","og_image":[{"width":508,"height":524,"url":"https:\/\/digitalsystems-rs.com.br\/produtos\/wp-content\/uploads\/2024\/04\/digital-systems-produtos-ricoh-im-370F-01.jpg","type":"image\/jpeg"}],"twitter_card":"summary_large_image","twitter_misc":{"Est. tempo de leitura":"2 minutos"},"schema":{"@context":"https:\/\/schema.org","@graph":[{"@type":"WebPage","@id":"https:\/\/digitalsystems-rs.com.br\/produtos\/produto\/ricoh-im-370f\/","url":"https:\/\/digitalsystems-rs.com.br\/produtos\/produto\/ricoh-im-370f\/","name":"RICOH IM 370F - Digital Systems-RS - Outsourcing de Impress\u00e3o","isPartOf":{"@id":"https:\/\/digitalsystems-rs.com.br\/produtos\/#website"},"primaryImageOfPage":{"@id":"https:\/\/digitalsystems-rs.com.br\/produtos\/produto\/ricoh-im-370f\/#primaryimage"},"image":{"@id":"https:\/\/digitalsystems-rs.com.br\/produtos\/produto\/ricoh-im-370f\/#primaryimage"},"thumbnailUrl":"https:\/\/digitalsystems-rs.com.br\/produtos\/wp-content\/uploads\/2024\/04\/digital-systems-produtos-ricoh-im-370F-01.jpg","datePublished":"2024-04-09T16:26:10+00:00","dateModified":"2025-01-27T13:14:32+00:00","description":"A impressora multifuncional Ricoh IM 370F veio para simplificar fluxos de impress\u00f5es e de trabalho digitais em grandes escalas.","breadcrumb":{"@id":"https:\/\/digitalsystems-rs.com.br\/produtos\/produto\/ricoh-im-370f\/#breadcrumb"},"inLanguage":"pt-BR","potentialAction":[{"@type":"ReadAction","target":["https:\/\/digitalsystems-rs.com.br\/produtos\/produto\/ricoh-im-370f\/"]}]},{"@type":"ImageObject","inLanguage":"pt-BR","@id":"https:\/\/digitalsystems-rs.com.br\/produtos\/produto\/ricoh-im-370f\/#primaryimage","url":"https:\/\/digitalsystems-rs.com.br\/produtos\/wp-content\/uploads\/2024\/04\/digital-systems-produtos-ricoh-im-370F-01.jpg","contentUrl":"https:\/\/digitalsystems-rs.com.br\/produtos\/wp-content\/uploads\/2024\/04\/digital-systems-produtos-ricoh-im-370F-01.jpg","width":508,"height":524},{"@type":"BreadcrumbList","@id":"https:\/\/digitalsystems-rs.com.br\/produtos\/produto\/ricoh-im-370f\/#breadcrumb","itemListElement":[{"@type":"ListItem","position":1,"name":"In\u00edcio","item":"https:\/\/digitalsystems-rs.com.br\/produtos\/"},{"@type":"ListItem","position":2,"name":"Products","item":"https:\/\/digitalsystems-rs.com.br\/produtos\/shop\/"},{"@type":"ListItem","position":3,"name":"RICOH IM 370F"}]},{"@type":"WebSite","@id":"https:\/\/digitalsystems-rs.com.br\/produtos\/#website","url":"https:\/\/digitalsystems-rs.com.br\/produtos\/","name":"Digital Systems-RS","description":"Outsourcing de Impress\u00e3o e Digitaliza\u00e7\u00e3o","potentialAction":[{"@type":"SearchAction","target":{"@type":"EntryPoint","urlTemplate":"https:\/\/digitalsystems-rs.com.br\/produtos\/?s={search_term_string}"},"query-input":{"@type":"PropertyValueSpecification","valueRequired":true,"valueName":"search_term_string"}}],"inLanguage":"pt-BR"}]}},"_links":{"self":[{"href":"https:\/\/digitalsystems-rs.com.br\/produtos\/wp-json\/wp\/v2\/product\/2719","targetHints":{"allow":["GET"]}}],"collection":[{"href":"https:\/\/digitalsystems-rs.com.br\/produtos\/wp-json\/wp\/v2\/product"}],"about":[{"href":"https:\/\/digitalsystems-rs.com.br\/produtos\/wp-json\/wp\/v2\/types\/product"}],"wp:featuredmedia":[{"embeddable":true,"href":"https:\/\/digitalsystems-rs.com.br\/produtos\/wp-json\/wp\/v2\/media\/2720"}],"wp:attachment":[{"href":"https:\/\/digitalsystems-rs.com.br\/produtos\/wp-json\/wp\/v2\/media?parent=2719"}],"wp:term":[{"taxonomy":"product_brand","embeddable":true,"href":"https:\/\/digitalsystems-rs.com.br\/produtos\/wp-json\/wp\/v2\/product_brand?post=2719"},{"taxonomy":"product_cat","embeddable":true,"href":"https:\/\/digitalsystems-rs.com.br\/produtos\/wp-json\/wp\/v2\/product_cat?post=2719"},{"taxonomy":"product_tag","embeddable":true,"href":"https:\/\/digitalsystems-rs.com.br\/produtos\/wp-json\/wp\/v2\/product_tag?post=2719"}],"curies":[{"name":"wp","href":"https:\/\/api.w.org\/{rel}","templated":true}]}}