{"id":2727,"date":"2024-04-12T16:16:39","date_gmt":"2024-04-12T19:16:39","guid":{"rendered":"https:\/\/digitalsystems-rs.com.br\/produtos\/?post_type=product&#038;p=2727"},"modified":"2025-01-27T10:13:31","modified_gmt":"2025-01-27T13:13:31","slug":"pantum-m7310dw","status":"publish","type":"product","link":"https:\/\/digitalsystems-rs.com.br\/produtos\/produto\/pantum-m7310dw\/","title":{"rendered":"Pantum M7310DW"},"content":{"rendered":"<p><strong>Velocidade de Impress\u00e3o<\/strong><\/p>\n<p>33ppm(A4) \/ 35ppm(Carta)<\/p>\n<p><strong>Tempo de sa\u00edda da primeira impress\u00e3o<\/strong><\/p>\n<p>\u22648.5s<\/p>\n<p><strong>Ciclo de Funcionamento Mensal M\u00e1ximo<\/strong><\/p>\n<p>60.000 folhas<\/p>\n<p><strong>Cor<\/strong><\/p>\n<p>Preto e Branco<\/p>\n<p><strong>Volume de P\u00e1ginas Mensal Recomendado<\/strong><\/p>\n<p>750 at\u00e9 3.500 folhas<\/p>\n<p><strong>Linguagem de Impress\u00e3o<\/strong><\/p>\n<p>PCL5e\u3001PCL6\u3001PS3\u3001PDF<\/p>\n<p><strong>Velocidade do Processador<\/strong><\/p>\n<p>800MHz<\/p>\n<p><strong>Mem\u00f3ria do Sistema<\/strong><\/p>\n<p>512MB de RAM<\/p>\n<p><b>Impress\u00e3o frente e verso<\/b><\/p>\n<p>Autom\u00e1tico<\/p>\n<p><strong>FLASH<\/strong><\/p>\n<p>256MB<\/p>\n<p><strong>Painel de Opera\u00e7\u00f5es<\/strong><\/p>\n<p>3,5 polegadas<\/p>\n<p><strong>Impress\u00e3o USB<\/strong><\/p>\n<p>Sim<\/p>\n<p><strong>Impress\u00e3o Segura<\/strong><\/p>\n<p>Sim<\/p>\n<p><strong>Impress\u00e3o do Google Nuvem<\/strong><\/p>\n<p>Sim<\/p>\n<p><strong>Conex\u00e3o NFC<\/strong><\/p>\n<p>Sim<\/p>\n<p><strong>Wi-fi<\/strong><\/p>\n<p>5G &amp; 2.4G<\/p>\n<p><strong>Velocidade de C\u00f3pia\u00a0<\/strong><\/p>\n<p>33cpm(A4) \/ 35cpm(Carta)<\/p>\n<p><strong>Tempo de sa\u00edda da primeira c\u00f3pia<\/strong><\/p>\n<p>Mesa: menos de 10 s; ADF: menos de 11 s<\/p>\n<p><strong>P\u00e1ginas de c\u00f3pia seguida<\/strong><\/p>\n<p>99 filhas<\/p>\n<p><strong>Zoom<\/strong><\/p>\n<p>25%~400%<\/p>\n<p><strong>Bandeja de Entrada de Papel<\/strong><\/p>\n<p>250 folhas<\/p>\n<p><strong>Bandeja de Sa\u00edda de Papel<\/strong><\/p>\n<p>150 folhas (A4\/70g)<\/p>\n<p><strong>Tamanho do Material<\/strong><\/p>\n<p>A4, A5, JIS B5, IS0 B5 , A6, Carta, Jur\u00eddico,Executivo, F\u00f3lio, Of\u00edcio, Declara\u00e7\u00e3o, Cart\u00e3o Postal Japon\u00eas, ZL, 16k Grande, 32K Grande, 16K, 32K, B6, Yougata4, Cart\u00e3o Postal, Younaga3, Nagagata3, Yougata2<\/p>\n<p><strong>Peso do Material<\/strong><\/p>\n<p>Bandeja de entrada: 60-105g \/ Bandeja multiuso: 60-200g \/ \u33a1<\/p>\n<p><strong>Dimens\u00f5es<\/strong><\/p>\n<p>415mm * 360mm * 352mm<\/p>\n<p><strong>Peso<\/strong><\/p>\n<p>13,71kg<\/p>\n<p><strong>Consumo de Energia<\/strong><\/p>\n<p>Impress\u00e3o: 52dB (A) C\u00f3pia: 54dB (A)<br \/>\nDigitaliza\u00e7\u00e3o: 52dB (A) Repouso: 30dB (A)<\/p>\n","protected":false},"excerpt":{"rendered":"<div id=\"produtoDireita\">\n<div class=\"content-navigation center-size\">\n<div class=\"content-bottom-border\">\n<div id=\"product-gallery-details\">\n<div id=\"ctl00_cphCorpo_divCaracteristica\" class=\"col-list\">\n<div id=\"produtoDireita\">\n<div class=\"content-navigation center-size\">\n<div class=\"content-bottom-border\">\n<div id=\"product-gallery-details\">\n<div id=\"ctl00_cphCorpo_divCaracteristica\" class=\"col-list\"><\/div>\n<div>\n<div id=\"produtoDireita\">\n<h2 class=\"pro_title f-38 fb\">M7310DW multifuncional laser monocrom\u00e1tica<\/h2>\n<ul>\n<li>M\u00e9todo de conex\u00e3o: USB + NET + WIFI<\/li>\n<li class=\"\">Suporte ao aplicativo Airprint\/Mopria\/Pantum<\/li>\n<li>Velocidade de impress\u00e3o: 33ppm<\/li>\n<li class=\"\">Cartucho de toner opcional para 11.000 p\u00e1ginas<\/li>\n<li>Conectividade NFC (apenas para Android)<\/li>\n<\/ul>\n<p>&nbsp;<\/p>\n<\/div>\n<\/div>\n<\/div>\n<\/div>\n<\/div>\n<\/div>\n<div class=\"limpa\"><a class=\"qbutton small center white default\" style=\"color: #ffffff; background-color: #000000;\" href=\"https:\/\/digitalsystems-rs.com.br\/contato.html\" target=\"_blank\" rel=\"noopener noreferrer\" data-hover-background-color=\"#dd3333\" data-hover-color=\"#ffffff\">Entrar em Contato<\/a><\/div>\n<\/div>\n<\/div>\n<\/div>\n<\/div>\n<\/div>\n","protected":false},"featured_media":2729,"template":"","meta":[],"product_brand":[],"product_cat":[20,30],"product_tag":[],"class_list":{"0":"post-2727","1":"product","2":"type-product","3":"status-publish","4":"has-post-thumbnail","6":"product_cat-monocromaticos","7":"product_cat-pantum","9":"first","10":"instock","11":"virtual","12":"product-type-simple"},"yoast_head":"<!-- This site is optimized with the Yoast SEO plugin v27.2 - https:\/\/yoast.com\/product\/yoast-seo-wordpress\/ -->\n<title>Pantum M7310DW - Digital Systems-RS - Outsourcing de Impress\u00e3o<\/title>\n<meta name=\"description\" content=\"A impressora multifuncional Pantum M7310DW veio para simplificar fluxos de impress\u00f5es e de trabalho digitais em grandes escalas.\" \/>\n<meta name=\"robots\" content=\"index, follow, max-snippet:-1, max-image-preview:large, max-video-preview:-1\" \/>\n<link rel=\"canonical\" href=\"https:\/\/digitalsystems-rs.com.br\/produtos\/produto\/pantum-m7310dw\/\" \/>\n<meta property=\"og:locale\" content=\"pt_BR\" \/>\n<meta property=\"og:type\" content=\"article\" \/>\n<meta property=\"og:title\" content=\"Pantum M7310DW - Digital Systems-RS - Outsourcing de Impress\u00e3o\" \/>\n<meta property=\"og:description\" content=\"A impressora multifuncional Pantum M7310DW veio para simplificar fluxos de impress\u00f5es e de trabalho digitais em grandes escalas.\" \/>\n<meta property=\"og:url\" content=\"https:\/\/digitalsystems-rs.com.br\/produtos\/produto\/pantum-m7310dw\/\" \/>\n<meta property=\"og:site_name\" content=\"Digital Systems-RS\" \/>\n<meta property=\"article:modified_time\" content=\"2025-01-27T13:13:31+00:00\" \/>\n<meta property=\"og:image\" content=\"https:\/\/digitalsystems-rs.com.br\/produtos\/wp-content\/uploads\/2024\/04\/digital-systems-produtos-pantum-m7310dw-02.jpg\" \/>\n\t<meta property=\"og:image:width\" content=\"800\" \/>\n\t<meta property=\"og:image:height\" content=\"689\" \/>\n\t<meta property=\"og:image:type\" content=\"image\/jpeg\" \/>\n<meta name=\"twitter:card\" content=\"summary_large_image\" \/>\n<meta name=\"twitter:label1\" content=\"Est. tempo de leitura\" \/>\n\t<meta name=\"twitter:data1\" content=\"2 minutos\" \/>\n<script type=\"application\/ld+json\" class=\"yoast-schema-graph\">{\"@context\":\"https:\/\/schema.org\",\"@graph\":[{\"@type\":\"WebPage\",\"@id\":\"https:\/\/digitalsystems-rs.com.br\/produtos\/produto\/pantum-m7310dw\/\",\"url\":\"https:\/\/digitalsystems-rs.com.br\/produtos\/produto\/pantum-m7310dw\/\",\"name\":\"Pantum M7310DW - Digital Systems-RS - Outsourcing de Impress\u00e3o\",\"isPartOf\":{\"@id\":\"https:\/\/digitalsystems-rs.com.br\/produtos\/#website\"},\"primaryImageOfPage\":{\"@id\":\"https:\/\/digitalsystems-rs.com.br\/produtos\/produto\/pantum-m7310dw\/#primaryimage\"},\"image\":{\"@id\":\"https:\/\/digitalsystems-rs.com.br\/produtos\/produto\/pantum-m7310dw\/#primaryimage\"},\"thumbnailUrl\":\"https:\/\/digitalsystems-rs.com.br\/produtos\/wp-content\/uploads\/2024\/04\/digital-systems-produtos-pantum-m7310dw-02.jpg\",\"datePublished\":\"2024-04-12T19:16:39+00:00\",\"dateModified\":\"2025-01-27T13:13:31+00:00\",\"description\":\"A impressora multifuncional Pantum M7310DW veio para simplificar fluxos de impress\u00f5es e de trabalho digitais em grandes escalas.\",\"breadcrumb\":{\"@id\":\"https:\/\/digitalsystems-rs.com.br\/produtos\/produto\/pantum-m7310dw\/#breadcrumb\"},\"inLanguage\":\"pt-BR\",\"potentialAction\":[{\"@type\":\"ReadAction\",\"target\":[\"https:\/\/digitalsystems-rs.com.br\/produtos\/produto\/pantum-m7310dw\/\"]}]},{\"@type\":\"ImageObject\",\"inLanguage\":\"pt-BR\",\"@id\":\"https:\/\/digitalsystems-rs.com.br\/produtos\/produto\/pantum-m7310dw\/#primaryimage\",\"url\":\"https:\/\/digitalsystems-rs.com.br\/produtos\/wp-content\/uploads\/2024\/04\/digital-systems-produtos-pantum-m7310dw-02.jpg\",\"contentUrl\":\"https:\/\/digitalsystems-rs.com.br\/produtos\/wp-content\/uploads\/2024\/04\/digital-systems-produtos-pantum-m7310dw-02.jpg\",\"width\":800,\"height\":689},{\"@type\":\"BreadcrumbList\",\"@id\":\"https:\/\/digitalsystems-rs.com.br\/produtos\/produto\/pantum-m7310dw\/#breadcrumb\",\"itemListElement\":[{\"@type\":\"ListItem\",\"position\":1,\"name\":\"In\u00edcio\",\"item\":\"https:\/\/digitalsystems-rs.com.br\/produtos\/\"},{\"@type\":\"ListItem\",\"position\":2,\"name\":\"Products\",\"item\":\"https:\/\/digitalsystems-rs.com.br\/produtos\/shop\/\"},{\"@type\":\"ListItem\",\"position\":3,\"name\":\"Pantum M7310DW\"}]},{\"@type\":\"WebSite\",\"@id\":\"https:\/\/digitalsystems-rs.com.br\/produtos\/#website\",\"url\":\"https:\/\/digitalsystems-rs.com.br\/produtos\/\",\"name\":\"Digital Systems-RS\",\"description\":\"Outsourcing de Impress\u00e3o e Digitaliza\u00e7\u00e3o\",\"potentialAction\":[{\"@type\":\"SearchAction\",\"target\":{\"@type\":\"EntryPoint\",\"urlTemplate\":\"https:\/\/digitalsystems-rs.com.br\/produtos\/?s={search_term_string}\"},\"query-input\":{\"@type\":\"PropertyValueSpecification\",\"valueRequired\":true,\"valueName\":\"search_term_string\"}}],\"inLanguage\":\"pt-BR\"}]}<\/script>\n<!-- \/ Yoast SEO plugin. -->","yoast_head_json":{"title":"Pantum M7310DW - Digital Systems-RS - Outsourcing de Impress\u00e3o","description":"A impressora multifuncional Pantum M7310DW veio para simplificar fluxos de impress\u00f5es e de trabalho digitais em grandes escalas.","robots":{"index":"index","follow":"follow","max-snippet":"max-snippet:-1","max-image-preview":"max-image-preview:large","max-video-preview":"max-video-preview:-1"},"canonical":"https:\/\/digitalsystems-rs.com.br\/produtos\/produto\/pantum-m7310dw\/","og_locale":"pt_BR","og_type":"article","og_title":"Pantum M7310DW - Digital Systems-RS - Outsourcing de Impress\u00e3o","og_description":"A impressora multifuncional Pantum M7310DW veio para simplificar fluxos de impress\u00f5es e de trabalho digitais em grandes escalas.","og_url":"https:\/\/digitalsystems-rs.com.br\/produtos\/produto\/pantum-m7310dw\/","og_site_name":"Digital Systems-RS","article_modified_time":"2025-01-27T13:13:31+00:00","og_image":[{"width":800,"height":689,"url":"https:\/\/digitalsystems-rs.com.br\/produtos\/wp-content\/uploads\/2024\/04\/digital-systems-produtos-pantum-m7310dw-02.jpg","type":"image\/jpeg"}],"twitter_card":"summary_large_image","twitter_misc":{"Est. tempo de leitura":"2 minutos"},"schema":{"@context":"https:\/\/schema.org","@graph":[{"@type":"WebPage","@id":"https:\/\/digitalsystems-rs.com.br\/produtos\/produto\/pantum-m7310dw\/","url":"https:\/\/digitalsystems-rs.com.br\/produtos\/produto\/pantum-m7310dw\/","name":"Pantum M7310DW - Digital Systems-RS - Outsourcing de Impress\u00e3o","isPartOf":{"@id":"https:\/\/digitalsystems-rs.com.br\/produtos\/#website"},"primaryImageOfPage":{"@id":"https:\/\/digitalsystems-rs.com.br\/produtos\/produto\/pantum-m7310dw\/#primaryimage"},"image":{"@id":"https:\/\/digitalsystems-rs.com.br\/produtos\/produto\/pantum-m7310dw\/#primaryimage"},"thumbnailUrl":"https:\/\/digitalsystems-rs.com.br\/produtos\/wp-content\/uploads\/2024\/04\/digital-systems-produtos-pantum-m7310dw-02.jpg","datePublished":"2024-04-12T19:16:39+00:00","dateModified":"2025-01-27T13:13:31+00:00","description":"A impressora multifuncional Pantum M7310DW veio para simplificar fluxos de impress\u00f5es e de trabalho digitais em grandes escalas.","breadcrumb":{"@id":"https:\/\/digitalsystems-rs.com.br\/produtos\/produto\/pantum-m7310dw\/#breadcrumb"},"inLanguage":"pt-BR","potentialAction":[{"@type":"ReadAction","target":["https:\/\/digitalsystems-rs.com.br\/produtos\/produto\/pantum-m7310dw\/"]}]},{"@type":"ImageObject","inLanguage":"pt-BR","@id":"https:\/\/digitalsystems-rs.com.br\/produtos\/produto\/pantum-m7310dw\/#primaryimage","url":"https:\/\/digitalsystems-rs.com.br\/produtos\/wp-content\/uploads\/2024\/04\/digital-systems-produtos-pantum-m7310dw-02.jpg","contentUrl":"https:\/\/digitalsystems-rs.com.br\/produtos\/wp-content\/uploads\/2024\/04\/digital-systems-produtos-pantum-m7310dw-02.jpg","width":800,"height":689},{"@type":"BreadcrumbList","@id":"https:\/\/digitalsystems-rs.com.br\/produtos\/produto\/pantum-m7310dw\/#breadcrumb","itemListElement":[{"@type":"ListItem","position":1,"name":"In\u00edcio","item":"https:\/\/digitalsystems-rs.com.br\/produtos\/"},{"@type":"ListItem","position":2,"name":"Products","item":"https:\/\/digitalsystems-rs.com.br\/produtos\/shop\/"},{"@type":"ListItem","position":3,"name":"Pantum M7310DW"}]},{"@type":"WebSite","@id":"https:\/\/digitalsystems-rs.com.br\/produtos\/#website","url":"https:\/\/digitalsystems-rs.com.br\/produtos\/","name":"Digital Systems-RS","description":"Outsourcing de Impress\u00e3o e Digitaliza\u00e7\u00e3o","potentialAction":[{"@type":"SearchAction","target":{"@type":"EntryPoint","urlTemplate":"https:\/\/digitalsystems-rs.com.br\/produtos\/?s={search_term_string}"},"query-input":{"@type":"PropertyValueSpecification","valueRequired":true,"valueName":"search_term_string"}}],"inLanguage":"pt-BR"}]}},"_links":{"self":[{"href":"https:\/\/digitalsystems-rs.com.br\/produtos\/wp-json\/wp\/v2\/product\/2727","targetHints":{"allow":["GET"]}}],"collection":[{"href":"https:\/\/digitalsystems-rs.com.br\/produtos\/wp-json\/wp\/v2\/product"}],"about":[{"href":"https:\/\/digitalsystems-rs.com.br\/produtos\/wp-json\/wp\/v2\/types\/product"}],"wp:featuredmedia":[{"embeddable":true,"href":"https:\/\/digitalsystems-rs.com.br\/produtos\/wp-json\/wp\/v2\/media\/2729"}],"wp:attachment":[{"href":"https:\/\/digitalsystems-rs.com.br\/produtos\/wp-json\/wp\/v2\/media?parent=2727"}],"wp:term":[{"taxonomy":"product_brand","embeddable":true,"href":"https:\/\/digitalsystems-rs.com.br\/produtos\/wp-json\/wp\/v2\/product_brand?post=2727"},{"taxonomy":"product_cat","embeddable":true,"href":"https:\/\/digitalsystems-rs.com.br\/produtos\/wp-json\/wp\/v2\/product_cat?post=2727"},{"taxonomy":"product_tag","embeddable":true,"href":"https:\/\/digitalsystems-rs.com.br\/produtos\/wp-json\/wp\/v2\/product_tag?post=2727"}],"curies":[{"name":"wp","href":"https:\/\/api.w.org\/{rel}","templated":true}]}}