{"id":2731,"date":"2024-04-12T17:52:22","date_gmt":"2024-04-12T20:52:22","guid":{"rendered":"https:\/\/digitalsystems-rs.com.br\/produtos\/?post_type=product&#038;p=2731"},"modified":"2025-01-27T10:12:27","modified_gmt":"2025-01-27T13:12:27","slug":"pantum-bm5110adw","status":"publish","type":"product","link":"https:\/\/digitalsystems-rs.com.br\/produtos\/produto\/pantum-bm5110adw\/","title":{"rendered":"Pantum BM5110ADW"},"content":{"rendered":"<h4><strong>Impress\u00e3o:<\/strong><\/h4>\n<table>\n<tbody>\n<tr>\n<td width=\"240px\"><strong>Velocidade de impress\u00e3o<\/strong><\/td>\n<td>40ppm(A4)\/42ppm(Carta)<\/td>\n<\/tr>\n<tr>\n<td><strong>Tempo de sa\u00edda da primeira impress\u00e3o<\/strong><\/td>\n<td>\u22646.9 s<\/td>\n<\/tr>\n<tr>\n<td><strong>NFC<\/strong><\/td>\n<td>Sim<\/td>\n<\/tr>\n<tr>\n<td><strong>Volume mensal de p\u00e1ginas recomendado<\/strong><\/td>\n<td>750 to 4,000 P\u00e1ginas<\/td>\n<\/tr>\n<tr>\n<td><strong>Idioma da impressora<\/strong><\/td>\n<td>PCL5e\u3001PCL6\u3001PS\u3001GDI<\/td>\n<\/tr>\n<tr>\n<td><strong>Painel de controle<\/strong><\/td>\n<td>Tela sens\u00edvel ao toque de 3.5 polegadas<\/td>\n<\/tr>\n<tr>\n<td><strong>Impress\u00e3o frente e verso autom\u00e1tica<\/strong><\/td>\n<td>Sim<\/td>\n<\/tr>\n<tr>\n<td><strong>Outras fun\u00e7\u00f5es de impress\u00e3o<\/strong><\/td>\n<td>Impress\u00e3o de livreto, impress\u00e3o confidencial, impress\u00e3o em disco U, modo fino, impress\u00e3o silenciosa e assim por diante<\/td>\n<\/tr>\n<\/tbody>\n<\/table>\n<h4><strong>C\u00f3pia:<\/strong><\/h4>\n<table>\n<tbody>\n<tr>\n<td width=\"240px\"><strong>Velocidade de c\u00f3pia<\/strong><\/td>\n<td>40ppm(A4)\/42ppm(Carta)<\/td>\n<\/tr>\n<tr>\n<td><strong>Tempo de sa\u00edda da primeira c\u00f3pia<\/strong><\/td>\n<td>Mesa: Menos de 10s<br \/>\nADF: Menos de 11s<\/td>\n<\/tr>\n<tr>\n<td><strong>M\u00e1ximo de p\u00e1ginas copiadas<\/strong><\/td>\n<td>99<\/td>\n<\/tr>\n<tr>\n<td><strong>Configura\u00e7\u00f5es de redu\u00e7\u00e3o\/amplia\u00e7\u00e3o de c\u00f3pia<\/strong><\/td>\n<td>25%~400%<\/td>\n<\/tr>\n<tr>\n<td><strong>C\u00f3pia de recursos especiais<\/strong><\/td>\n<td>C\u00f3pia de identidade, c\u00f3pia de recibo, c\u00f3pia n-up, c\u00f3pia clone, c\u00f3pia de p\u00f4ster, c\u00f3pia agrupada, c\u00f3pia de marca d&#8217;\u00e1gua<\/td>\n<\/tr>\n<\/tbody>\n<\/table>\n<h4><strong>Scan:<\/strong><\/h4>\n<table>\n<tbody>\n<tr>\n<td width=\"240px\"><strong>Tipo de escaneamento<\/strong><\/td>\n<td>FB+DADF<\/td>\n<\/tr>\n<tr>\n<td><strong>Escaneamento frente e verso autom\u00e1tica<\/strong><\/td>\n<td>Sim<\/td>\n<\/tr>\n<tr>\n<td><strong>Capacidade ADF<\/strong><\/td>\n<td>50 P\u00e1ginas<\/td>\n<\/tr>\n<tr>\n<td><strong>Velocidade de escaneamento<\/strong><\/td>\n<td>24 ppm\uff08A4\uff09\uff0c25 ppm (Letter)<br \/>\n\uff08300dpi\uff0cgray scan\uff09<\/td>\n<\/tr>\n<tr>\n<td><strong>Tamanho m\u00e1ximo de escaneamento<\/strong><\/td>\n<td>FB:216\u00d7297mm;<br \/>\nADF: Jur\u00eddico<\/td>\n<\/tr>\n<tr>\n<td><strong>Destinos de escaneamento<\/strong><\/td>\n<td>Escanear para PC, E-mail, FTP, SMB, Pen drive, APP\uff08iOS\/Android\/iPad OS\uff09<\/td>\n<\/tr>\n<\/tbody>\n<\/table>\n<h4><strong>Manuseio do Papel:<\/strong><\/h4>\n<table>\n<tbody>\n<tr class=\"\">\n<td>\n<table>\n<tbody>\n<tr>\n<td width=\"240px\"><strong>Bandeja de entrada de papel<\/strong><\/td>\n<td>250 P\u00e1ginas<\/td>\n<\/tr>\n<tr>\n<td><strong>Bandeja de entrada de papel opcional<\/strong><\/td>\n<td>PT-511H\uff0c550 P\u00e1ginas(Maximo:2)<\/td>\n<\/tr>\n<tr>\n<td><strong>Bandeja multiuso<\/strong><\/td>\n<td>60 P\u00e1ginas<\/td>\n<\/tr>\n<tr>\n<td><strong>Capacidade m\u00e1xima de entrada de papel<\/strong><\/td>\n<td>1,410 P\u00e1ginas<\/td>\n<\/tr>\n<tr>\n<td><strong>Bandeja de sa\u00edda de papel<\/strong><\/td>\n<td>150 P\u00e1ginas<\/td>\n<\/tr>\n<tr>\n<td><strong>Tipos de m\u00eddia<\/strong><\/td>\n<td>Plain, Thick,ExtraThick,Thin,Recycled,Transparency, Cardstock, Label, Envelope<\/td>\n<\/tr>\n<tr>\n<td><strong>Tamanhos de m\u00eddia<\/strong><\/td>\n<td>A4, A5, JIS B5, IS0 B5, A6, Letter, Legal,Executive,Folio,Oficio,<br \/>\nStatement, Japanese Postcard, Monarch Env, DL Env, C5 Env, C6 Env, No.10 Env, ZL, Big 16K, Big 32K, 16K, 32K, B6, Yougata4, Postcard, Younaga3, Nagagata3, Yougata2<br \/>\nTamanho m\u00ednimo: 80 mm x 148 mm<br \/>\nTamanho m\u00e1ximo: 216 mm x 356 mm<\/td>\n<\/tr>\n<tr>\n<td><strong>Peso da m\u00eddia<\/strong><\/td>\n<td>Bandeja de entrada: 60-120g\/\u33a1<br \/>\nBandeja multiuso: 60-200g\/\u33a1<br \/>\nBandeja opcional: 60-120g\/\u33a1<\/td>\n<\/tr>\n<\/tbody>\n<\/table>\n<h4><strong>Outros:<\/strong><\/h4>\n<table>\n<tbody>\n<tr>\n<td width=\"240px\"><strong>Velocidade do processador<\/strong><\/td>\n<td>1.2 GHz<\/td>\n<\/tr>\n<tr>\n<td><strong>Mem\u00f3ria<\/strong><\/td>\n<td>512 MB<\/td>\n<\/tr>\n<tr>\n<td><strong>Dimens\u00f5es (L\u00d7C\u00d7A)<\/strong><\/td>\n<td>415*365*370 mm<\/td>\n<\/tr>\n<tr>\n<td><strong>Peso do produto (com cartucho)<\/strong><\/td>\n<td>12.5 kg<\/td>\n<\/tr>\n<tr>\n<td><strong>Faixa de temperatura operacional<\/strong><\/td>\n<td>Temperatura recomendada: 10\uff5e32\u2103<br \/>\nFaixa de umidade: 20% \uff5e 80%<br \/>\nAltitude\uff1a\u22643000m<\/td>\n<\/tr>\n<tr>\n<td><strong>Tens\u00e3o de entrada<\/strong><\/td>\n<td>110V: AC100-127V, 50\/60Hz, 14A<br \/>\n220V: AC220-240V, 50\/60Hz, 7A<\/td>\n<\/tr>\n<tr>\n<td><strong>Ru\u00eddo<\/strong><\/td>\n<td>Funcionamento\u226430dB(A);<br \/>\nImpress\u00e3o\u226454dB(A);<br \/>\nScan\u226454dB(A); C\u00f3pia\u226457dB(A)<\/td>\n<\/tr>\n<tr>\n<td><strong>Consumo de energia<\/strong><\/td>\n<td>M\u00e9dia de impress\u00e3o: \u2264650W<br \/>\nFuncionamento: \u226460W<br \/>\nSuspens\u00e3o: \u22641W<\/td>\n<\/tr>\n<tr>\n<td><strong>Compatibilidade do sistema operacional<\/strong><\/td>\n<td>1.MicrosoftWindows:<br \/>\nWindows Server2012\/2016\/2019\/2022\uff0864bit\uff09\u3001WinXP\uff0832bit\uff09\u3001Win7\/Win8.1\/Win10\uff0832\/64bit\uff09\u3001Win11\uff0864bit\uff092.Mac10.10\/10.11\/10.12\/10.13\/10.14\/10.15\/11.5\/11.6\/12.0.1\/12.3\/12.4\/12.5\/133.Ubuntu 16.04\uff0832\/64 Bit\uff09\u3001Ubuntu 18.04\/20.04\/22.04\uff0864 Bit\uff09LTS\u3001Debian 10.0\/11.0\uff0832\/64 Bit\uff09\u3001Astra Linux Special Edition V1.6\/V1.7\uff0864 Bit\uff09\u3001Centos 7\uff0832\/64 Bit\uff09\u3001Centos 8.2 (64 Bit)\u3001Redhat 8.0.\/9.0\uff0864 Bit\uff094.Android\uff1a 5.0 and later<br \/>\n5.iOS \uff1a7.0 and later<\/td>\n<\/tr>\n<tr>\n<td><strong>Interface<\/strong><\/td>\n<td>USB 2.0 de Alta Velocidade;<br \/>\nIEEE 802.3 10\/100\/1000Base-Tx;<br \/>\nWiFi(2.4G\/5G):IEEE 802.11a\/b\/g\/n<\/td>\n<\/tr>\n<\/tbody>\n<\/table>\n<\/td>\n<\/tr>\n<\/tbody>\n<\/table>\n<h4><strong>Acess\u00f3rios:<\/strong><\/h4>\n<table>\n<tbody>\n<tr class=\"\">\n<td>\n<table>\n<tbody>\n<tr>\n<td width=\"240px\"><strong>Modelo do cartucho<\/strong><\/td>\n<td>Cartucho de Toner e Unidade de Tambor<\/td>\n<\/tr>\n<tr>\n<td><strong>Cartucho inicial (1)<\/strong><\/td>\n<td>TL-5120P: 3,000 P\u00e1ginas<\/td>\n<\/tr>\n<tr>\n<td><strong>Unidade de cilindro inicial (2)<\/strong><\/td>\n<td>DL-5120P: 30,000 P\u00e1ginas<\/td>\n<\/tr>\n<tr>\n<td><strong>Cartucho padr\u00e3o (1)<\/strong><\/td>\n<td>TL-5120P: 3,000 P\u00e1ginas<br \/>\nTL-5120HP: 6,000 P\u00e1ginas<br \/>\nTL-5120XP: 15,000 P\u00e1ginas<\/td>\n<\/tr>\n<tr>\n<td><strong>Unidade de cilindro padr\u00e3o (2)<\/strong><\/td>\n<td>DL-5120P: 30,000 P\u00e1ginas<\/td>\n<\/tr>\n<tr>\n<td><\/td>\n<td>1. Apple, AirPrint is the trademark of Apple Inc., registered in the U.S. and other countries.<br \/>\n2. The Mopria word mark and the Mopria Logo are registered and\/or unregistered trademarks of Mopria Alliance, Inc. in the United States and other countries. Unauthorized use is strictly prohibited.<\/td>\n<\/tr>\n<tr>\n<td><\/td>\n<td>(1) Toner cartridge capacity is based on ISO 19752.<br \/>\n(2) Drum unit lifetime is based on 3 average letter\/A4-size pages per print job and 5% coverage.<br \/>\n(3) All the specifications are from Pantum internal test data. Actual specifications and performance are affected by different printing habits and printing environment.<br \/>\n(4)Monthly Duty Cycle value provides a means of comparison for product robustness in relation to other Pantum laser printer devices, and does not refer to actual maximum image output per month.<br \/>\n(5)Ao imprimir envelopes, defina o tipo de papel de impress\u00e3o para envelopes, abra a tampa traseira do dispositivo e puxe para baixo as duas al\u00e7as azuis de acordo com as instru\u00e7\u00f5es exibidas pelo driver e coloque os envelopes no alimentador multiuso para obter o melhor efeito de impress\u00e3o de envelopes.<\/td>\n<\/tr>\n<\/tbody>\n<\/table>\n<\/td>\n<\/tr>\n<\/tbody>\n<\/table>\n","protected":false},"excerpt":{"rendered":"<div id=\"produtoDireita\">\n<div class=\"content-navigation center-size\">\n<div class=\"content-bottom-border\">\n<div id=\"product-gallery-details\">\n<div id=\"ctl00_cphCorpo_divCaracteristica\" class=\"col-list\">\n<div id=\"produtoDireita\">\n<div class=\"content-navigation center-size\">\n<div class=\"content-bottom-border\">\n<div id=\"product-gallery-details\">\n<div id=\"ctl00_cphCorpo_divCaracteristica\" class=\"col-list\"><\/div>\n<div>\n<div id=\"produtoDireita\">\n<h3 class=\"pro_title f-38 fb\">BM5110ADW multifuncional laser monocrom\u00e1tica<\/h3>\n<ul>\n<li>M\u00e9todo de conex\u00e3o: USB + Rede + Wi-fi<\/li>\n<li class=\"\">Tela 3.5 &#8221; Touch Screen colorida<\/li>\n<li>Velocidade de impress\u00e3o: 40ppm<\/li>\n<li class=\"\">Toner opcional para at\u00e9 15.000 p\u00e1g.<\/li>\n<li>Digitaliza\u00e7\u00e3o frente e verso com passagem \u00fanica (ADF)<\/li>\n<\/ul>\n<p>&nbsp;<\/p>\n<\/div>\n<\/div>\n<\/div>\n<\/div>\n<\/div>\n<\/div>\n<div class=\"limpa\"><a class=\"qbutton small center white default\" style=\"color: #ffffff; background-color: #000000;\" href=\"https:\/\/digitalsystems-rs.com.br\/contato.html\" target=\"_blank\" rel=\"noopener noreferrer\" data-hover-background-color=\"#dd3333\" data-hover-color=\"#ffffff\">Entrar em Contato<\/a><\/div>\n<\/div>\n<\/div>\n<\/div>\n<\/div>\n<\/div>\n","protected":false},"featured_media":2733,"template":"","meta":[],"product_brand":[],"product_cat":[20,30],"product_tag":[],"class_list":{"0":"post-2731","1":"product","2":"type-product","3":"status-publish","4":"has-post-thumbnail","6":"product_cat-monocromaticos","7":"product_cat-pantum","9":"first","10":"instock","11":"virtual","12":"product-type-simple"},"yoast_head":"<!-- This site is optimized with the Yoast SEO plugin v27.2 - https:\/\/yoast.com\/product\/yoast-seo-wordpress\/ -->\n<title>Pantum BM5110ADW - Digital Systems-RS - Outsourcing de Impress\u00e3o<\/title>\n<meta name=\"description\" content=\"A impressora multifuncional Pantum BM5110ADW veio para simplificar fluxos de impress\u00f5es e de trabalho digitais em grandes escalas.\" \/>\n<meta name=\"robots\" content=\"index, follow, max-snippet:-1, max-image-preview:large, max-video-preview:-1\" \/>\n<link rel=\"canonical\" href=\"https:\/\/digitalsystems-rs.com.br\/produtos\/produto\/pantum-bm5110adw\/\" \/>\n<meta property=\"og:locale\" content=\"pt_BR\" \/>\n<meta property=\"og:type\" content=\"article\" \/>\n<meta property=\"og:title\" content=\"Pantum BM5110ADW - Digital Systems-RS - Outsourcing de Impress\u00e3o\" \/>\n<meta property=\"og:description\" content=\"A impressora multifuncional Pantum BM5110ADW veio para simplificar fluxos de impress\u00f5es e de trabalho digitais em grandes escalas.\" \/>\n<meta property=\"og:url\" content=\"https:\/\/digitalsystems-rs.com.br\/produtos\/produto\/pantum-bm5110adw\/\" \/>\n<meta property=\"og:site_name\" content=\"Digital Systems-RS\" \/>\n<meta property=\"article:modified_time\" content=\"2025-01-27T13:12:27+00:00\" \/>\n<meta property=\"og:image\" content=\"https:\/\/digitalsystems-rs.com.br\/produtos\/wp-content\/uploads\/2024\/04\/digital-systems-produtos-pantum-BM5110ADW-01.jpg\" \/>\n\t<meta property=\"og:image:width\" content=\"800\" \/>\n\t<meta property=\"og:image:height\" content=\"800\" \/>\n\t<meta property=\"og:image:type\" content=\"image\/jpeg\" \/>\n<meta name=\"twitter:card\" content=\"summary_large_image\" \/>\n<meta name=\"twitter:label1\" content=\"Est. tempo de leitura\" \/>\n\t<meta name=\"twitter:data1\" content=\"4 minutos\" \/>\n<script type=\"application\/ld+json\" class=\"yoast-schema-graph\">{\"@context\":\"https:\/\/schema.org\",\"@graph\":[{\"@type\":\"WebPage\",\"@id\":\"https:\/\/digitalsystems-rs.com.br\/produtos\/produto\/pantum-bm5110adw\/\",\"url\":\"https:\/\/digitalsystems-rs.com.br\/produtos\/produto\/pantum-bm5110adw\/\",\"name\":\"Pantum BM5110ADW - Digital Systems-RS - Outsourcing de Impress\u00e3o\",\"isPartOf\":{\"@id\":\"https:\/\/digitalsystems-rs.com.br\/produtos\/#website\"},\"primaryImageOfPage\":{\"@id\":\"https:\/\/digitalsystems-rs.com.br\/produtos\/produto\/pantum-bm5110adw\/#primaryimage\"},\"image\":{\"@id\":\"https:\/\/digitalsystems-rs.com.br\/produtos\/produto\/pantum-bm5110adw\/#primaryimage\"},\"thumbnailUrl\":\"https:\/\/digitalsystems-rs.com.br\/produtos\/wp-content\/uploads\/2024\/04\/digital-systems-produtos-pantum-BM5110ADW-01.jpg\",\"datePublished\":\"2024-04-12T20:52:22+00:00\",\"dateModified\":\"2025-01-27T13:12:27+00:00\",\"description\":\"A impressora multifuncional Pantum BM5110ADW veio para simplificar fluxos de impress\u00f5es e de trabalho digitais em grandes escalas.\",\"breadcrumb\":{\"@id\":\"https:\/\/digitalsystems-rs.com.br\/produtos\/produto\/pantum-bm5110adw\/#breadcrumb\"},\"inLanguage\":\"pt-BR\",\"potentialAction\":[{\"@type\":\"ReadAction\",\"target\":[\"https:\/\/digitalsystems-rs.com.br\/produtos\/produto\/pantum-bm5110adw\/\"]}]},{\"@type\":\"ImageObject\",\"inLanguage\":\"pt-BR\",\"@id\":\"https:\/\/digitalsystems-rs.com.br\/produtos\/produto\/pantum-bm5110adw\/#primaryimage\",\"url\":\"https:\/\/digitalsystems-rs.com.br\/produtos\/wp-content\/uploads\/2024\/04\/digital-systems-produtos-pantum-BM5110ADW-01.jpg\",\"contentUrl\":\"https:\/\/digitalsystems-rs.com.br\/produtos\/wp-content\/uploads\/2024\/04\/digital-systems-produtos-pantum-BM5110ADW-01.jpg\",\"width\":800,\"height\":800},{\"@type\":\"BreadcrumbList\",\"@id\":\"https:\/\/digitalsystems-rs.com.br\/produtos\/produto\/pantum-bm5110adw\/#breadcrumb\",\"itemListElement\":[{\"@type\":\"ListItem\",\"position\":1,\"name\":\"In\u00edcio\",\"item\":\"https:\/\/digitalsystems-rs.com.br\/produtos\/\"},{\"@type\":\"ListItem\",\"position\":2,\"name\":\"Products\",\"item\":\"https:\/\/digitalsystems-rs.com.br\/produtos\/shop\/\"},{\"@type\":\"ListItem\",\"position\":3,\"name\":\"Pantum BM5110ADW\"}]},{\"@type\":\"WebSite\",\"@id\":\"https:\/\/digitalsystems-rs.com.br\/produtos\/#website\",\"url\":\"https:\/\/digitalsystems-rs.com.br\/produtos\/\",\"name\":\"Digital Systems-RS\",\"description\":\"Outsourcing de Impress\u00e3o e Digitaliza\u00e7\u00e3o\",\"potentialAction\":[{\"@type\":\"SearchAction\",\"target\":{\"@type\":\"EntryPoint\",\"urlTemplate\":\"https:\/\/digitalsystems-rs.com.br\/produtos\/?s={search_term_string}\"},\"query-input\":{\"@type\":\"PropertyValueSpecification\",\"valueRequired\":true,\"valueName\":\"search_term_string\"}}],\"inLanguage\":\"pt-BR\"}]}<\/script>\n<!-- \/ Yoast SEO plugin. -->","yoast_head_json":{"title":"Pantum BM5110ADW - Digital Systems-RS - Outsourcing de Impress\u00e3o","description":"A impressora multifuncional Pantum BM5110ADW veio para simplificar fluxos de impress\u00f5es e de trabalho digitais em grandes escalas.","robots":{"index":"index","follow":"follow","max-snippet":"max-snippet:-1","max-image-preview":"max-image-preview:large","max-video-preview":"max-video-preview:-1"},"canonical":"https:\/\/digitalsystems-rs.com.br\/produtos\/produto\/pantum-bm5110adw\/","og_locale":"pt_BR","og_type":"article","og_title":"Pantum BM5110ADW - Digital Systems-RS - Outsourcing de Impress\u00e3o","og_description":"A impressora multifuncional Pantum BM5110ADW veio para simplificar fluxos de impress\u00f5es e de trabalho digitais em grandes escalas.","og_url":"https:\/\/digitalsystems-rs.com.br\/produtos\/produto\/pantum-bm5110adw\/","og_site_name":"Digital Systems-RS","article_modified_time":"2025-01-27T13:12:27+00:00","og_image":[{"width":800,"height":800,"url":"https:\/\/digitalsystems-rs.com.br\/produtos\/wp-content\/uploads\/2024\/04\/digital-systems-produtos-pantum-BM5110ADW-01.jpg","type":"image\/jpeg"}],"twitter_card":"summary_large_image","twitter_misc":{"Est. tempo de leitura":"4 minutos"},"schema":{"@context":"https:\/\/schema.org","@graph":[{"@type":"WebPage","@id":"https:\/\/digitalsystems-rs.com.br\/produtos\/produto\/pantum-bm5110adw\/","url":"https:\/\/digitalsystems-rs.com.br\/produtos\/produto\/pantum-bm5110adw\/","name":"Pantum BM5110ADW - Digital Systems-RS - Outsourcing de Impress\u00e3o","isPartOf":{"@id":"https:\/\/digitalsystems-rs.com.br\/produtos\/#website"},"primaryImageOfPage":{"@id":"https:\/\/digitalsystems-rs.com.br\/produtos\/produto\/pantum-bm5110adw\/#primaryimage"},"image":{"@id":"https:\/\/digitalsystems-rs.com.br\/produtos\/produto\/pantum-bm5110adw\/#primaryimage"},"thumbnailUrl":"https:\/\/digitalsystems-rs.com.br\/produtos\/wp-content\/uploads\/2024\/04\/digital-systems-produtos-pantum-BM5110ADW-01.jpg","datePublished":"2024-04-12T20:52:22+00:00","dateModified":"2025-01-27T13:12:27+00:00","description":"A impressora multifuncional Pantum BM5110ADW veio para simplificar fluxos de impress\u00f5es e de trabalho digitais em grandes escalas.","breadcrumb":{"@id":"https:\/\/digitalsystems-rs.com.br\/produtos\/produto\/pantum-bm5110adw\/#breadcrumb"},"inLanguage":"pt-BR","potentialAction":[{"@type":"ReadAction","target":["https:\/\/digitalsystems-rs.com.br\/produtos\/produto\/pantum-bm5110adw\/"]}]},{"@type":"ImageObject","inLanguage":"pt-BR","@id":"https:\/\/digitalsystems-rs.com.br\/produtos\/produto\/pantum-bm5110adw\/#primaryimage","url":"https:\/\/digitalsystems-rs.com.br\/produtos\/wp-content\/uploads\/2024\/04\/digital-systems-produtos-pantum-BM5110ADW-01.jpg","contentUrl":"https:\/\/digitalsystems-rs.com.br\/produtos\/wp-content\/uploads\/2024\/04\/digital-systems-produtos-pantum-BM5110ADW-01.jpg","width":800,"height":800},{"@type":"BreadcrumbList","@id":"https:\/\/digitalsystems-rs.com.br\/produtos\/produto\/pantum-bm5110adw\/#breadcrumb","itemListElement":[{"@type":"ListItem","position":1,"name":"In\u00edcio","item":"https:\/\/digitalsystems-rs.com.br\/produtos\/"},{"@type":"ListItem","position":2,"name":"Products","item":"https:\/\/digitalsystems-rs.com.br\/produtos\/shop\/"},{"@type":"ListItem","position":3,"name":"Pantum BM5110ADW"}]},{"@type":"WebSite","@id":"https:\/\/digitalsystems-rs.com.br\/produtos\/#website","url":"https:\/\/digitalsystems-rs.com.br\/produtos\/","name":"Digital Systems-RS","description":"Outsourcing de Impress\u00e3o e Digitaliza\u00e7\u00e3o","potentialAction":[{"@type":"SearchAction","target":{"@type":"EntryPoint","urlTemplate":"https:\/\/digitalsystems-rs.com.br\/produtos\/?s={search_term_string}"},"query-input":{"@type":"PropertyValueSpecification","valueRequired":true,"valueName":"search_term_string"}}],"inLanguage":"pt-BR"}]}},"_links":{"self":[{"href":"https:\/\/digitalsystems-rs.com.br\/produtos\/wp-json\/wp\/v2\/product\/2731","targetHints":{"allow":["GET"]}}],"collection":[{"href":"https:\/\/digitalsystems-rs.com.br\/produtos\/wp-json\/wp\/v2\/product"}],"about":[{"href":"https:\/\/digitalsystems-rs.com.br\/produtos\/wp-json\/wp\/v2\/types\/product"}],"wp:featuredmedia":[{"embeddable":true,"href":"https:\/\/digitalsystems-rs.com.br\/produtos\/wp-json\/wp\/v2\/media\/2733"}],"wp:attachment":[{"href":"https:\/\/digitalsystems-rs.com.br\/produtos\/wp-json\/wp\/v2\/media?parent=2731"}],"wp:term":[{"taxonomy":"product_brand","embeddable":true,"href":"https:\/\/digitalsystems-rs.com.br\/produtos\/wp-json\/wp\/v2\/product_brand?post=2731"},{"taxonomy":"product_cat","embeddable":true,"href":"https:\/\/digitalsystems-rs.com.br\/produtos\/wp-json\/wp\/v2\/product_cat?post=2731"},{"taxonomy":"product_tag","embeddable":true,"href":"https:\/\/digitalsystems-rs.com.br\/produtos\/wp-json\/wp\/v2\/product_tag?post=2731"}],"curies":[{"name":"wp","href":"https:\/\/api.w.org\/{rel}","templated":true}]}}