{"id":2737,"date":"2024-04-12T18:29:48","date_gmt":"2024-04-12T21:29:48","guid":{"rendered":"https:\/\/digitalsystems-rs.com.br\/produtos\/?post_type=product&#038;p=2737"},"modified":"2025-01-27T10:11:37","modified_gmt":"2025-01-27T13:11:37","slug":"ricoh-im-c400f","status":"publish","type":"product","link":"https:\/\/digitalsystems-rs.com.br\/produtos\/produto\/ricoh-im-c400f\/","title":{"rendered":"RICOH IM C400F"},"content":{"rendered":"<p><strong>Configura\u00e7\u00e3o<\/strong><\/p>\n<p>Mesa<\/p>\n<p><strong>Tecnologia<\/strong><\/p>\n<p>Laser<\/p>\n<p><strong>Painel de controle<\/strong><\/p>\n<p>Painel de Opera\u00e7\u00e3o Inteligente de 10,1&#8243;<\/p>\n<p><strong>Cor<\/strong><\/p>\n<p>Colorida<\/p>\n<p><strong>Velocidade de sa\u00edda Copiar\/Imprimir<\/strong><\/p>\n<p>45 ppm em preto e branco | 42 ppm em cores<\/p>\n<p><strong>Tempo de sa\u00edda da primeira pagina<\/strong><\/p>\n<p>Cor: 7,4 segundos | Preto e branco: 6,2 segundos<\/p>\n<p><strong>Hora de aquecimento<\/strong><\/p>\n<p>17 segundos<\/p>\n<p><strong>Resolu\u00e7\u00e3o<\/strong><\/p>\n<p>1200 x 1200 dpi<\/p>\n<p><strong>Memoria do sistema<\/strong><\/p>\n<p>2 GB de RAM \/ HD de 320 GB<\/p>\n<p><strong>Quantidade m\u00e1xima de c\u00f3pia<\/strong><\/p>\n<p>At\u00e9 9.999 c\u00f3pias<\/p>\n<p><strong>Alimentador de documentos de passagem \u00fanica (SPDF)<\/strong><\/p>\n<p>50 folhas<\/p>\n<p><strong>Tamanhos de papel suportados<\/strong><\/p>\n<p>Carta, Of\u00edcio, HLT, A4, A5, B5<\/p>\n<p><strong>Pesos de papel suportados<\/strong><\/p>\n<p>Bandejas: 60 &#8211; 163 g\/m<sup>2<\/sup>\u00a0| Desvio: 60 &#8211; 220 g\/m<sup>2<\/sup>\u00a0| Duplex: 60 &#8211; 163 g\/m<sup>2<\/sup><\/p>\n<p><strong>Capacidade de papel padr\u00e3o<\/strong><\/p>\n<p>550 folhas + Bandeja manual para 100 folhas<\/p>\n<p><strong>Capacidade M\u00e1xima de Papel<\/strong><\/p>\n<p>2.300 folhas<\/p>\n<p><strong>Capacidade de sa\u00edda padr\u00e3o<\/strong><\/p>\n<p>100 folhas<\/p>\n<p><strong>Fonte de energia<\/strong><\/p>\n<p>100 &#8211; 127 V, 60 Hz<\/p>\n<p><strong>Dimens\u00f5es L x P x A<\/strong><\/p>\n<p>19,6&#8243; x 22,1&#8243; x 23,2&#8243; (498 x 561 x 590 mm)<\/p>\n<p><strong>Peso<\/strong><\/p>\n<p>50kg<\/p>\n","protected":false},"excerpt":{"rendered":"<div id=\"produtoDireita\">\n<div class=\"content-navigation center-size\">\n<div class=\"content-bottom-border\">\n<div id=\"product-gallery-details\">\n<div id=\"ctl00_cphCorpo_divCaracteristica\" class=\"col-list\">\n<div id=\"produtoDireita\">\n<div class=\"content-navigation center-size\">\n<div class=\"content-bottom-border\">\n<div id=\"product-gallery-details\">\n<div id=\"ctl00_cphCorpo_divCaracteristica\" class=\"col-list\"><\/div>\n<div>\n<div id=\"produtoDireita\">\n<h3 class=\"widget__subheadline-text h2\" data-type=\"text\">Impressora multifun\u00e7\u00f5es a laser a cores<\/h3>\n<ul>\n<li class=\"\">Imprime at\u00e9 45 ppm, c\u00f3pia, digitaliza\u00e7\u00e3o, fax<\/li>\n<li class=\"\">Resolu\u00e7\u00e3o m\u00e1xima de impress\u00e3o de 1200 x 1200 dpi<\/li>\n<li class=\"\">Capacidade de papel at\u00e9 2.300 folhas<\/li>\n<li class=\"\">Atualize os fluxos de trabalho e o desempenho com software e aplicativos sob demanda.<\/li>\n<\/ul>\n<p>&nbsp;<\/p>\n<\/div>\n<\/div>\n<\/div>\n<\/div>\n<\/div>\n<\/div>\n<div class=\"limpa\"><a class=\"qbutton small center white default\" style=\"color: #ffffff; background-color: #000000;\" href=\"https:\/\/digitalsystems-rs.com.br\/contato.html\" target=\"_blank\" rel=\"noopener noreferrer\" data-hover-background-color=\"#dd3333\" data-hover-color=\"#ffffff\">Entrar em Contato<\/a><\/div>\n<\/div>\n<\/div>\n<\/div>\n<\/div>\n<\/div>\n","protected":false},"featured_media":2738,"template":"","meta":[],"product_brand":[],"product_cat":[19,24],"product_tag":[],"class_list":{"0":"post-2737","1":"product","2":"type-product","3":"status-publish","4":"has-post-thumbnail","6":"product_cat-coloridos","7":"product_cat-ricoh","9":"first","10":"instock","11":"virtual","12":"product-type-simple"},"yoast_head":"<!-- This site is optimized with the Yoast SEO plugin v27.2 - https:\/\/yoast.com\/product\/yoast-seo-wordpress\/ -->\n<title>RICOH IM C400F - Digital Systems-RS - Outsourcing de Impress\u00e3o<\/title>\n<meta name=\"description\" content=\"A impressora multifuncional RICOH IM C400F veio para simplificar fluxos de impress\u00f5es coloridas e de trabalho digitais em grandes escalas.\" \/>\n<meta name=\"robots\" content=\"index, follow, max-snippet:-1, max-image-preview:large, max-video-preview:-1\" \/>\n<link rel=\"canonical\" href=\"https:\/\/digitalsystems-rs.com.br\/produtos\/produto\/ricoh-im-c400f\/\" \/>\n<meta property=\"og:locale\" content=\"pt_BR\" \/>\n<meta property=\"og:type\" content=\"article\" \/>\n<meta property=\"og:title\" content=\"RICOH IM C400F - Digital Systems-RS - Outsourcing de Impress\u00e3o\" \/>\n<meta property=\"og:description\" content=\"A impressora multifuncional RICOH IM C400F veio para simplificar fluxos de impress\u00f5es coloridas e de trabalho digitais em grandes escalas.\" \/>\n<meta property=\"og:url\" content=\"https:\/\/digitalsystems-rs.com.br\/produtos\/produto\/ricoh-im-c400f\/\" \/>\n<meta property=\"og:site_name\" content=\"Digital Systems-RS\" \/>\n<meta property=\"article:modified_time\" content=\"2025-01-27T13:11:37+00:00\" \/>\n<meta property=\"og:image\" content=\"https:\/\/digitalsystems-rs.com.br\/produtos\/wp-content\/uploads\/2024\/04\/digital-systems-produtos-ricoh-im-c400f-01.jpg\" \/>\n\t<meta property=\"og:image:width\" content=\"600\" \/>\n\t<meta property=\"og:image:height\" content=\"600\" \/>\n\t<meta property=\"og:image:type\" content=\"image\/jpeg\" \/>\n<meta name=\"twitter:card\" content=\"summary_large_image\" \/>\n<meta name=\"twitter:label1\" content=\"Est. tempo de leitura\" \/>\n\t<meta name=\"twitter:data1\" content=\"2 minutos\" \/>\n<script type=\"application\/ld+json\" class=\"yoast-schema-graph\">{\"@context\":\"https:\/\/schema.org\",\"@graph\":[{\"@type\":\"WebPage\",\"@id\":\"https:\/\/digitalsystems-rs.com.br\/produtos\/produto\/ricoh-im-c400f\/\",\"url\":\"https:\/\/digitalsystems-rs.com.br\/produtos\/produto\/ricoh-im-c400f\/\",\"name\":\"RICOH IM C400F - Digital Systems-RS - Outsourcing de Impress\u00e3o\",\"isPartOf\":{\"@id\":\"https:\/\/digitalsystems-rs.com.br\/produtos\/#website\"},\"primaryImageOfPage\":{\"@id\":\"https:\/\/digitalsystems-rs.com.br\/produtos\/produto\/ricoh-im-c400f\/#primaryimage\"},\"image\":{\"@id\":\"https:\/\/digitalsystems-rs.com.br\/produtos\/produto\/ricoh-im-c400f\/#primaryimage\"},\"thumbnailUrl\":\"https:\/\/digitalsystems-rs.com.br\/produtos\/wp-content\/uploads\/2024\/04\/digital-systems-produtos-ricoh-im-c400f-01.jpg\",\"datePublished\":\"2024-04-12T21:29:48+00:00\",\"dateModified\":\"2025-01-27T13:11:37+00:00\",\"description\":\"A impressora multifuncional RICOH IM C400F veio para simplificar fluxos de impress\u00f5es coloridas e de trabalho digitais em grandes escalas.\",\"breadcrumb\":{\"@id\":\"https:\/\/digitalsystems-rs.com.br\/produtos\/produto\/ricoh-im-c400f\/#breadcrumb\"},\"inLanguage\":\"pt-BR\",\"potentialAction\":[{\"@type\":\"ReadAction\",\"target\":[\"https:\/\/digitalsystems-rs.com.br\/produtos\/produto\/ricoh-im-c400f\/\"]}]},{\"@type\":\"ImageObject\",\"inLanguage\":\"pt-BR\",\"@id\":\"https:\/\/digitalsystems-rs.com.br\/produtos\/produto\/ricoh-im-c400f\/#primaryimage\",\"url\":\"https:\/\/digitalsystems-rs.com.br\/produtos\/wp-content\/uploads\/2024\/04\/digital-systems-produtos-ricoh-im-c400f-01.jpg\",\"contentUrl\":\"https:\/\/digitalsystems-rs.com.br\/produtos\/wp-content\/uploads\/2024\/04\/digital-systems-produtos-ricoh-im-c400f-01.jpg\",\"width\":600,\"height\":600},{\"@type\":\"BreadcrumbList\",\"@id\":\"https:\/\/digitalsystems-rs.com.br\/produtos\/produto\/ricoh-im-c400f\/#breadcrumb\",\"itemListElement\":[{\"@type\":\"ListItem\",\"position\":1,\"name\":\"In\u00edcio\",\"item\":\"https:\/\/digitalsystems-rs.com.br\/produtos\/\"},{\"@type\":\"ListItem\",\"position\":2,\"name\":\"Products\",\"item\":\"https:\/\/digitalsystems-rs.com.br\/produtos\/shop\/\"},{\"@type\":\"ListItem\",\"position\":3,\"name\":\"RICOH IM C400F\"}]},{\"@type\":\"WebSite\",\"@id\":\"https:\/\/digitalsystems-rs.com.br\/produtos\/#website\",\"url\":\"https:\/\/digitalsystems-rs.com.br\/produtos\/\",\"name\":\"Digital Systems-RS\",\"description\":\"Outsourcing de Impress\u00e3o e Digitaliza\u00e7\u00e3o\",\"potentialAction\":[{\"@type\":\"SearchAction\",\"target\":{\"@type\":\"EntryPoint\",\"urlTemplate\":\"https:\/\/digitalsystems-rs.com.br\/produtos\/?s={search_term_string}\"},\"query-input\":{\"@type\":\"PropertyValueSpecification\",\"valueRequired\":true,\"valueName\":\"search_term_string\"}}],\"inLanguage\":\"pt-BR\"}]}<\/script>\n<!-- \/ Yoast SEO plugin. -->","yoast_head_json":{"title":"RICOH IM C400F - Digital Systems-RS - Outsourcing de Impress\u00e3o","description":"A impressora multifuncional RICOH IM C400F veio para simplificar fluxos de impress\u00f5es coloridas e de trabalho digitais em grandes escalas.","robots":{"index":"index","follow":"follow","max-snippet":"max-snippet:-1","max-image-preview":"max-image-preview:large","max-video-preview":"max-video-preview:-1"},"canonical":"https:\/\/digitalsystems-rs.com.br\/produtos\/produto\/ricoh-im-c400f\/","og_locale":"pt_BR","og_type":"article","og_title":"RICOH IM C400F - Digital Systems-RS - Outsourcing de Impress\u00e3o","og_description":"A impressora multifuncional RICOH IM C400F veio para simplificar fluxos de impress\u00f5es coloridas e de trabalho digitais em grandes escalas.","og_url":"https:\/\/digitalsystems-rs.com.br\/produtos\/produto\/ricoh-im-c400f\/","og_site_name":"Digital Systems-RS","article_modified_time":"2025-01-27T13:11:37+00:00","og_image":[{"width":600,"height":600,"url":"https:\/\/digitalsystems-rs.com.br\/produtos\/wp-content\/uploads\/2024\/04\/digital-systems-produtos-ricoh-im-c400f-01.jpg","type":"image\/jpeg"}],"twitter_card":"summary_large_image","twitter_misc":{"Est. tempo de leitura":"2 minutos"},"schema":{"@context":"https:\/\/schema.org","@graph":[{"@type":"WebPage","@id":"https:\/\/digitalsystems-rs.com.br\/produtos\/produto\/ricoh-im-c400f\/","url":"https:\/\/digitalsystems-rs.com.br\/produtos\/produto\/ricoh-im-c400f\/","name":"RICOH IM C400F - Digital Systems-RS - Outsourcing de Impress\u00e3o","isPartOf":{"@id":"https:\/\/digitalsystems-rs.com.br\/produtos\/#website"},"primaryImageOfPage":{"@id":"https:\/\/digitalsystems-rs.com.br\/produtos\/produto\/ricoh-im-c400f\/#primaryimage"},"image":{"@id":"https:\/\/digitalsystems-rs.com.br\/produtos\/produto\/ricoh-im-c400f\/#primaryimage"},"thumbnailUrl":"https:\/\/digitalsystems-rs.com.br\/produtos\/wp-content\/uploads\/2024\/04\/digital-systems-produtos-ricoh-im-c400f-01.jpg","datePublished":"2024-04-12T21:29:48+00:00","dateModified":"2025-01-27T13:11:37+00:00","description":"A impressora multifuncional RICOH IM C400F veio para simplificar fluxos de impress\u00f5es coloridas e de trabalho digitais em grandes escalas.","breadcrumb":{"@id":"https:\/\/digitalsystems-rs.com.br\/produtos\/produto\/ricoh-im-c400f\/#breadcrumb"},"inLanguage":"pt-BR","potentialAction":[{"@type":"ReadAction","target":["https:\/\/digitalsystems-rs.com.br\/produtos\/produto\/ricoh-im-c400f\/"]}]},{"@type":"ImageObject","inLanguage":"pt-BR","@id":"https:\/\/digitalsystems-rs.com.br\/produtos\/produto\/ricoh-im-c400f\/#primaryimage","url":"https:\/\/digitalsystems-rs.com.br\/produtos\/wp-content\/uploads\/2024\/04\/digital-systems-produtos-ricoh-im-c400f-01.jpg","contentUrl":"https:\/\/digitalsystems-rs.com.br\/produtos\/wp-content\/uploads\/2024\/04\/digital-systems-produtos-ricoh-im-c400f-01.jpg","width":600,"height":600},{"@type":"BreadcrumbList","@id":"https:\/\/digitalsystems-rs.com.br\/produtos\/produto\/ricoh-im-c400f\/#breadcrumb","itemListElement":[{"@type":"ListItem","position":1,"name":"In\u00edcio","item":"https:\/\/digitalsystems-rs.com.br\/produtos\/"},{"@type":"ListItem","position":2,"name":"Products","item":"https:\/\/digitalsystems-rs.com.br\/produtos\/shop\/"},{"@type":"ListItem","position":3,"name":"RICOH IM C400F"}]},{"@type":"WebSite","@id":"https:\/\/digitalsystems-rs.com.br\/produtos\/#website","url":"https:\/\/digitalsystems-rs.com.br\/produtos\/","name":"Digital Systems-RS","description":"Outsourcing de Impress\u00e3o e Digitaliza\u00e7\u00e3o","potentialAction":[{"@type":"SearchAction","target":{"@type":"EntryPoint","urlTemplate":"https:\/\/digitalsystems-rs.com.br\/produtos\/?s={search_term_string}"},"query-input":{"@type":"PropertyValueSpecification","valueRequired":true,"valueName":"search_term_string"}}],"inLanguage":"pt-BR"}]}},"_links":{"self":[{"href":"https:\/\/digitalsystems-rs.com.br\/produtos\/wp-json\/wp\/v2\/product\/2737","targetHints":{"allow":["GET"]}}],"collection":[{"href":"https:\/\/digitalsystems-rs.com.br\/produtos\/wp-json\/wp\/v2\/product"}],"about":[{"href":"https:\/\/digitalsystems-rs.com.br\/produtos\/wp-json\/wp\/v2\/types\/product"}],"wp:featuredmedia":[{"embeddable":true,"href":"https:\/\/digitalsystems-rs.com.br\/produtos\/wp-json\/wp\/v2\/media\/2738"}],"wp:attachment":[{"href":"https:\/\/digitalsystems-rs.com.br\/produtos\/wp-json\/wp\/v2\/media?parent=2737"}],"wp:term":[{"taxonomy":"product_brand","embeddable":true,"href":"https:\/\/digitalsystems-rs.com.br\/produtos\/wp-json\/wp\/v2\/product_brand?post=2737"},{"taxonomy":"product_cat","embeddable":true,"href":"https:\/\/digitalsystems-rs.com.br\/produtos\/wp-json\/wp\/v2\/product_cat?post=2737"},{"taxonomy":"product_tag","embeddable":true,"href":"https:\/\/digitalsystems-rs.com.br\/produtos\/wp-json\/wp\/v2\/product_tag?post=2737"}],"curies":[{"name":"wp","href":"https:\/\/api.w.org\/{rel}","templated":true}]}}