{"id":2742,"date":"2024-04-12T18:51:06","date_gmt":"2024-04-12T21:51:06","guid":{"rendered":"https:\/\/digitalsystems-rs.com.br\/produtos\/?post_type=product&#038;p=2742"},"modified":"2025-01-27T10:10:37","modified_gmt":"2025-01-27T13:10:37","slug":"plotter-cannon-tm-300-e-tm200","status":"publish","type":"product","link":"https:\/\/digitalsystems-rs.com.br\/produtos\/produto\/plotter-cannon-tm-300-e-tm200\/","title":{"rendered":"PLOTTER CANNON  TM-300 e TM-200"},"content":{"rendered":"<p><strong>Consiga impress\u00f5es de alta qualidade com impressoras a jato de tinta de 24&#8243; e 36&#8243;<\/strong><\/p>\n<p><strong>Completamente \u00e0 base de pigmentos<\/strong><br \/>\nImpress\u00e3o de alta precis\u00e3o de CAD e p\u00f4steres gra\u00e7as ao sistema de tinteiros \u00fanico de 5 cores Lucia TD da Canon.<\/p>\n<p><strong>Imprima de forma mais r\u00e1pida<\/strong><br \/>\nAumente a produtividade ao imprimir de forma mais r\u00e1pida, gra\u00e7as a uma cabe\u00e7a de impress\u00e3o otimizada de 6 canais e 1,07 polegadas.<\/p>\n<p><strong>Funcionamento silencioso<\/strong><br \/>\nInclui um corte mais suave, vibra\u00e7\u00f5es reduzidas e ventoinhas silenciadas que ajudam a diminuir o ru\u00eddo de funcionamento em 60%.<\/p>\n<p><strong>Design compacto<\/strong><br \/>\nAs dimens\u00f5es reduzidas e a utiliza\u00e7\u00e3o completamente efetuada a partir da frente permitem encaixar a imagePROGRAF TM-305 completamente na parede.<\/p>\n<p><strong>Conjunto de software<\/strong><br \/>\nDirect Print &amp; Share, PosterArtist Lite e Free Layout PLus, todos eles com suporte para a produ\u00e7\u00e3o de CAD e p\u00f4steres.<\/p>\n<p><strong>Especifica\u00e7\u00f5es:\u00a0<\/strong><\/p>\n<div>\n<div><strong>Velocidade de impress\u00e3o<\/strong><\/div>\n<div>\n<div>Desenho CAD<\/div>\n<div>\n<div>\n<div><strong>Papel comum (papel tamanho A1)<\/strong><\/div>\n<div>\n<div>0:24 (Modo economia)<\/div>\n<div>0:27 (R\u00e1pido)<\/div>\n<div>0:42 (Padr\u00e3o)<\/div>\n<\/div>\n<div>\n<div><strong>Poster<\/strong><\/div>\n<\/div>\n<div>\n<div><strong>Papel comum (papel tamanho A1)<\/strong><\/div>\n<\/div>\n<div>\n<div>0:25 (R\u00e1pido)<\/div>\n<div>0:44 (Padr\u00e3o)<\/div>\n<\/div>\n<div><strong>M\u00eddia<\/strong><\/div>\n<\/div>\n<\/div>\n<\/div>\n<\/div>\n<div><strong>Espessura de m\u00eddia<\/strong><\/div>\n<div>Papel em Rolo \/ Folha Cortada (0,07 at\u00e9 0,8mm)<\/div>\n<div><\/div>\n<div><strong>Requisitos de energia e opera\u00e7\u00e3o<\/strong><\/div>\n<div><strong>Ru\u00eddo Ac\u00fastico (Pot\u00eancia \/ Press\u00e3o)<\/strong><\/div>\n<div>\n<div>Opera\u00e7\u00e3o: 44 dB (A) (papel comum, desenho de linha, modo padr\u00e3o) Em espera: 35 dB (A) ou menos<\/div>\n<div>Opera\u00e7\u00e3o: 6,0 Bels (papel comum, desenho de linha, modo padr\u00e3o) (Medido no padr\u00e3o ISO 7779)&#8221;<\/div>\n<\/div>\n","protected":false},"excerpt":{"rendered":"<div id=\"produtoDireita\">\n<p>PRINCIPAIS CARACTER\u00cdSTICAS<\/p>\n<\/div>\n<p>As imagePROGRAF s\u00e9rie TM s\u00e3o 60% mais silenciosas e cabem discretamente em qualquer ambiente de trabalho. Mesmo em papel normal, o sistema de tinteiros completamente \u00e0 base de pigmentos Lucia TD produz impress\u00f5es de qualidade excepcional, enquanto a impress\u00e3o cont\u00ednua permite aumentar o n\u00edvel de produtividade.<\/p>\n<ul>\n<li><strong>Velocidade de impress\u00e3o<\/strong>\u00a0&#8211; 144 formatos por hora (A1)<\/li>\n<li><strong>Painel de controle<\/strong>\u00a0&#8211; Tela LCD t\u00e1til a cores de 3,0 polegadas<\/li>\n<li><strong>Resolu\u00e7\u00e3o m\u00e1x. de impress\u00e3o<\/strong>\u00a0&#8211; 2400 x 1200 dpi<\/li>\n<li><strong>Capacidade do cartucho de tinta<\/strong>\u00a0&#8211; 300 ml e 130 ml<\/li>\n<li><strong>Tipo de tinta<\/strong>\u00a0&#8211; Tinta \u00e0 base de pigmentos de 5 cores LUCIA TD<\/li>\n<li><strong>Tecnologia de impress\u00e3o<\/strong>\u00a0&#8211; Sistema a jato de tinta t\u00e9rmico<\/li>\n<li><strong>Corpo compacto\u00a0<\/strong>&#8211; 1289 x 887 x 1060 mm<\/li>\n<li><strong>Espessura de m\u00eddia<\/strong>\u00a0&#8211; 0,07<span lang=\"EN-US\">~-\u00a0<\/span>0,8 mm<\/li>\n<li><strong>TM-200:<\/strong>\u00a0Impress\u00e3o at\u00e9 24&#8243;<\/li>\n<li><strong>TM-300 e TM-305:<\/strong>\u00a0Impress\u00e3o at\u00e9 36&#8243;<\/li>\n<\/ul>\n<div><\/div>\n<p>&nbsp;<\/p>\n<div class=\"limpa\"><a class=\"qbutton small center white default\" style=\"color: #ffffff; background-color: #000000;\" href=\"https:\/\/digitalsystems-rs.com.br\/contato.html\" target=\"_blank\" rel=\"noopener noreferrer\" data-hover-background-color=\"#dd3333\" data-hover-color=\"#ffffff\">Entrar em Contato<\/a><\/div>\n","protected":false},"featured_media":2743,"template":"","meta":[],"product_brand":[],"product_cat":[21],"product_tag":[],"class_list":{"0":"post-2742","1":"product","2":"type-product","3":"status-publish","4":"has-post-thumbnail","6":"product_cat-plotter","8":"first","9":"instock","10":"virtual","11":"product-type-simple"},"yoast_head":"<!-- This site is optimized with the Yoast SEO plugin v27.2 - https:\/\/yoast.com\/product\/yoast-seo-wordpress\/ -->\n<title>PLOTTER CANNON TM-300 e TM-200<\/title>\n<meta name=\"description\" content=\"Eleve a produtividade a novos n\u00edveis com a PLOTTER CANNON imagePROGRAF TM-300 e TM-200 aqui da Digital Systems-RS. Confira!\" \/>\n<meta name=\"robots\" content=\"index, follow, max-snippet:-1, max-image-preview:large, max-video-preview:-1\" \/>\n<link rel=\"canonical\" href=\"https:\/\/digitalsystems-rs.com.br\/produtos\/produto\/plotter-cannon-tm-300-e-tm200\/\" \/>\n<meta property=\"og:locale\" content=\"pt_BR\" \/>\n<meta property=\"og:type\" content=\"article\" \/>\n<meta property=\"og:title\" content=\"PLOTTER CANNON TM-300 e TM-200\" \/>\n<meta property=\"og:description\" content=\"Eleve a produtividade a novos n\u00edveis com a PLOTTER CANNON imagePROGRAF TM-300 e TM-200 aqui da Digital Systems-RS. Confira!\" \/>\n<meta property=\"og:url\" content=\"https:\/\/digitalsystems-rs.com.br\/produtos\/produto\/plotter-cannon-tm-300-e-tm200\/\" \/>\n<meta property=\"og:site_name\" content=\"Digital Systems-RS\" \/>\n<meta property=\"article:modified_time\" content=\"2025-01-27T13:10:37+00:00\" \/>\n<meta property=\"og:image\" content=\"https:\/\/digitalsystems-rs.com.br\/produtos\/wp-content\/uploads\/2024\/04\/digital-systems-produtos-canon-imageprograf-tm-300-tm-200-01.jpg\" \/>\n\t<meta property=\"og:image:width\" content=\"600\" \/>\n\t<meta property=\"og:image:height\" content=\"600\" \/>\n\t<meta property=\"og:image:type\" content=\"image\/jpeg\" \/>\n<meta name=\"twitter:card\" content=\"summary_large_image\" \/>\n<meta name=\"twitter:label1\" content=\"Est. tempo de leitura\" \/>\n\t<meta name=\"twitter:data1\" content=\"2 minutos\" \/>\n<script type=\"application\/ld+json\" class=\"yoast-schema-graph\">{\"@context\":\"https:\/\/schema.org\",\"@graph\":[{\"@type\":\"WebPage\",\"@id\":\"https:\/\/digitalsystems-rs.com.br\/produtos\/produto\/plotter-cannon-tm-300-e-tm200\/\",\"url\":\"https:\/\/digitalsystems-rs.com.br\/produtos\/produto\/plotter-cannon-tm-300-e-tm200\/\",\"name\":\"PLOTTER CANNON TM-300 e TM-200\",\"isPartOf\":{\"@id\":\"https:\/\/digitalsystems-rs.com.br\/produtos\/#website\"},\"primaryImageOfPage\":{\"@id\":\"https:\/\/digitalsystems-rs.com.br\/produtos\/produto\/plotter-cannon-tm-300-e-tm200\/#primaryimage\"},\"image\":{\"@id\":\"https:\/\/digitalsystems-rs.com.br\/produtos\/produto\/plotter-cannon-tm-300-e-tm200\/#primaryimage\"},\"thumbnailUrl\":\"https:\/\/digitalsystems-rs.com.br\/produtos\/wp-content\/uploads\/2024\/04\/digital-systems-produtos-canon-imageprograf-tm-300-tm-200-01.jpg\",\"datePublished\":\"2024-04-12T21:51:06+00:00\",\"dateModified\":\"2025-01-27T13:10:37+00:00\",\"description\":\"Eleve a produtividade a novos n\u00edveis com a PLOTTER CANNON imagePROGRAF TM-300 e TM-200 aqui da Digital Systems-RS. Confira!\",\"breadcrumb\":{\"@id\":\"https:\/\/digitalsystems-rs.com.br\/produtos\/produto\/plotter-cannon-tm-300-e-tm200\/#breadcrumb\"},\"inLanguage\":\"pt-BR\",\"potentialAction\":[{\"@type\":\"ReadAction\",\"target\":[\"https:\/\/digitalsystems-rs.com.br\/produtos\/produto\/plotter-cannon-tm-300-e-tm200\/\"]}]},{\"@type\":\"ImageObject\",\"inLanguage\":\"pt-BR\",\"@id\":\"https:\/\/digitalsystems-rs.com.br\/produtos\/produto\/plotter-cannon-tm-300-e-tm200\/#primaryimage\",\"url\":\"https:\/\/digitalsystems-rs.com.br\/produtos\/wp-content\/uploads\/2024\/04\/digital-systems-produtos-canon-imageprograf-tm-300-tm-200-01.jpg\",\"contentUrl\":\"https:\/\/digitalsystems-rs.com.br\/produtos\/wp-content\/uploads\/2024\/04\/digital-systems-produtos-canon-imageprograf-tm-300-tm-200-01.jpg\",\"width\":600,\"height\":600},{\"@type\":\"BreadcrumbList\",\"@id\":\"https:\/\/digitalsystems-rs.com.br\/produtos\/produto\/plotter-cannon-tm-300-e-tm200\/#breadcrumb\",\"itemListElement\":[{\"@type\":\"ListItem\",\"position\":1,\"name\":\"In\u00edcio\",\"item\":\"https:\/\/digitalsystems-rs.com.br\/produtos\/\"},{\"@type\":\"ListItem\",\"position\":2,\"name\":\"Products\",\"item\":\"https:\/\/digitalsystems-rs.com.br\/produtos\/shop\/\"},{\"@type\":\"ListItem\",\"position\":3,\"name\":\"PLOTTER CANNON TM-300 e TM-200\"}]},{\"@type\":\"WebSite\",\"@id\":\"https:\/\/digitalsystems-rs.com.br\/produtos\/#website\",\"url\":\"https:\/\/digitalsystems-rs.com.br\/produtos\/\",\"name\":\"Digital Systems-RS\",\"description\":\"Outsourcing de Impress\u00e3o e Digitaliza\u00e7\u00e3o\",\"potentialAction\":[{\"@type\":\"SearchAction\",\"target\":{\"@type\":\"EntryPoint\",\"urlTemplate\":\"https:\/\/digitalsystems-rs.com.br\/produtos\/?s={search_term_string}\"},\"query-input\":{\"@type\":\"PropertyValueSpecification\",\"valueRequired\":true,\"valueName\":\"search_term_string\"}}],\"inLanguage\":\"pt-BR\"}]}<\/script>\n<!-- \/ Yoast SEO plugin. -->","yoast_head_json":{"title":"PLOTTER CANNON TM-300 e TM-200","description":"Eleve a produtividade a novos n\u00edveis com a PLOTTER CANNON imagePROGRAF TM-300 e TM-200 aqui da Digital Systems-RS. Confira!","robots":{"index":"index","follow":"follow","max-snippet":"max-snippet:-1","max-image-preview":"max-image-preview:large","max-video-preview":"max-video-preview:-1"},"canonical":"https:\/\/digitalsystems-rs.com.br\/produtos\/produto\/plotter-cannon-tm-300-e-tm200\/","og_locale":"pt_BR","og_type":"article","og_title":"PLOTTER CANNON TM-300 e TM-200","og_description":"Eleve a produtividade a novos n\u00edveis com a PLOTTER CANNON imagePROGRAF TM-300 e TM-200 aqui da Digital Systems-RS. Confira!","og_url":"https:\/\/digitalsystems-rs.com.br\/produtos\/produto\/plotter-cannon-tm-300-e-tm200\/","og_site_name":"Digital Systems-RS","article_modified_time":"2025-01-27T13:10:37+00:00","og_image":[{"width":600,"height":600,"url":"https:\/\/digitalsystems-rs.com.br\/produtos\/wp-content\/uploads\/2024\/04\/digital-systems-produtos-canon-imageprograf-tm-300-tm-200-01.jpg","type":"image\/jpeg"}],"twitter_card":"summary_large_image","twitter_misc":{"Est. tempo de leitura":"2 minutos"},"schema":{"@context":"https:\/\/schema.org","@graph":[{"@type":"WebPage","@id":"https:\/\/digitalsystems-rs.com.br\/produtos\/produto\/plotter-cannon-tm-300-e-tm200\/","url":"https:\/\/digitalsystems-rs.com.br\/produtos\/produto\/plotter-cannon-tm-300-e-tm200\/","name":"PLOTTER CANNON TM-300 e TM-200","isPartOf":{"@id":"https:\/\/digitalsystems-rs.com.br\/produtos\/#website"},"primaryImageOfPage":{"@id":"https:\/\/digitalsystems-rs.com.br\/produtos\/produto\/plotter-cannon-tm-300-e-tm200\/#primaryimage"},"image":{"@id":"https:\/\/digitalsystems-rs.com.br\/produtos\/produto\/plotter-cannon-tm-300-e-tm200\/#primaryimage"},"thumbnailUrl":"https:\/\/digitalsystems-rs.com.br\/produtos\/wp-content\/uploads\/2024\/04\/digital-systems-produtos-canon-imageprograf-tm-300-tm-200-01.jpg","datePublished":"2024-04-12T21:51:06+00:00","dateModified":"2025-01-27T13:10:37+00:00","description":"Eleve a produtividade a novos n\u00edveis com a PLOTTER CANNON imagePROGRAF TM-300 e TM-200 aqui da Digital Systems-RS. Confira!","breadcrumb":{"@id":"https:\/\/digitalsystems-rs.com.br\/produtos\/produto\/plotter-cannon-tm-300-e-tm200\/#breadcrumb"},"inLanguage":"pt-BR","potentialAction":[{"@type":"ReadAction","target":["https:\/\/digitalsystems-rs.com.br\/produtos\/produto\/plotter-cannon-tm-300-e-tm200\/"]}]},{"@type":"ImageObject","inLanguage":"pt-BR","@id":"https:\/\/digitalsystems-rs.com.br\/produtos\/produto\/plotter-cannon-tm-300-e-tm200\/#primaryimage","url":"https:\/\/digitalsystems-rs.com.br\/produtos\/wp-content\/uploads\/2024\/04\/digital-systems-produtos-canon-imageprograf-tm-300-tm-200-01.jpg","contentUrl":"https:\/\/digitalsystems-rs.com.br\/produtos\/wp-content\/uploads\/2024\/04\/digital-systems-produtos-canon-imageprograf-tm-300-tm-200-01.jpg","width":600,"height":600},{"@type":"BreadcrumbList","@id":"https:\/\/digitalsystems-rs.com.br\/produtos\/produto\/plotter-cannon-tm-300-e-tm200\/#breadcrumb","itemListElement":[{"@type":"ListItem","position":1,"name":"In\u00edcio","item":"https:\/\/digitalsystems-rs.com.br\/produtos\/"},{"@type":"ListItem","position":2,"name":"Products","item":"https:\/\/digitalsystems-rs.com.br\/produtos\/shop\/"},{"@type":"ListItem","position":3,"name":"PLOTTER CANNON TM-300 e TM-200"}]},{"@type":"WebSite","@id":"https:\/\/digitalsystems-rs.com.br\/produtos\/#website","url":"https:\/\/digitalsystems-rs.com.br\/produtos\/","name":"Digital Systems-RS","description":"Outsourcing de Impress\u00e3o e Digitaliza\u00e7\u00e3o","potentialAction":[{"@type":"SearchAction","target":{"@type":"EntryPoint","urlTemplate":"https:\/\/digitalsystems-rs.com.br\/produtos\/?s={search_term_string}"},"query-input":{"@type":"PropertyValueSpecification","valueRequired":true,"valueName":"search_term_string"}}],"inLanguage":"pt-BR"}]}},"_links":{"self":[{"href":"https:\/\/digitalsystems-rs.com.br\/produtos\/wp-json\/wp\/v2\/product\/2742","targetHints":{"allow":["GET"]}}],"collection":[{"href":"https:\/\/digitalsystems-rs.com.br\/produtos\/wp-json\/wp\/v2\/product"}],"about":[{"href":"https:\/\/digitalsystems-rs.com.br\/produtos\/wp-json\/wp\/v2\/types\/product"}],"wp:featuredmedia":[{"embeddable":true,"href":"https:\/\/digitalsystems-rs.com.br\/produtos\/wp-json\/wp\/v2\/media\/2743"}],"wp:attachment":[{"href":"https:\/\/digitalsystems-rs.com.br\/produtos\/wp-json\/wp\/v2\/media?parent=2742"}],"wp:term":[{"taxonomy":"product_brand","embeddable":true,"href":"https:\/\/digitalsystems-rs.com.br\/produtos\/wp-json\/wp\/v2\/product_brand?post=2742"},{"taxonomy":"product_cat","embeddable":true,"href":"https:\/\/digitalsystems-rs.com.br\/produtos\/wp-json\/wp\/v2\/product_cat?post=2742"},{"taxonomy":"product_tag","embeddable":true,"href":"https:\/\/digitalsystems-rs.com.br\/produtos\/wp-json\/wp\/v2\/product_tag?post=2742"}],"curies":[{"name":"wp","href":"https:\/\/api.w.org\/{rel}","templated":true}]}}