{"id":435,"date":"2019-12-02T20:04:58","date_gmt":"2019-12-02T23:04:58","guid":{"rendered":"https:\/\/digitalsystems-rs.com.br\/produtos\/?post_type=product&#038;p=435"},"modified":"2025-01-27T10:22:40","modified_gmt":"2025-01-27T13:22:40","slug":"ricoh-mp-5055","status":"publish","type":"product","link":"https:\/\/digitalsystems-rs.com.br\/produtos\/produto\/ricoh-mp-5055\/","title":{"rendered":"RICOH MP 5055"},"content":{"rendered":"<h3>Especifica\u00e7\u00f5es<\/h3>\n<p><strong>Consumo de energia t\u00edpico(TEC)<\/strong><\/p>\n<p>0,635 kWh\/semana<\/p>\n<p>O valor do TEC \u00e9 medido com base no m\u00e9todo de teste ENERGY STAR ver.3.0.<\/p>\n<p><strong>Estrela de energia<\/strong><\/p>\n<p>Certificado<\/p>\n<h3>Motor\/Especifica\u00e7\u00f5es Gerais<\/h3>\n<p><strong>Configura\u00e7\u00e3o<\/strong><\/p>\n<p>De Gabinete<\/p>\n<p><strong>Elemento de Digitaliza\u00e7\u00e3o<\/strong><\/p>\n<p>Digitaliza\u00e7\u00e3o S\u00f3lida Unidimensional por CCD<\/p>\n<p><strong>Processo de impress\u00e3o<\/strong><\/p>\n<p>Digitaliza\u00e7\u00e3o \u00fanica a feixe de laser e impress\u00e3o EEletrofotogr\u00e1fica<\/p>\n<p><strong>Tipo de toner<\/strong><\/p>\n<p>A seco, Duplo componente<\/p>\n<p><strong>Painel de Controle<\/strong><\/p>\n<p>Painel de opera\u00e7\u00e3o inteligente de 10,1&#8242;<\/p>\n<p><strong>Cor<\/strong><\/p>\n<p>Preto e branco<\/p>\n<p><strong>Velocidade de sa\u00edda Copiar\/Imprimir<\/strong><\/p>\n<p>50 ppm<\/p>\n<p><strong>Tempo de sa\u00edda da primeira p\u00e1gina<\/strong><\/p>\n<p>2,9 segundos<\/p>\n<p><strong>Hora de aquecimento<\/strong><\/p>\n<p>menos de 24 segundos<\/p>\n<p><strong>Tempo de recupera\u00e7\u00e3o do modo de suspens\u00e3o<\/strong><\/p>\n<p>8,2 segundos<\/p>\n<p><strong>Resolu\u00e7\u00e3o<\/strong><\/p>\n<p>600 x 600 dpi<\/p>\n<p><strong>Quantidade m\u00e1xima de c\u00f3pia<\/strong><\/p>\n<p>At\u00e9 999<\/p>\n<p><strong>Duplex<\/strong><\/p>\n<p>Autom\u00e1tico(Padr\u00e3o)<\/p>\n<p>&nbsp;<\/p>\n","protected":false},"excerpt":{"rendered":"<div id=\"produtoDireita\">\n<div class=\"content-navigation center-size\">\n<div class=\"content-bottom-border\">\n<div id=\"product-gallery-details\">\n<div id=\"ctl00_cphCorpo_divCaracteristica\" class=\"col-list\">PRINCIPAIS CARACTER\u00cdSTICAS<\/div>\n<ul>\n<li>Imprime a at\u00e9 50 ppm, copy, scan, fax opcional<\/li>\n<li>Resolu\u00e7\u00e3o m\u00e1xima de impress\u00e3o 1200 x 1200 dpi<\/li>\n<li>Capacidade de papel at\u00e9 4.700 p\u00e1ginas<\/li>\n<li>Digitalize originais em cores ou em preto e branco com um SPDF de alta velocidade padr\u00e3o<\/li>\n<\/ul>\n<\/div>\n<\/div>\n<\/div>\n<\/div>\n<p>&nbsp;<\/p>\n<div class=\"limpa\"><a class=\"qbutton small center white default\" style=\"color: #ffffff; background-color: #000000;\" href=\"https:\/\/digitalsystems-rs.com.br\/contato.html\" target=\"_blank\" rel=\"noopener noreferrer\" data-hover-background-color=\"#dd3333\" data-hover-color=\"#ffffff\">Entrar em Contato<\/a><\/div>\n","protected":false},"featured_media":439,"template":"","meta":[],"product_brand":[],"product_cat":[20,24],"product_tag":[],"class_list":{"0":"post-435","1":"product","2":"type-product","3":"status-publish","4":"has-post-thumbnail","6":"product_cat-monocromaticos","7":"product_cat-ricoh","9":"first","10":"instock","11":"virtual","12":"product-type-simple"},"yoast_head":"<!-- This site is optimized with the Yoast SEO plugin v27.2 - https:\/\/yoast.com\/product\/yoast-seo-wordpress\/ -->\n<title>RICOH MP 5055 - Digital Systems-RS<\/title>\n<meta name=\"description\" content=\"Com a Impressora Multifuncional a Laser em Preto e Branco RICOH MP 5055 voc\u00ea pode, sem esfor\u00e7o, imprimir, copiar, digitalizar e enviar fax com grande fluxo\" \/>\n<meta name=\"robots\" content=\"index, follow, max-snippet:-1, max-image-preview:large, max-video-preview:-1\" \/>\n<link rel=\"canonical\" href=\"https:\/\/digitalsystems-rs.com.br\/produtos\/produto\/ricoh-mp-5055\/\" \/>\n<meta property=\"og:locale\" content=\"pt_BR\" \/>\n<meta property=\"og:type\" content=\"article\" \/>\n<meta property=\"og:title\" content=\"RICOH MP 5055 - Digital Systems-RS\" \/>\n<meta property=\"og:description\" content=\"Com a Impressora Multifuncional a Laser em Preto e Branco RICOH MP 5055 voc\u00ea pode, sem esfor\u00e7o, imprimir, copiar, digitalizar e enviar fax com grande fluxo\" \/>\n<meta property=\"og:url\" content=\"https:\/\/digitalsystems-rs.com.br\/produtos\/produto\/ricoh-mp-5055\/\" \/>\n<meta property=\"og:site_name\" content=\"Digital Systems-RS\" \/>\n<meta property=\"article:modified_time\" content=\"2025-01-27T13:22:40+00:00\" \/>\n<meta property=\"og:image\" content=\"https:\/\/digitalsystems-rs.com.br\/produtos\/wp-content\/uploads\/2020\/01\/5055.png\" \/>\n\t<meta property=\"og:image:width\" content=\"504\" \/>\n\t<meta property=\"og:image:height\" content=\"528\" \/>\n\t<meta property=\"og:image:type\" content=\"image\/png\" \/>\n<meta name=\"twitter:card\" content=\"summary_large_image\" \/>\n<meta name=\"twitter:label1\" content=\"Est. tempo de leitura\" \/>\n\t<meta name=\"twitter:data1\" content=\"1 minuto\" \/>\n<script type=\"application\/ld+json\" class=\"yoast-schema-graph\">{\"@context\":\"https:\/\/schema.org\",\"@graph\":[{\"@type\":\"WebPage\",\"@id\":\"https:\/\/digitalsystems-rs.com.br\/produtos\/produto\/ricoh-mp-5055\/\",\"url\":\"https:\/\/digitalsystems-rs.com.br\/produtos\/produto\/ricoh-mp-5055\/\",\"name\":\"RICOH MP 5055 - Digital Systems-RS\",\"isPartOf\":{\"@id\":\"https:\/\/digitalsystems-rs.com.br\/produtos\/#website\"},\"primaryImageOfPage\":{\"@id\":\"https:\/\/digitalsystems-rs.com.br\/produtos\/produto\/ricoh-mp-5055\/#primaryimage\"},\"image\":{\"@id\":\"https:\/\/digitalsystems-rs.com.br\/produtos\/produto\/ricoh-mp-5055\/#primaryimage\"},\"thumbnailUrl\":\"https:\/\/digitalsystems-rs.com.br\/produtos\/wp-content\/uploads\/2020\/01\/5055.png\",\"datePublished\":\"2019-12-02T23:04:58+00:00\",\"dateModified\":\"2025-01-27T13:22:40+00:00\",\"description\":\"Com a Impressora Multifuncional a Laser em Preto e Branco RICOH MP 5055 voc\u00ea pode, sem esfor\u00e7o, imprimir, copiar, digitalizar e enviar fax com grande fluxo\",\"breadcrumb\":{\"@id\":\"https:\/\/digitalsystems-rs.com.br\/produtos\/produto\/ricoh-mp-5055\/#breadcrumb\"},\"inLanguage\":\"pt-BR\",\"potentialAction\":[{\"@type\":\"ReadAction\",\"target\":[\"https:\/\/digitalsystems-rs.com.br\/produtos\/produto\/ricoh-mp-5055\/\"]}]},{\"@type\":\"ImageObject\",\"inLanguage\":\"pt-BR\",\"@id\":\"https:\/\/digitalsystems-rs.com.br\/produtos\/produto\/ricoh-mp-5055\/#primaryimage\",\"url\":\"https:\/\/digitalsystems-rs.com.br\/produtos\/wp-content\/uploads\/2020\/01\/5055.png\",\"contentUrl\":\"https:\/\/digitalsystems-rs.com.br\/produtos\/wp-content\/uploads\/2020\/01\/5055.png\",\"width\":504,\"height\":528},{\"@type\":\"BreadcrumbList\",\"@id\":\"https:\/\/digitalsystems-rs.com.br\/produtos\/produto\/ricoh-mp-5055\/#breadcrumb\",\"itemListElement\":[{\"@type\":\"ListItem\",\"position\":1,\"name\":\"In\u00edcio\",\"item\":\"https:\/\/digitalsystems-rs.com.br\/produtos\/\"},{\"@type\":\"ListItem\",\"position\":2,\"name\":\"Products\",\"item\":\"https:\/\/digitalsystems-rs.com.br\/produtos\/shop\/\"},{\"@type\":\"ListItem\",\"position\":3,\"name\":\"RICOH MP 5055\"}]},{\"@type\":\"WebSite\",\"@id\":\"https:\/\/digitalsystems-rs.com.br\/produtos\/#website\",\"url\":\"https:\/\/digitalsystems-rs.com.br\/produtos\/\",\"name\":\"Digital Systems-RS\",\"description\":\"Outsourcing de Impress\u00e3o e Digitaliza\u00e7\u00e3o\",\"potentialAction\":[{\"@type\":\"SearchAction\",\"target\":{\"@type\":\"EntryPoint\",\"urlTemplate\":\"https:\/\/digitalsystems-rs.com.br\/produtos\/?s={search_term_string}\"},\"query-input\":{\"@type\":\"PropertyValueSpecification\",\"valueRequired\":true,\"valueName\":\"search_term_string\"}}],\"inLanguage\":\"pt-BR\"}]}<\/script>\n<!-- \/ Yoast SEO plugin. -->","yoast_head_json":{"title":"RICOH MP 5055 - Digital Systems-RS","description":"Com a Impressora Multifuncional a Laser em Preto e Branco RICOH MP 5055 voc\u00ea pode, sem esfor\u00e7o, imprimir, copiar, digitalizar e enviar fax com grande fluxo","robots":{"index":"index","follow":"follow","max-snippet":"max-snippet:-1","max-image-preview":"max-image-preview:large","max-video-preview":"max-video-preview:-1"},"canonical":"https:\/\/digitalsystems-rs.com.br\/produtos\/produto\/ricoh-mp-5055\/","og_locale":"pt_BR","og_type":"article","og_title":"RICOH MP 5055 - Digital Systems-RS","og_description":"Com a Impressora Multifuncional a Laser em Preto e Branco RICOH MP 5055 voc\u00ea pode, sem esfor\u00e7o, imprimir, copiar, digitalizar e enviar fax com grande fluxo","og_url":"https:\/\/digitalsystems-rs.com.br\/produtos\/produto\/ricoh-mp-5055\/","og_site_name":"Digital Systems-RS","article_modified_time":"2025-01-27T13:22:40+00:00","og_image":[{"width":504,"height":528,"url":"https:\/\/digitalsystems-rs.com.br\/produtos\/wp-content\/uploads\/2020\/01\/5055.png","type":"image\/png"}],"twitter_card":"summary_large_image","twitter_misc":{"Est. tempo de leitura":"1 minuto"},"schema":{"@context":"https:\/\/schema.org","@graph":[{"@type":"WebPage","@id":"https:\/\/digitalsystems-rs.com.br\/produtos\/produto\/ricoh-mp-5055\/","url":"https:\/\/digitalsystems-rs.com.br\/produtos\/produto\/ricoh-mp-5055\/","name":"RICOH MP 5055 - Digital Systems-RS","isPartOf":{"@id":"https:\/\/digitalsystems-rs.com.br\/produtos\/#website"},"primaryImageOfPage":{"@id":"https:\/\/digitalsystems-rs.com.br\/produtos\/produto\/ricoh-mp-5055\/#primaryimage"},"image":{"@id":"https:\/\/digitalsystems-rs.com.br\/produtos\/produto\/ricoh-mp-5055\/#primaryimage"},"thumbnailUrl":"https:\/\/digitalsystems-rs.com.br\/produtos\/wp-content\/uploads\/2020\/01\/5055.png","datePublished":"2019-12-02T23:04:58+00:00","dateModified":"2025-01-27T13:22:40+00:00","description":"Com a Impressora Multifuncional a Laser em Preto e Branco RICOH MP 5055 voc\u00ea pode, sem esfor\u00e7o, imprimir, copiar, digitalizar e enviar fax com grande fluxo","breadcrumb":{"@id":"https:\/\/digitalsystems-rs.com.br\/produtos\/produto\/ricoh-mp-5055\/#breadcrumb"},"inLanguage":"pt-BR","potentialAction":[{"@type":"ReadAction","target":["https:\/\/digitalsystems-rs.com.br\/produtos\/produto\/ricoh-mp-5055\/"]}]},{"@type":"ImageObject","inLanguage":"pt-BR","@id":"https:\/\/digitalsystems-rs.com.br\/produtos\/produto\/ricoh-mp-5055\/#primaryimage","url":"https:\/\/digitalsystems-rs.com.br\/produtos\/wp-content\/uploads\/2020\/01\/5055.png","contentUrl":"https:\/\/digitalsystems-rs.com.br\/produtos\/wp-content\/uploads\/2020\/01\/5055.png","width":504,"height":528},{"@type":"BreadcrumbList","@id":"https:\/\/digitalsystems-rs.com.br\/produtos\/produto\/ricoh-mp-5055\/#breadcrumb","itemListElement":[{"@type":"ListItem","position":1,"name":"In\u00edcio","item":"https:\/\/digitalsystems-rs.com.br\/produtos\/"},{"@type":"ListItem","position":2,"name":"Products","item":"https:\/\/digitalsystems-rs.com.br\/produtos\/shop\/"},{"@type":"ListItem","position":3,"name":"RICOH MP 5055"}]},{"@type":"WebSite","@id":"https:\/\/digitalsystems-rs.com.br\/produtos\/#website","url":"https:\/\/digitalsystems-rs.com.br\/produtos\/","name":"Digital Systems-RS","description":"Outsourcing de Impress\u00e3o e Digitaliza\u00e7\u00e3o","potentialAction":[{"@type":"SearchAction","target":{"@type":"EntryPoint","urlTemplate":"https:\/\/digitalsystems-rs.com.br\/produtos\/?s={search_term_string}"},"query-input":{"@type":"PropertyValueSpecification","valueRequired":true,"valueName":"search_term_string"}}],"inLanguage":"pt-BR"}]}},"_links":{"self":[{"href":"https:\/\/digitalsystems-rs.com.br\/produtos\/wp-json\/wp\/v2\/product\/435","targetHints":{"allow":["GET"]}}],"collection":[{"href":"https:\/\/digitalsystems-rs.com.br\/produtos\/wp-json\/wp\/v2\/product"}],"about":[{"href":"https:\/\/digitalsystems-rs.com.br\/produtos\/wp-json\/wp\/v2\/types\/product"}],"wp:featuredmedia":[{"embeddable":true,"href":"https:\/\/digitalsystems-rs.com.br\/produtos\/wp-json\/wp\/v2\/media\/439"}],"wp:attachment":[{"href":"https:\/\/digitalsystems-rs.com.br\/produtos\/wp-json\/wp\/v2\/media?parent=435"}],"wp:term":[{"taxonomy":"product_brand","embeddable":true,"href":"https:\/\/digitalsystems-rs.com.br\/produtos\/wp-json\/wp\/v2\/product_brand?post=435"},{"taxonomy":"product_cat","embeddable":true,"href":"https:\/\/digitalsystems-rs.com.br\/produtos\/wp-json\/wp\/v2\/product_cat?post=435"},{"taxonomy":"product_tag","embeddable":true,"href":"https:\/\/digitalsystems-rs.com.br\/produtos\/wp-json\/wp\/v2\/product_tag?post=435"}],"curies":[{"name":"wp","href":"https:\/\/api.w.org\/{rel}","templated":true}]}}