{"id":449,"date":"2020-01-12T23:25:55","date_gmt":"2020-01-13T02:25:55","guid":{"rendered":"https:\/\/digitalsystems-rs.com.br\/produtos\/?post_type=product&#038;p=449"},"modified":"2025-01-27T10:18:20","modified_gmt":"2025-01-27T13:18:20","slug":"samsung-m4080-sl","status":"publish","type":"product","link":"https:\/\/digitalsystems-rs.com.br\/produtos\/produto\/samsung-m4080-sl\/","title":{"rendered":"SAMSUNG SL-M4080FX"},"content":{"rendered":"<h3>Especifica\u00e7\u00f5es<\/h3>\n<p><strong>Conectividade<\/strong><\/p>\n<p>Rede Ethernet, USB 2.0<\/p>\n<p><strong>Fun\u00e7\u00e3o fax<\/strong><\/p>\n<p>Sim<\/p>\n<p><strong>Alimenta\u00e7\u00e3o<\/strong><\/p>\n<p>110 V<\/p>\n<p><strong>Velocidade Max de Impress\u00e3o<\/strong><\/p>\n<p>40 ppm<\/p>\n<p><strong>Impress\u00e3o Frente e Verso<\/strong><\/p>\n<p>Sim<\/p>\n<p><strong>Capacidade Recomendada Mensal (Pags\/M\u00eas)<\/strong><\/p>\n<p>6000<\/p>\n<p><strong>Impress\u00e3o via Smartphones e tables<\/strong><\/p>\n<p>Sim<\/p>\n<p><strong>Memoria<\/strong><\/p>\n<p>1 GB<\/p>\n<p><strong>Tecnologia<\/strong><\/p>\n<p>Laser<\/p>\n<p><strong>Impress\u00e3o Colorida<\/strong><\/p>\n<p>N\u00e3o<\/p>\n<p><strong>Capacidade M\u00e1xima de impress\u00e3o mensal (Pags\/M\u00eas)<\/strong><\/p>\n<p>120000<\/p>\n<p><strong>Resolu\u00e7\u00e3o M\u00e1xima de Impress\u00e3o<\/strong><\/p>\n<p>1200 x 1200 dpi<\/p>\n<p><strong>Rendimento do Cartucho Inicial (Em p\u00e1ginas)<\/strong><\/p>\n<p>6000<\/p>\n<p>&nbsp;<\/p>\n","protected":false},"excerpt":{"rendered":"<div id=\"produtoDireita\">\n<div class=\"content-navigation center-size\">\n<div class=\"content-bottom-border\">\n<div id=\"product-gallery-details\">\n<div id=\"ctl00_cphCorpo_divCaracteristica\" class=\"col-list\">PRINCIPAIS CARACTER\u00cdSTICAS<\/div>\n<\/div>\n<\/div>\n<\/div>\n<\/div>\n<div id=\"produtoDireita\"><\/div>\n<div class=\"product-img-box col-md-6\">\n<ul>\n<li>Imprime at\u00e9 40ppm<\/li>\n<li>CPU dual-core de 1GHz<\/li>\n<li>Painel touchscreen colorido de 7&#8243;<\/li>\n<\/ul>\n<\/div>\n<div class=\"col-md-6\">\n<div class=\"border-basic\">\n<p class=\"box-cobrimos-oferta\">\n<\/div>\n<\/div>\n<p>&nbsp;<\/p>\n<div class=\"limpa\"><a class=\"qbutton small center white default\" style=\"color: #ffffff; background-color: #000000;\" href=\"https:\/\/digitalsystems-rs.com.br\/contato.html\" target=\"_blank\" rel=\"noopener noreferrer\" data-hover-background-color=\"#dd3333\" data-hover-color=\"#ffffff\">Entrar em Contato<\/a><\/div>\n","protected":false},"featured_media":1051,"template":"","meta":[],"product_brand":[],"product_cat":[20,26],"product_tag":[],"class_list":{"0":"post-449","1":"product","2":"type-product","3":"status-publish","4":"has-post-thumbnail","6":"product_cat-monocromaticos","7":"product_cat-samsung","9":"first","10":"instock","11":"virtual","12":"product-type-simple"},"yoast_head":"<!-- This site is optimized with the Yoast SEO plugin v27.2 - https:\/\/yoast.com\/product\/yoast-seo-wordpress\/ -->\n<title>SAMSUNG SL-M4080FX - Digital Systems-RS<\/title>\n<meta name=\"description\" content=\"SAMSUNG M4080FX foi desenvolvida para as pequenas e m\u00e9dias empresas que precisam de impress\u00f5es e digitaliza\u00e7\u00f5es ultra r\u00e1pidas e com qualidade profissional\" \/>\n<meta name=\"robots\" content=\"index, follow, max-snippet:-1, max-image-preview:large, max-video-preview:-1\" \/>\n<link rel=\"canonical\" href=\"https:\/\/digitalsystems-rs.com.br\/produtos\/produto\/samsung-m4080-sl\/\" \/>\n<meta property=\"og:locale\" content=\"pt_BR\" \/>\n<meta property=\"og:type\" content=\"article\" \/>\n<meta property=\"og:title\" content=\"SAMSUNG SL-M4080FX - Digital Systems-RS\" \/>\n<meta property=\"og:description\" content=\"SAMSUNG M4080FX foi desenvolvida para as pequenas e m\u00e9dias empresas que precisam de impress\u00f5es e digitaliza\u00e7\u00f5es ultra r\u00e1pidas e com qualidade profissional\" \/>\n<meta property=\"og:url\" content=\"https:\/\/digitalsystems-rs.com.br\/produtos\/produto\/samsung-m4080-sl\/\" \/>\n<meta property=\"og:site_name\" content=\"Digital Systems-RS\" \/>\n<meta property=\"article:modified_time\" content=\"2025-01-27T13:18:20+00:00\" \/>\n<meta property=\"og:image\" content=\"https:\/\/digitalsystems-rs.com.br\/produtos\/wp-content\/uploads\/2020\/01\/SL-M4080FX.png\" \/>\n\t<meta property=\"og:image:width\" content=\"600\" \/>\n\t<meta property=\"og:image:height\" content=\"600\" \/>\n\t<meta property=\"og:image:type\" content=\"image\/png\" \/>\n<meta name=\"twitter:card\" content=\"summary_large_image\" \/>\n<meta name=\"twitter:label1\" content=\"Est. tempo de leitura\" \/>\n\t<meta name=\"twitter:data1\" content=\"1 minuto\" \/>\n<script type=\"application\/ld+json\" class=\"yoast-schema-graph\">{\"@context\":\"https:\/\/schema.org\",\"@graph\":[{\"@type\":\"WebPage\",\"@id\":\"https:\/\/digitalsystems-rs.com.br\/produtos\/produto\/samsung-m4080-sl\/\",\"url\":\"https:\/\/digitalsystems-rs.com.br\/produtos\/produto\/samsung-m4080-sl\/\",\"name\":\"SAMSUNG SL-M4080FX - Digital Systems-RS\",\"isPartOf\":{\"@id\":\"https:\/\/digitalsystems-rs.com.br\/produtos\/#website\"},\"primaryImageOfPage\":{\"@id\":\"https:\/\/digitalsystems-rs.com.br\/produtos\/produto\/samsung-m4080-sl\/#primaryimage\"},\"image\":{\"@id\":\"https:\/\/digitalsystems-rs.com.br\/produtos\/produto\/samsung-m4080-sl\/#primaryimage\"},\"thumbnailUrl\":\"https:\/\/digitalsystems-rs.com.br\/produtos\/wp-content\/uploads\/2020\/01\/SL-M4080FX.png\",\"datePublished\":\"2020-01-13T02:25:55+00:00\",\"dateModified\":\"2025-01-27T13:18:20+00:00\",\"description\":\"SAMSUNG M4080FX foi desenvolvida para as pequenas e m\u00e9dias empresas que precisam de impress\u00f5es e digitaliza\u00e7\u00f5es ultra r\u00e1pidas e com qualidade profissional\",\"breadcrumb\":{\"@id\":\"https:\/\/digitalsystems-rs.com.br\/produtos\/produto\/samsung-m4080-sl\/#breadcrumb\"},\"inLanguage\":\"pt-BR\",\"potentialAction\":[{\"@type\":\"ReadAction\",\"target\":[\"https:\/\/digitalsystems-rs.com.br\/produtos\/produto\/samsung-m4080-sl\/\"]}]},{\"@type\":\"ImageObject\",\"inLanguage\":\"pt-BR\",\"@id\":\"https:\/\/digitalsystems-rs.com.br\/produtos\/produto\/samsung-m4080-sl\/#primaryimage\",\"url\":\"https:\/\/digitalsystems-rs.com.br\/produtos\/wp-content\/uploads\/2020\/01\/SL-M4080FX.png\",\"contentUrl\":\"https:\/\/digitalsystems-rs.com.br\/produtos\/wp-content\/uploads\/2020\/01\/SL-M4080FX.png\",\"width\":600,\"height\":600},{\"@type\":\"BreadcrumbList\",\"@id\":\"https:\/\/digitalsystems-rs.com.br\/produtos\/produto\/samsung-m4080-sl\/#breadcrumb\",\"itemListElement\":[{\"@type\":\"ListItem\",\"position\":1,\"name\":\"In\u00edcio\",\"item\":\"https:\/\/digitalsystems-rs.com.br\/produtos\/\"},{\"@type\":\"ListItem\",\"position\":2,\"name\":\"Products\",\"item\":\"https:\/\/digitalsystems-rs.com.br\/produtos\/shop\/\"},{\"@type\":\"ListItem\",\"position\":3,\"name\":\"SAMSUNG SL-M4080FX\"}]},{\"@type\":\"WebSite\",\"@id\":\"https:\/\/digitalsystems-rs.com.br\/produtos\/#website\",\"url\":\"https:\/\/digitalsystems-rs.com.br\/produtos\/\",\"name\":\"Digital Systems-RS\",\"description\":\"Outsourcing de Impress\u00e3o e Digitaliza\u00e7\u00e3o\",\"potentialAction\":[{\"@type\":\"SearchAction\",\"target\":{\"@type\":\"EntryPoint\",\"urlTemplate\":\"https:\/\/digitalsystems-rs.com.br\/produtos\/?s={search_term_string}\"},\"query-input\":{\"@type\":\"PropertyValueSpecification\",\"valueRequired\":true,\"valueName\":\"search_term_string\"}}],\"inLanguage\":\"pt-BR\"}]}<\/script>\n<!-- \/ Yoast SEO plugin. -->","yoast_head_json":{"title":"SAMSUNG SL-M4080FX - Digital Systems-RS","description":"SAMSUNG M4080FX foi desenvolvida para as pequenas e m\u00e9dias empresas que precisam de impress\u00f5es e digitaliza\u00e7\u00f5es ultra r\u00e1pidas e com qualidade profissional","robots":{"index":"index","follow":"follow","max-snippet":"max-snippet:-1","max-image-preview":"max-image-preview:large","max-video-preview":"max-video-preview:-1"},"canonical":"https:\/\/digitalsystems-rs.com.br\/produtos\/produto\/samsung-m4080-sl\/","og_locale":"pt_BR","og_type":"article","og_title":"SAMSUNG SL-M4080FX - Digital Systems-RS","og_description":"SAMSUNG M4080FX foi desenvolvida para as pequenas e m\u00e9dias empresas que precisam de impress\u00f5es e digitaliza\u00e7\u00f5es ultra r\u00e1pidas e com qualidade profissional","og_url":"https:\/\/digitalsystems-rs.com.br\/produtos\/produto\/samsung-m4080-sl\/","og_site_name":"Digital Systems-RS","article_modified_time":"2025-01-27T13:18:20+00:00","og_image":[{"width":600,"height":600,"url":"https:\/\/digitalsystems-rs.com.br\/produtos\/wp-content\/uploads\/2020\/01\/SL-M4080FX.png","type":"image\/png"}],"twitter_card":"summary_large_image","twitter_misc":{"Est. tempo de leitura":"1 minuto"},"schema":{"@context":"https:\/\/schema.org","@graph":[{"@type":"WebPage","@id":"https:\/\/digitalsystems-rs.com.br\/produtos\/produto\/samsung-m4080-sl\/","url":"https:\/\/digitalsystems-rs.com.br\/produtos\/produto\/samsung-m4080-sl\/","name":"SAMSUNG SL-M4080FX - Digital Systems-RS","isPartOf":{"@id":"https:\/\/digitalsystems-rs.com.br\/produtos\/#website"},"primaryImageOfPage":{"@id":"https:\/\/digitalsystems-rs.com.br\/produtos\/produto\/samsung-m4080-sl\/#primaryimage"},"image":{"@id":"https:\/\/digitalsystems-rs.com.br\/produtos\/produto\/samsung-m4080-sl\/#primaryimage"},"thumbnailUrl":"https:\/\/digitalsystems-rs.com.br\/produtos\/wp-content\/uploads\/2020\/01\/SL-M4080FX.png","datePublished":"2020-01-13T02:25:55+00:00","dateModified":"2025-01-27T13:18:20+00:00","description":"SAMSUNG M4080FX foi desenvolvida para as pequenas e m\u00e9dias empresas que precisam de impress\u00f5es e digitaliza\u00e7\u00f5es ultra r\u00e1pidas e com qualidade profissional","breadcrumb":{"@id":"https:\/\/digitalsystems-rs.com.br\/produtos\/produto\/samsung-m4080-sl\/#breadcrumb"},"inLanguage":"pt-BR","potentialAction":[{"@type":"ReadAction","target":["https:\/\/digitalsystems-rs.com.br\/produtos\/produto\/samsung-m4080-sl\/"]}]},{"@type":"ImageObject","inLanguage":"pt-BR","@id":"https:\/\/digitalsystems-rs.com.br\/produtos\/produto\/samsung-m4080-sl\/#primaryimage","url":"https:\/\/digitalsystems-rs.com.br\/produtos\/wp-content\/uploads\/2020\/01\/SL-M4080FX.png","contentUrl":"https:\/\/digitalsystems-rs.com.br\/produtos\/wp-content\/uploads\/2020\/01\/SL-M4080FX.png","width":600,"height":600},{"@type":"BreadcrumbList","@id":"https:\/\/digitalsystems-rs.com.br\/produtos\/produto\/samsung-m4080-sl\/#breadcrumb","itemListElement":[{"@type":"ListItem","position":1,"name":"In\u00edcio","item":"https:\/\/digitalsystems-rs.com.br\/produtos\/"},{"@type":"ListItem","position":2,"name":"Products","item":"https:\/\/digitalsystems-rs.com.br\/produtos\/shop\/"},{"@type":"ListItem","position":3,"name":"SAMSUNG SL-M4080FX"}]},{"@type":"WebSite","@id":"https:\/\/digitalsystems-rs.com.br\/produtos\/#website","url":"https:\/\/digitalsystems-rs.com.br\/produtos\/","name":"Digital Systems-RS","description":"Outsourcing de Impress\u00e3o e Digitaliza\u00e7\u00e3o","potentialAction":[{"@type":"SearchAction","target":{"@type":"EntryPoint","urlTemplate":"https:\/\/digitalsystems-rs.com.br\/produtos\/?s={search_term_string}"},"query-input":{"@type":"PropertyValueSpecification","valueRequired":true,"valueName":"search_term_string"}}],"inLanguage":"pt-BR"}]}},"_links":{"self":[{"href":"https:\/\/digitalsystems-rs.com.br\/produtos\/wp-json\/wp\/v2\/product\/449","targetHints":{"allow":["GET"]}}],"collection":[{"href":"https:\/\/digitalsystems-rs.com.br\/produtos\/wp-json\/wp\/v2\/product"}],"about":[{"href":"https:\/\/digitalsystems-rs.com.br\/produtos\/wp-json\/wp\/v2\/types\/product"}],"wp:featuredmedia":[{"embeddable":true,"href":"https:\/\/digitalsystems-rs.com.br\/produtos\/wp-json\/wp\/v2\/media\/1051"}],"wp:attachment":[{"href":"https:\/\/digitalsystems-rs.com.br\/produtos\/wp-json\/wp\/v2\/media?parent=449"}],"wp:term":[{"taxonomy":"product_brand","embeddable":true,"href":"https:\/\/digitalsystems-rs.com.br\/produtos\/wp-json\/wp\/v2\/product_brand?post=449"},{"taxonomy":"product_cat","embeddable":true,"href":"https:\/\/digitalsystems-rs.com.br\/produtos\/wp-json\/wp\/v2\/product_cat?post=449"},{"taxonomy":"product_tag","embeddable":true,"href":"https:\/\/digitalsystems-rs.com.br\/produtos\/wp-json\/wp\/v2\/product_tag?post=449"}],"curies":[{"name":"wp","href":"https:\/\/api.w.org\/{rel}","templated":true}]}}