{"id":458,"date":"2020-01-02T23:55:07","date_gmt":"2020-01-03T02:55:07","guid":{"rendered":"https:\/\/digitalsystems-rs.com.br\/produtos\/?post_type=product&#038;p=458"},"modified":"2025-01-27T10:21:34","modified_gmt":"2025-01-27T13:21:34","slug":"ricoh-mp-c2004","status":"publish","type":"product","link":"https:\/\/digitalsystems-rs.com.br\/produtos\/produto\/ricoh-mp-c2004\/","title":{"rendered":"RICOH MP C2004"},"content":{"rendered":"<h3>Especifica\u00e7\u00f5es<\/h3>\n<p><b>Configura\u00e7\u00e3o<\/b><\/p>\n<p>De Gabinete<\/p>\n<p><strong>Processo de Impress\u00e3o<\/strong><\/p>\n<p>M\u00e9todo de 4 tambores<\/p>\n<p><strong>Painel de Controle<\/strong><\/p>\n<p>Painel de Opera\u00e7\u00e3o Inteligente de 10,1&#8243;<\/p>\n<p><strong>Cor<\/strong><\/p>\n<p>Colorida<\/p>\n<p><strong>Velocidade de sa\u00edda Copiar\/Imprimir<\/strong><\/p>\n<p>20 ppm PB e Cores (Carta)<\/p>\n<p><strong>Tempo de saida da primeira p\u00e1gina<\/strong><\/p>\n<p>Em bores: 7,6 sgundos<\/p>\n<p>Preto e branco: 5,4 segundos<\/p>\n<p><strong>Hora de aquecimento<\/strong><\/p>\n<p>26 segundos<\/p>\n<p><strong>Tempo de recupera\u00e7\u00e3o do modo de suspens\u00e3o<\/strong><\/p>\n<p>7,1 segundos<\/p>\n<p><strong>Resolu\u00e7\u00e3o<\/strong><\/p>\n<p>600 dpi<\/p>\n<p><strong>Memoria do sistema<\/strong><\/p>\n<p>2 GB RAM\/ 250 GB HD Padr\u00e3o e 4 GB RAM\/ 250 HD Opcional<\/p>\n<p><strong>Quantidade M\u00e1xima de c\u00f3pia<\/strong><\/p>\n<p>at\u00e9 999 c\u00f3pias<\/p>\n<p><strong>Duplex<\/strong><\/p>\n<p>Autom\u00e1tico (Padr\u00e3o)<\/p>\n<p><strong>Alimentador de documentos com revers\u00e3o autom\u00e1tica (ARDF)<\/strong><\/p>\n","protected":false},"excerpt":{"rendered":"<div id=\"produtoDireita\">\n<div class=\"content-navigation center-size\">\n<div class=\"content-bottom-border\">\n<div id=\"product-gallery-details\">\n<div id=\"ctl00_cphCorpo_divCaracteristica\" class=\"col-list\">PRINCIPAIS CARACTER\u00cdSTICAS<\/div>\n<\/div>\n<\/div>\n<\/div>\n<\/div>\n<div id=\"produtoDireita\"><\/div>\n<div class=\"product-img-box col-md-6\">\n<ul class=\"item-description\">\n<li>Imprime a at\u00e9 20 ppm, c\u00f3pia, digitaliza\u00e7\u00e3o, fax<\/li>\n<li>Resolu\u00e7\u00e3o m\u00e1xima de impress\u00e3o 1200 x 1200 dpi<\/li>\n<li>Capacidade de papel at\u00e9 2.300 p\u00e1ginas<\/li>\n<li>Personalize fluxos de trabalho para agilizar tarefas no Painel de Opera\u00e7\u00e3o Inteligente<\/li>\n<\/ul>\n<\/div>\n<p>&nbsp;<\/p>\n<div class=\"limpa\"><a class=\"qbutton small center white default\" style=\"color: #ffffff; background-color: #000000;\" href=\"https:\/\/digitalsystems-rs.com.br\/contato.html\" target=\"_blank\" rel=\"noopener noreferrer\" data-hover-background-color=\"#dd3333\" data-hover-color=\"#ffffff\">Entrar em Contato<\/a><\/div>\n","protected":false},"featured_media":460,"template":"","meta":[],"product_brand":[],"product_cat":[19,24],"product_tag":[],"class_list":{"0":"post-458","1":"product","2":"type-product","3":"status-publish","4":"has-post-thumbnail","6":"product_cat-coloridos","7":"product_cat-ricoh","9":"first","10":"instock","11":"virtual","12":"product-type-simple"},"yoast_head":"<!-- This site is optimized with the Yoast SEO plugin v27.2 - https:\/\/yoast.com\/product\/yoast-seo-wordpress\/ -->\n<title>RICOH MP C2004 - Digital Systems-RS<\/title>\n<meta name=\"description\" content=\"Trabalhe por longos per\u00edodos ao expandir a capacidade de papel para 2.300 folhas. Digitalize documentos e compartilhe-os em qualquer lugar.\" \/>\n<meta name=\"robots\" content=\"index, follow, max-snippet:-1, max-image-preview:large, max-video-preview:-1\" \/>\n<link rel=\"canonical\" href=\"https:\/\/digitalsystems-rs.com.br\/produtos\/produto\/ricoh-mp-c2004\/\" \/>\n<meta property=\"og:locale\" content=\"pt_BR\" \/>\n<meta property=\"og:type\" content=\"article\" \/>\n<meta property=\"og:title\" content=\"RICOH MP C2004 - Digital Systems-RS\" \/>\n<meta property=\"og:description\" content=\"Trabalhe por longos per\u00edodos ao expandir a capacidade de papel para 2.300 folhas. Digitalize documentos e compartilhe-os em qualquer lugar.\" \/>\n<meta property=\"og:url\" content=\"https:\/\/digitalsystems-rs.com.br\/produtos\/produto\/ricoh-mp-c2004\/\" \/>\n<meta property=\"og:site_name\" content=\"Digital Systems-RS\" \/>\n<meta property=\"article:modified_time\" content=\"2025-01-27T13:21:34+00:00\" \/>\n<meta property=\"og:image\" content=\"https:\/\/digitalsystems-rs.com.br\/produtos\/wp-content\/uploads\/2020\/01\/Eqp-MP-C2004-10.png\" \/>\n\t<meta property=\"og:image:width\" content=\"504\" \/>\n\t<meta property=\"og:image:height\" content=\"528\" \/>\n\t<meta property=\"og:image:type\" content=\"image\/png\" \/>\n<meta name=\"twitter:card\" content=\"summary_large_image\" \/>\n<meta name=\"twitter:label1\" content=\"Est. tempo de leitura\" \/>\n\t<meta name=\"twitter:data1\" content=\"1 minuto\" \/>\n<script type=\"application\/ld+json\" class=\"yoast-schema-graph\">{\"@context\":\"https:\/\/schema.org\",\"@graph\":[{\"@type\":\"WebPage\",\"@id\":\"https:\/\/digitalsystems-rs.com.br\/produtos\/produto\/ricoh-mp-c2004\/\",\"url\":\"https:\/\/digitalsystems-rs.com.br\/produtos\/produto\/ricoh-mp-c2004\/\",\"name\":\"RICOH MP C2004 - Digital Systems-RS\",\"isPartOf\":{\"@id\":\"https:\/\/digitalsystems-rs.com.br\/produtos\/#website\"},\"primaryImageOfPage\":{\"@id\":\"https:\/\/digitalsystems-rs.com.br\/produtos\/produto\/ricoh-mp-c2004\/#primaryimage\"},\"image\":{\"@id\":\"https:\/\/digitalsystems-rs.com.br\/produtos\/produto\/ricoh-mp-c2004\/#primaryimage\"},\"thumbnailUrl\":\"https:\/\/digitalsystems-rs.com.br\/produtos\/wp-content\/uploads\/2020\/01\/Eqp-MP-C2004-10.png\",\"datePublished\":\"2020-01-03T02:55:07+00:00\",\"dateModified\":\"2025-01-27T13:21:34+00:00\",\"description\":\"Trabalhe por longos per\u00edodos ao expandir a capacidade de papel para 2.300 folhas. Digitalize documentos e compartilhe-os em qualquer lugar.\",\"breadcrumb\":{\"@id\":\"https:\/\/digitalsystems-rs.com.br\/produtos\/produto\/ricoh-mp-c2004\/#breadcrumb\"},\"inLanguage\":\"pt-BR\",\"potentialAction\":[{\"@type\":\"ReadAction\",\"target\":[\"https:\/\/digitalsystems-rs.com.br\/produtos\/produto\/ricoh-mp-c2004\/\"]}]},{\"@type\":\"ImageObject\",\"inLanguage\":\"pt-BR\",\"@id\":\"https:\/\/digitalsystems-rs.com.br\/produtos\/produto\/ricoh-mp-c2004\/#primaryimage\",\"url\":\"https:\/\/digitalsystems-rs.com.br\/produtos\/wp-content\/uploads\/2020\/01\/Eqp-MP-C2004-10.png\",\"contentUrl\":\"https:\/\/digitalsystems-rs.com.br\/produtos\/wp-content\/uploads\/2020\/01\/Eqp-MP-C2004-10.png\",\"width\":504,\"height\":528},{\"@type\":\"BreadcrumbList\",\"@id\":\"https:\/\/digitalsystems-rs.com.br\/produtos\/produto\/ricoh-mp-c2004\/#breadcrumb\",\"itemListElement\":[{\"@type\":\"ListItem\",\"position\":1,\"name\":\"In\u00edcio\",\"item\":\"https:\/\/digitalsystems-rs.com.br\/produtos\/\"},{\"@type\":\"ListItem\",\"position\":2,\"name\":\"Products\",\"item\":\"https:\/\/digitalsystems-rs.com.br\/produtos\/shop\/\"},{\"@type\":\"ListItem\",\"position\":3,\"name\":\"RICOH MP C2004\"}]},{\"@type\":\"WebSite\",\"@id\":\"https:\/\/digitalsystems-rs.com.br\/produtos\/#website\",\"url\":\"https:\/\/digitalsystems-rs.com.br\/produtos\/\",\"name\":\"Digital Systems-RS\",\"description\":\"Outsourcing de Impress\u00e3o e Digitaliza\u00e7\u00e3o\",\"potentialAction\":[{\"@type\":\"SearchAction\",\"target\":{\"@type\":\"EntryPoint\",\"urlTemplate\":\"https:\/\/digitalsystems-rs.com.br\/produtos\/?s={search_term_string}\"},\"query-input\":{\"@type\":\"PropertyValueSpecification\",\"valueRequired\":true,\"valueName\":\"search_term_string\"}}],\"inLanguage\":\"pt-BR\"}]}<\/script>\n<!-- \/ Yoast SEO plugin. -->","yoast_head_json":{"title":"RICOH MP C2004 - Digital Systems-RS","description":"Trabalhe por longos per\u00edodos ao expandir a capacidade de papel para 2.300 folhas. Digitalize documentos e compartilhe-os em qualquer lugar.","robots":{"index":"index","follow":"follow","max-snippet":"max-snippet:-1","max-image-preview":"max-image-preview:large","max-video-preview":"max-video-preview:-1"},"canonical":"https:\/\/digitalsystems-rs.com.br\/produtos\/produto\/ricoh-mp-c2004\/","og_locale":"pt_BR","og_type":"article","og_title":"RICOH MP C2004 - Digital Systems-RS","og_description":"Trabalhe por longos per\u00edodos ao expandir a capacidade de papel para 2.300 folhas. Digitalize documentos e compartilhe-os em qualquer lugar.","og_url":"https:\/\/digitalsystems-rs.com.br\/produtos\/produto\/ricoh-mp-c2004\/","og_site_name":"Digital Systems-RS","article_modified_time":"2025-01-27T13:21:34+00:00","og_image":[{"width":504,"height":528,"url":"https:\/\/digitalsystems-rs.com.br\/produtos\/wp-content\/uploads\/2020\/01\/Eqp-MP-C2004-10.png","type":"image\/png"}],"twitter_card":"summary_large_image","twitter_misc":{"Est. tempo de leitura":"1 minuto"},"schema":{"@context":"https:\/\/schema.org","@graph":[{"@type":"WebPage","@id":"https:\/\/digitalsystems-rs.com.br\/produtos\/produto\/ricoh-mp-c2004\/","url":"https:\/\/digitalsystems-rs.com.br\/produtos\/produto\/ricoh-mp-c2004\/","name":"RICOH MP C2004 - Digital Systems-RS","isPartOf":{"@id":"https:\/\/digitalsystems-rs.com.br\/produtos\/#website"},"primaryImageOfPage":{"@id":"https:\/\/digitalsystems-rs.com.br\/produtos\/produto\/ricoh-mp-c2004\/#primaryimage"},"image":{"@id":"https:\/\/digitalsystems-rs.com.br\/produtos\/produto\/ricoh-mp-c2004\/#primaryimage"},"thumbnailUrl":"https:\/\/digitalsystems-rs.com.br\/produtos\/wp-content\/uploads\/2020\/01\/Eqp-MP-C2004-10.png","datePublished":"2020-01-03T02:55:07+00:00","dateModified":"2025-01-27T13:21:34+00:00","description":"Trabalhe por longos per\u00edodos ao expandir a capacidade de papel para 2.300 folhas. Digitalize documentos e compartilhe-os em qualquer lugar.","breadcrumb":{"@id":"https:\/\/digitalsystems-rs.com.br\/produtos\/produto\/ricoh-mp-c2004\/#breadcrumb"},"inLanguage":"pt-BR","potentialAction":[{"@type":"ReadAction","target":["https:\/\/digitalsystems-rs.com.br\/produtos\/produto\/ricoh-mp-c2004\/"]}]},{"@type":"ImageObject","inLanguage":"pt-BR","@id":"https:\/\/digitalsystems-rs.com.br\/produtos\/produto\/ricoh-mp-c2004\/#primaryimage","url":"https:\/\/digitalsystems-rs.com.br\/produtos\/wp-content\/uploads\/2020\/01\/Eqp-MP-C2004-10.png","contentUrl":"https:\/\/digitalsystems-rs.com.br\/produtos\/wp-content\/uploads\/2020\/01\/Eqp-MP-C2004-10.png","width":504,"height":528},{"@type":"BreadcrumbList","@id":"https:\/\/digitalsystems-rs.com.br\/produtos\/produto\/ricoh-mp-c2004\/#breadcrumb","itemListElement":[{"@type":"ListItem","position":1,"name":"In\u00edcio","item":"https:\/\/digitalsystems-rs.com.br\/produtos\/"},{"@type":"ListItem","position":2,"name":"Products","item":"https:\/\/digitalsystems-rs.com.br\/produtos\/shop\/"},{"@type":"ListItem","position":3,"name":"RICOH MP C2004"}]},{"@type":"WebSite","@id":"https:\/\/digitalsystems-rs.com.br\/produtos\/#website","url":"https:\/\/digitalsystems-rs.com.br\/produtos\/","name":"Digital Systems-RS","description":"Outsourcing de Impress\u00e3o e Digitaliza\u00e7\u00e3o","potentialAction":[{"@type":"SearchAction","target":{"@type":"EntryPoint","urlTemplate":"https:\/\/digitalsystems-rs.com.br\/produtos\/?s={search_term_string}"},"query-input":{"@type":"PropertyValueSpecification","valueRequired":true,"valueName":"search_term_string"}}],"inLanguage":"pt-BR"}]}},"_links":{"self":[{"href":"https:\/\/digitalsystems-rs.com.br\/produtos\/wp-json\/wp\/v2\/product\/458","targetHints":{"allow":["GET"]}}],"collection":[{"href":"https:\/\/digitalsystems-rs.com.br\/produtos\/wp-json\/wp\/v2\/product"}],"about":[{"href":"https:\/\/digitalsystems-rs.com.br\/produtos\/wp-json\/wp\/v2\/types\/product"}],"wp:featuredmedia":[{"embeddable":true,"href":"https:\/\/digitalsystems-rs.com.br\/produtos\/wp-json\/wp\/v2\/media\/460"}],"wp:attachment":[{"href":"https:\/\/digitalsystems-rs.com.br\/produtos\/wp-json\/wp\/v2\/media?parent=458"}],"wp:term":[{"taxonomy":"product_brand","embeddable":true,"href":"https:\/\/digitalsystems-rs.com.br\/produtos\/wp-json\/wp\/v2\/product_brand?post=458"},{"taxonomy":"product_cat","embeddable":true,"href":"https:\/\/digitalsystems-rs.com.br\/produtos\/wp-json\/wp\/v2\/product_cat?post=458"},{"taxonomy":"product_tag","embeddable":true,"href":"https:\/\/digitalsystems-rs.com.br\/produtos\/wp-json\/wp\/v2\/product_tag?post=458"}],"curies":[{"name":"wp","href":"https:\/\/api.w.org\/{rel}","templated":true}]}}