{"id":482,"date":"2020-01-03T14:51:35","date_gmt":"2020-01-03T17:51:35","guid":{"rendered":"https:\/\/digitalsystems-rs.com.br\/produtos\/?post_type=product&#038;p=482"},"modified":"2025-01-27T10:19:48","modified_gmt":"2025-01-27T13:19:48","slug":"ricoh-mpc6003","status":"publish","type":"product","link":"https:\/\/digitalsystems-rs.com.br\/produtos\/produto\/ricoh-mpc6003\/","title":{"rendered":"RICOH MPC6003"},"content":{"rendered":"<h3>Especifica\u00e7\u00f5es<\/h3>\n<p><strong>Processo de Impress\u00e3o<\/strong><\/p>\n<p>M\u00e9todo de 4 cilindros<\/p>\n<p><strong>Velocidade de Sa\u00edda<\/strong><\/p>\n<p>60 ppm PB e Cor<\/p>\n<p><strong>Recupera\u00e7\u00e3o do Modo Repouso<\/strong><\/p>\n<p>Menos de 10 segundos<\/p>\n<p><strong>Resolu\u00e7\u00e3o de C\u00f3pia<\/strong><\/p>\n<p>600 dpi<\/p>\n<p><strong>Indicador de quantidade<\/strong><\/p>\n<p>At\u00e9 999 c\u00f3pias<\/p>\n<p><strong>Capacidade de Originais<\/strong><\/p>\n<p>100 Folhas<\/p>\n<p><strong>Tamanho do Original<\/strong><\/p>\n<p>100 Folhas<\/p>\n<p><strong>Alimentador de Originais<\/strong><\/p>\n<p>Padr\u00e3o no MP C3003\/MP C3505<\/p>\n<p>&nbsp;<\/p>\n","protected":false},"excerpt":{"rendered":"<div id=\"produtoDireita\">\n<div class=\"content-navigation center-size\">\n<div class=\"content-bottom-border\">\n<div id=\"product-gallery-details\">\n<div id=\"ctl00_cphCorpo_divCaracteristica\" class=\"col-list\">\n<div id=\"produtoDireita\">\n<div class=\"content-navigation center-size\">\n<div class=\"content-bottom-border\">\n<div id=\"product-gallery-details\">\n<div id=\"ctl00_cphCorpo_divCaracteristica\" class=\"col-list\">PRINCIPAIS CARACTER\u00cdSTICAS<\/div>\n<\/div>\n<\/div>\n<\/div>\n<\/div>\n<div id=\"produtoDireita\">\n<div id=\"produtoDireita\">\n<div id=\"produtoDireita\">\n<ul>\n<li>Impress\u00f5es Coloridas;<\/li>\n<li>Scanner Colorido;<\/li>\n<li>Impress\u00e3o de alta qualidade com resolu\u00e7\u00e3o de at\u00e9 1200 x 1200 dpi;<\/li>\n<li>Duplex (Frente e Verso);<\/li>\n<li>Velocidade de 60 p\u00e1ginas por minuto (cor ou preto e branco);<\/li>\n<li>Capacidade total de 4700 folhas, expans\u00edvel a 9000 folhas;<\/li>\n<li>Fun\u00e7\u00f5es de impress\u00e3o, digitalizar para e-mail, digitalizar para uma pasta (FTP\/SMB\/NCP), c\u00f3pia, fax de rede (Lan fax, Internetfax, IP Fax e fax para pasta).<\/li>\n<\/ul>\n<\/div>\n<div class=\"limpa\"><\/div>\n<\/div>\n<\/div>\n<p>&nbsp;<\/p>\n<div class=\"limpa\"><a class=\"qbutton small center white default\" style=\"color: #ffffff; background-color: #000000;\" href=\"https:\/\/digitalsystems-rs.com.br\/contato.html\" target=\"_blank\" rel=\"noopener noreferrer\" data-hover-background-color=\"#dd3333\" data-hover-color=\"#ffffff\">Entrar em Contato<\/a><\/div>\n<\/div>\n<\/div>\n<\/div>\n<\/div>\n<\/div>\n","protected":false},"featured_media":1057,"template":"","meta":[],"product_brand":[],"product_cat":[19,24],"product_tag":[],"class_list":{"0":"post-482","1":"product","2":"type-product","3":"status-publish","4":"has-post-thumbnail","6":"product_cat-coloridos","7":"product_cat-ricoh","9":"first","10":"instock","11":"virtual","12":"product-type-simple"},"yoast_head":"<!-- This site is optimized with the Yoast SEO plugin v27.2 - https:\/\/yoast.com\/product\/yoast-seo-wordpress\/ -->\n<title>RICOH MPC6003 - Digital Systems-RS<\/title>\n<meta name=\"description\" content=\"A multifuincional RICOH MP C6003 de 60ppm \u00e9 projetada para trabalhar do seu jeito. Ela combina produ\u00e7\u00e3o em cores de alta qualidade com recursos...\" \/>\n<meta name=\"robots\" content=\"index, follow, max-snippet:-1, max-image-preview:large, max-video-preview:-1\" \/>\n<link rel=\"canonical\" href=\"https:\/\/digitalsystems-rs.com.br\/produtos\/produto\/ricoh-mpc6003\/\" \/>\n<meta property=\"og:locale\" content=\"pt_BR\" \/>\n<meta property=\"og:type\" content=\"article\" \/>\n<meta property=\"og:title\" content=\"RICOH MPC6003 - Digital Systems-RS\" \/>\n<meta property=\"og:description\" content=\"A multifuincional RICOH MP C6003 de 60ppm \u00e9 projetada para trabalhar do seu jeito. Ela combina produ\u00e7\u00e3o em cores de alta qualidade com recursos...\" \/>\n<meta property=\"og:url\" content=\"https:\/\/digitalsystems-rs.com.br\/produtos\/produto\/ricoh-mpc6003\/\" \/>\n<meta property=\"og:site_name\" content=\"Digital Systems-RS\" \/>\n<meta property=\"article:modified_time\" content=\"2025-01-27T13:19:48+00:00\" \/>\n<meta property=\"og:image\" content=\"https:\/\/digitalsystems-rs.com.br\/produtos\/wp-content\/uploads\/2020\/01\/RICOH_MPC6003.png\" \/>\n\t<meta property=\"og:image:width\" content=\"400\" \/>\n\t<meta property=\"og:image:height\" content=\"419\" \/>\n\t<meta property=\"og:image:type\" content=\"image\/png\" \/>\n<meta name=\"twitter:card\" content=\"summary_large_image\" \/>\n<meta name=\"twitter:label1\" content=\"Est. tempo de leitura\" \/>\n\t<meta name=\"twitter:data1\" content=\"1 minuto\" \/>\n<script type=\"application\/ld+json\" class=\"yoast-schema-graph\">{\"@context\":\"https:\/\/schema.org\",\"@graph\":[{\"@type\":\"WebPage\",\"@id\":\"https:\/\/digitalsystems-rs.com.br\/produtos\/produto\/ricoh-mpc6003\/\",\"url\":\"https:\/\/digitalsystems-rs.com.br\/produtos\/produto\/ricoh-mpc6003\/\",\"name\":\"RICOH MPC6003 - Digital Systems-RS\",\"isPartOf\":{\"@id\":\"https:\/\/digitalsystems-rs.com.br\/produtos\/#website\"},\"primaryImageOfPage\":{\"@id\":\"https:\/\/digitalsystems-rs.com.br\/produtos\/produto\/ricoh-mpc6003\/#primaryimage\"},\"image\":{\"@id\":\"https:\/\/digitalsystems-rs.com.br\/produtos\/produto\/ricoh-mpc6003\/#primaryimage\"},\"thumbnailUrl\":\"https:\/\/digitalsystems-rs.com.br\/produtos\/wp-content\/uploads\/2020\/01\/RICOH_MPC6003.png\",\"datePublished\":\"2020-01-03T17:51:35+00:00\",\"dateModified\":\"2025-01-27T13:19:48+00:00\",\"description\":\"A multifuincional RICOH MP C6003 de 60ppm \u00e9 projetada para trabalhar do seu jeito. Ela combina produ\u00e7\u00e3o em cores de alta qualidade com recursos...\",\"breadcrumb\":{\"@id\":\"https:\/\/digitalsystems-rs.com.br\/produtos\/produto\/ricoh-mpc6003\/#breadcrumb\"},\"inLanguage\":\"pt-BR\",\"potentialAction\":[{\"@type\":\"ReadAction\",\"target\":[\"https:\/\/digitalsystems-rs.com.br\/produtos\/produto\/ricoh-mpc6003\/\"]}]},{\"@type\":\"ImageObject\",\"inLanguage\":\"pt-BR\",\"@id\":\"https:\/\/digitalsystems-rs.com.br\/produtos\/produto\/ricoh-mpc6003\/#primaryimage\",\"url\":\"https:\/\/digitalsystems-rs.com.br\/produtos\/wp-content\/uploads\/2020\/01\/RICOH_MPC6003.png\",\"contentUrl\":\"https:\/\/digitalsystems-rs.com.br\/produtos\/wp-content\/uploads\/2020\/01\/RICOH_MPC6003.png\",\"width\":400,\"height\":419},{\"@type\":\"BreadcrumbList\",\"@id\":\"https:\/\/digitalsystems-rs.com.br\/produtos\/produto\/ricoh-mpc6003\/#breadcrumb\",\"itemListElement\":[{\"@type\":\"ListItem\",\"position\":1,\"name\":\"In\u00edcio\",\"item\":\"https:\/\/digitalsystems-rs.com.br\/produtos\/\"},{\"@type\":\"ListItem\",\"position\":2,\"name\":\"Products\",\"item\":\"https:\/\/digitalsystems-rs.com.br\/produtos\/shop\/\"},{\"@type\":\"ListItem\",\"position\":3,\"name\":\"RICOH MPC6003\"}]},{\"@type\":\"WebSite\",\"@id\":\"https:\/\/digitalsystems-rs.com.br\/produtos\/#website\",\"url\":\"https:\/\/digitalsystems-rs.com.br\/produtos\/\",\"name\":\"Digital Systems-RS\",\"description\":\"Outsourcing de Impress\u00e3o e Digitaliza\u00e7\u00e3o\",\"potentialAction\":[{\"@type\":\"SearchAction\",\"target\":{\"@type\":\"EntryPoint\",\"urlTemplate\":\"https:\/\/digitalsystems-rs.com.br\/produtos\/?s={search_term_string}\"},\"query-input\":{\"@type\":\"PropertyValueSpecification\",\"valueRequired\":true,\"valueName\":\"search_term_string\"}}],\"inLanguage\":\"pt-BR\"}]}<\/script>\n<!-- \/ Yoast SEO plugin. -->","yoast_head_json":{"title":"RICOH MPC6003 - Digital Systems-RS","description":"A multifuincional RICOH MP C6003 de 60ppm \u00e9 projetada para trabalhar do seu jeito. Ela combina produ\u00e7\u00e3o em cores de alta qualidade com recursos...","robots":{"index":"index","follow":"follow","max-snippet":"max-snippet:-1","max-image-preview":"max-image-preview:large","max-video-preview":"max-video-preview:-1"},"canonical":"https:\/\/digitalsystems-rs.com.br\/produtos\/produto\/ricoh-mpc6003\/","og_locale":"pt_BR","og_type":"article","og_title":"RICOH MPC6003 - Digital Systems-RS","og_description":"A multifuincional RICOH MP C6003 de 60ppm \u00e9 projetada para trabalhar do seu jeito. Ela combina produ\u00e7\u00e3o em cores de alta qualidade com recursos...","og_url":"https:\/\/digitalsystems-rs.com.br\/produtos\/produto\/ricoh-mpc6003\/","og_site_name":"Digital Systems-RS","article_modified_time":"2025-01-27T13:19:48+00:00","og_image":[{"width":400,"height":419,"url":"https:\/\/digitalsystems-rs.com.br\/produtos\/wp-content\/uploads\/2020\/01\/RICOH_MPC6003.png","type":"image\/png"}],"twitter_card":"summary_large_image","twitter_misc":{"Est. tempo de leitura":"1 minuto"},"schema":{"@context":"https:\/\/schema.org","@graph":[{"@type":"WebPage","@id":"https:\/\/digitalsystems-rs.com.br\/produtos\/produto\/ricoh-mpc6003\/","url":"https:\/\/digitalsystems-rs.com.br\/produtos\/produto\/ricoh-mpc6003\/","name":"RICOH MPC6003 - Digital Systems-RS","isPartOf":{"@id":"https:\/\/digitalsystems-rs.com.br\/produtos\/#website"},"primaryImageOfPage":{"@id":"https:\/\/digitalsystems-rs.com.br\/produtos\/produto\/ricoh-mpc6003\/#primaryimage"},"image":{"@id":"https:\/\/digitalsystems-rs.com.br\/produtos\/produto\/ricoh-mpc6003\/#primaryimage"},"thumbnailUrl":"https:\/\/digitalsystems-rs.com.br\/produtos\/wp-content\/uploads\/2020\/01\/RICOH_MPC6003.png","datePublished":"2020-01-03T17:51:35+00:00","dateModified":"2025-01-27T13:19:48+00:00","description":"A multifuincional RICOH MP C6003 de 60ppm \u00e9 projetada para trabalhar do seu jeito. Ela combina produ\u00e7\u00e3o em cores de alta qualidade com recursos...","breadcrumb":{"@id":"https:\/\/digitalsystems-rs.com.br\/produtos\/produto\/ricoh-mpc6003\/#breadcrumb"},"inLanguage":"pt-BR","potentialAction":[{"@type":"ReadAction","target":["https:\/\/digitalsystems-rs.com.br\/produtos\/produto\/ricoh-mpc6003\/"]}]},{"@type":"ImageObject","inLanguage":"pt-BR","@id":"https:\/\/digitalsystems-rs.com.br\/produtos\/produto\/ricoh-mpc6003\/#primaryimage","url":"https:\/\/digitalsystems-rs.com.br\/produtos\/wp-content\/uploads\/2020\/01\/RICOH_MPC6003.png","contentUrl":"https:\/\/digitalsystems-rs.com.br\/produtos\/wp-content\/uploads\/2020\/01\/RICOH_MPC6003.png","width":400,"height":419},{"@type":"BreadcrumbList","@id":"https:\/\/digitalsystems-rs.com.br\/produtos\/produto\/ricoh-mpc6003\/#breadcrumb","itemListElement":[{"@type":"ListItem","position":1,"name":"In\u00edcio","item":"https:\/\/digitalsystems-rs.com.br\/produtos\/"},{"@type":"ListItem","position":2,"name":"Products","item":"https:\/\/digitalsystems-rs.com.br\/produtos\/shop\/"},{"@type":"ListItem","position":3,"name":"RICOH MPC6003"}]},{"@type":"WebSite","@id":"https:\/\/digitalsystems-rs.com.br\/produtos\/#website","url":"https:\/\/digitalsystems-rs.com.br\/produtos\/","name":"Digital Systems-RS","description":"Outsourcing de Impress\u00e3o e Digitaliza\u00e7\u00e3o","potentialAction":[{"@type":"SearchAction","target":{"@type":"EntryPoint","urlTemplate":"https:\/\/digitalsystems-rs.com.br\/produtos\/?s={search_term_string}"},"query-input":{"@type":"PropertyValueSpecification","valueRequired":true,"valueName":"search_term_string"}}],"inLanguage":"pt-BR"}]}},"_links":{"self":[{"href":"https:\/\/digitalsystems-rs.com.br\/produtos\/wp-json\/wp\/v2\/product\/482","targetHints":{"allow":["GET"]}}],"collection":[{"href":"https:\/\/digitalsystems-rs.com.br\/produtos\/wp-json\/wp\/v2\/product"}],"about":[{"href":"https:\/\/digitalsystems-rs.com.br\/produtos\/wp-json\/wp\/v2\/types\/product"}],"wp:featuredmedia":[{"embeddable":true,"href":"https:\/\/digitalsystems-rs.com.br\/produtos\/wp-json\/wp\/v2\/media\/1057"}],"wp:attachment":[{"href":"https:\/\/digitalsystems-rs.com.br\/produtos\/wp-json\/wp\/v2\/media?parent=482"}],"wp:term":[{"taxonomy":"product_brand","embeddable":true,"href":"https:\/\/digitalsystems-rs.com.br\/produtos\/wp-json\/wp\/v2\/product_brand?post=482"},{"taxonomy":"product_cat","embeddable":true,"href":"https:\/\/digitalsystems-rs.com.br\/produtos\/wp-json\/wp\/v2\/product_cat?post=482"},{"taxonomy":"product_tag","embeddable":true,"href":"https:\/\/digitalsystems-rs.com.br\/produtos\/wp-json\/wp\/v2\/product_tag?post=482"}],"curies":[{"name":"wp","href":"https:\/\/api.w.org\/{rel}","templated":true}]}}