{"id":816,"date":"2019-12-01T20:22:46","date_gmt":"2019-12-01T23:22:46","guid":{"rendered":"https:\/\/digitalsystems-rs.com.br\/produtos\/?post_type=product&#038;p=816"},"modified":"2025-01-27T10:23:08","modified_gmt":"2025-01-27T13:23:08","slug":"ricoh-mp-501spf","status":"publish","type":"product","link":"https:\/\/digitalsystems-rs.com.br\/produtos\/produto\/ricoh-mp-501spf\/","title":{"rendered":"RICOH MP 501SPF"},"content":{"rendered":"<h3>Especifica\u00e7\u00f5es<\/h3>\n<p><strong>Configura\u00e7\u00e3o<\/strong><\/p>\n<p>De Mesa<\/p>\n<p><strong>Processo de Impress\u00e3o<\/strong><\/p>\n<p>Impress\u00e3o eletrofotogr\u00e1fica a laser em PB<\/p>\n<p><strong>Tipo de toner<\/strong><\/p>\n<p>A seco, monocomponente<\/p>\n<p><strong>Painel de controle<\/strong><\/p>\n<p>Painel de opre\u00e7\u00e3o inteligente de 10,1&#8242;<\/p>\n<p><strong>Cor<\/strong><\/p>\n<p>Preto e Branco<\/p>\n<p><strong>Velocidade de sa\u00edda Copiar\/Imprimir<\/strong><\/p>\n<p>52 ppm<\/p>\n<p><strong>Tempo de sa\u00edda da primeira pagina<\/strong><\/p>\n<p>6 segundos ou menos<\/p>\n<p><strong>Hora de aquecimento<\/strong><\/p>\n<p>25,4 segundos<\/p>\n<p><strong>Tempo de recupera\u00e7\u00e3o do modo de suspens\u00e3o<\/strong><\/p>\n<p>menos de 10 segundos<\/p>\n<p><strong>Resolu\u00e7\u00e3o<\/strong><\/p>\n<p>600 x 600 dpi<\/p>\n<p><strong>Memoria do sistema<\/strong><\/p>\n<p>2 GB de RAM + 320 GB Unidade de Disco R\u00edgido<\/p>\n<p><strong>Quantidade m\u00e1xima de c\u00f3pia<\/strong><\/p>\n<p>At\u00e9 999<\/p>\n<p><strong>Tipo de alimentador de documentos<\/strong><\/p>\n<p>Alimentador de documentos com revers\u00e3o autom\u00e1tica<\/p>\n","protected":false},"excerpt":{"rendered":"<div id=\"produtoDireita\">\n<div class=\"content-navigation center-size\">\n<div class=\"content-bottom-border\">\n<div id=\"product-gallery-details\">\n<div id=\"ctl00_cphCorpo_divCaracteristica\" class=\"col-list\">\n<div id=\"produtoDireita\">\n<div class=\"content-navigation center-size\">\n<div class=\"content-bottom-border\">\n<div id=\"product-gallery-details\">\n<div id=\"ctl00_cphCorpo_divCaracteristica\" class=\"col-list\">PRINCIPAIS CARACTER\u00cdSTICAS<\/div>\n<div>\n<div id=\"produtoDireita\">\n<ul>\n<li>Impressora: preto e branco;<\/li>\n<li>Scanner colorido;<\/li>\n<li>Imprime at\u00e9 52\u00a0p\u00e1ginas por minuto;<\/li>\n<li>Resolu\u00e7\u00e3o de 1200&#215;1200 dpi;<\/li>\n<li>Capacidade total de papel de 350 folhas, expans\u00edvel a 1350 folhas;<\/li>\n<li>Duplex (Frente e Verso);<\/li>\n<li>Velocidade de digitaliza\u00e7\u00e3o; Em cores: 30\u00a0p\u00e1ginas por minuto, Preto e branco: 40 p\u00e1ginas por minuto;<\/li>\n<li>Fun\u00e7\u00f5es de impress\u00e3o, digitalizar para e-mail, digitalizar para uma pasta (FTP\/SMB\/NCP), c\u00f3pia, fax de rede (Lan fax, Internetfax, IP Fax e fax para pasta).<\/li>\n<\/ul>\n<\/div>\n<div class=\"limpa\"><\/div>\n<\/div>\n<\/div>\n<\/div>\n<\/div>\n<\/div>\n<div id=\"produtoDireita\">\n<div id=\"produtoDireita\">\n<div id=\"produtoDireita\"><\/div>\n<\/div>\n<\/div>\n<p>&nbsp;<\/p>\n<div class=\"limpa\"><a class=\"qbutton small center white default\" style=\"color: #ffffff; background-color: #000000;\" href=\"https:\/\/digitalsystems-rs.com.br\/contato.html\" target=\"_blank\" rel=\"noopener noreferrer\" data-hover-background-color=\"#dd3333\" data-hover-color=\"#ffffff\">Entrar em Contato<\/a><\/div>\n<\/div>\n<\/div>\n<\/div>\n<\/div>\n<\/div>\n","protected":false},"featured_media":1189,"template":"","meta":[],"product_brand":[],"product_cat":[20,24],"product_tag":[],"class_list":{"0":"post-816","1":"product","2":"type-product","3":"status-publish","4":"has-post-thumbnail","6":"product_cat-monocromaticos","7":"product_cat-ricoh","9":"first","10":"instock","11":"virtual","12":"product-type-simple"},"yoast_head":"<!-- This site is optimized with the Yoast SEO plugin v27.2 - https:\/\/yoast.com\/product\/yoast-seo-wordpress\/ -->\n<title>RICOH MP 501SPF - Digital Systems-RS<\/title>\n<meta name=\"description\" content=\"Fa\u00e7a com que a informa\u00e7\u00e3o chegue a seu p\u00fablico imediatamente. Capture arquivos de seu servidor de documentos, nuvem, celular ou tablet e imprima.\" \/>\n<meta name=\"robots\" content=\"index, follow, max-snippet:-1, max-image-preview:large, max-video-preview:-1\" \/>\n<link rel=\"canonical\" href=\"https:\/\/digitalsystems-rs.com.br\/produtos\/produto\/ricoh-mp-501spf\/\" \/>\n<meta property=\"og:locale\" content=\"pt_BR\" \/>\n<meta property=\"og:type\" content=\"article\" \/>\n<meta property=\"og:title\" content=\"RICOH MP 501SPF - Digital Systems-RS\" \/>\n<meta property=\"og:description\" content=\"Fa\u00e7a com que a informa\u00e7\u00e3o chegue a seu p\u00fablico imediatamente. Capture arquivos de seu servidor de documentos, nuvem, celular ou tablet e imprima.\" \/>\n<meta property=\"og:url\" content=\"https:\/\/digitalsystems-rs.com.br\/produtos\/produto\/ricoh-mp-501spf\/\" \/>\n<meta property=\"og:site_name\" content=\"Digital Systems-RS\" \/>\n<meta property=\"article:modified_time\" content=\"2025-01-27T13:23:08+00:00\" \/>\n<meta property=\"og:image\" content=\"https:\/\/digitalsystems-rs.com.br\/produtos\/wp-content\/uploads\/2020\/01\/rico_SP501.png\" \/>\n\t<meta property=\"og:image:width\" content=\"400\" \/>\n\t<meta property=\"og:image:height\" content=\"419\" \/>\n\t<meta property=\"og:image:type\" content=\"image\/png\" \/>\n<meta name=\"twitter:card\" content=\"summary_large_image\" \/>\n<meta name=\"twitter:label1\" content=\"Est. tempo de leitura\" \/>\n\t<meta name=\"twitter:data1\" content=\"1 minuto\" \/>\n<script type=\"application\/ld+json\" class=\"yoast-schema-graph\">{\"@context\":\"https:\/\/schema.org\",\"@graph\":[{\"@type\":\"WebPage\",\"@id\":\"https:\/\/digitalsystems-rs.com.br\/produtos\/produto\/ricoh-mp-501spf\/\",\"url\":\"https:\/\/digitalsystems-rs.com.br\/produtos\/produto\/ricoh-mp-501spf\/\",\"name\":\"RICOH MP 501SPF - Digital Systems-RS\",\"isPartOf\":{\"@id\":\"https:\/\/digitalsystems-rs.com.br\/produtos\/#website\"},\"primaryImageOfPage\":{\"@id\":\"https:\/\/digitalsystems-rs.com.br\/produtos\/produto\/ricoh-mp-501spf\/#primaryimage\"},\"image\":{\"@id\":\"https:\/\/digitalsystems-rs.com.br\/produtos\/produto\/ricoh-mp-501spf\/#primaryimage\"},\"thumbnailUrl\":\"https:\/\/digitalsystems-rs.com.br\/produtos\/wp-content\/uploads\/2020\/01\/rico_SP501.png\",\"datePublished\":\"2019-12-01T23:22:46+00:00\",\"dateModified\":\"2025-01-27T13:23:08+00:00\",\"description\":\"Fa\u00e7a com que a informa\u00e7\u00e3o chegue a seu p\u00fablico imediatamente. Capture arquivos de seu servidor de documentos, nuvem, celular ou tablet e imprima.\",\"breadcrumb\":{\"@id\":\"https:\/\/digitalsystems-rs.com.br\/produtos\/produto\/ricoh-mp-501spf\/#breadcrumb\"},\"inLanguage\":\"pt-BR\",\"potentialAction\":[{\"@type\":\"ReadAction\",\"target\":[\"https:\/\/digitalsystems-rs.com.br\/produtos\/produto\/ricoh-mp-501spf\/\"]}]},{\"@type\":\"ImageObject\",\"inLanguage\":\"pt-BR\",\"@id\":\"https:\/\/digitalsystems-rs.com.br\/produtos\/produto\/ricoh-mp-501spf\/#primaryimage\",\"url\":\"https:\/\/digitalsystems-rs.com.br\/produtos\/wp-content\/uploads\/2020\/01\/rico_SP501.png\",\"contentUrl\":\"https:\/\/digitalsystems-rs.com.br\/produtos\/wp-content\/uploads\/2020\/01\/rico_SP501.png\",\"width\":400,\"height\":419},{\"@type\":\"BreadcrumbList\",\"@id\":\"https:\/\/digitalsystems-rs.com.br\/produtos\/produto\/ricoh-mp-501spf\/#breadcrumb\",\"itemListElement\":[{\"@type\":\"ListItem\",\"position\":1,\"name\":\"In\u00edcio\",\"item\":\"https:\/\/digitalsystems-rs.com.br\/produtos\/\"},{\"@type\":\"ListItem\",\"position\":2,\"name\":\"Products\",\"item\":\"https:\/\/digitalsystems-rs.com.br\/produtos\/shop\/\"},{\"@type\":\"ListItem\",\"position\":3,\"name\":\"RICOH MP 501SPF\"}]},{\"@type\":\"WebSite\",\"@id\":\"https:\/\/digitalsystems-rs.com.br\/produtos\/#website\",\"url\":\"https:\/\/digitalsystems-rs.com.br\/produtos\/\",\"name\":\"Digital Systems-RS\",\"description\":\"Outsourcing de Impress\u00e3o e Digitaliza\u00e7\u00e3o\",\"potentialAction\":[{\"@type\":\"SearchAction\",\"target\":{\"@type\":\"EntryPoint\",\"urlTemplate\":\"https:\/\/digitalsystems-rs.com.br\/produtos\/?s={search_term_string}\"},\"query-input\":{\"@type\":\"PropertyValueSpecification\",\"valueRequired\":true,\"valueName\":\"search_term_string\"}}],\"inLanguage\":\"pt-BR\"}]}<\/script>\n<!-- \/ Yoast SEO plugin. -->","yoast_head_json":{"title":"RICOH MP 501SPF - Digital Systems-RS","description":"Fa\u00e7a com que a informa\u00e7\u00e3o chegue a seu p\u00fablico imediatamente. Capture arquivos de seu servidor de documentos, nuvem, celular ou tablet e imprima.","robots":{"index":"index","follow":"follow","max-snippet":"max-snippet:-1","max-image-preview":"max-image-preview:large","max-video-preview":"max-video-preview:-1"},"canonical":"https:\/\/digitalsystems-rs.com.br\/produtos\/produto\/ricoh-mp-501spf\/","og_locale":"pt_BR","og_type":"article","og_title":"RICOH MP 501SPF - Digital Systems-RS","og_description":"Fa\u00e7a com que a informa\u00e7\u00e3o chegue a seu p\u00fablico imediatamente. Capture arquivos de seu servidor de documentos, nuvem, celular ou tablet e imprima.","og_url":"https:\/\/digitalsystems-rs.com.br\/produtos\/produto\/ricoh-mp-501spf\/","og_site_name":"Digital Systems-RS","article_modified_time":"2025-01-27T13:23:08+00:00","og_image":[{"width":400,"height":419,"url":"https:\/\/digitalsystems-rs.com.br\/produtos\/wp-content\/uploads\/2020\/01\/rico_SP501.png","type":"image\/png"}],"twitter_card":"summary_large_image","twitter_misc":{"Est. tempo de leitura":"1 minuto"},"schema":{"@context":"https:\/\/schema.org","@graph":[{"@type":"WebPage","@id":"https:\/\/digitalsystems-rs.com.br\/produtos\/produto\/ricoh-mp-501spf\/","url":"https:\/\/digitalsystems-rs.com.br\/produtos\/produto\/ricoh-mp-501spf\/","name":"RICOH MP 501SPF - Digital Systems-RS","isPartOf":{"@id":"https:\/\/digitalsystems-rs.com.br\/produtos\/#website"},"primaryImageOfPage":{"@id":"https:\/\/digitalsystems-rs.com.br\/produtos\/produto\/ricoh-mp-501spf\/#primaryimage"},"image":{"@id":"https:\/\/digitalsystems-rs.com.br\/produtos\/produto\/ricoh-mp-501spf\/#primaryimage"},"thumbnailUrl":"https:\/\/digitalsystems-rs.com.br\/produtos\/wp-content\/uploads\/2020\/01\/rico_SP501.png","datePublished":"2019-12-01T23:22:46+00:00","dateModified":"2025-01-27T13:23:08+00:00","description":"Fa\u00e7a com que a informa\u00e7\u00e3o chegue a seu p\u00fablico imediatamente. Capture arquivos de seu servidor de documentos, nuvem, celular ou tablet e imprima.","breadcrumb":{"@id":"https:\/\/digitalsystems-rs.com.br\/produtos\/produto\/ricoh-mp-501spf\/#breadcrumb"},"inLanguage":"pt-BR","potentialAction":[{"@type":"ReadAction","target":["https:\/\/digitalsystems-rs.com.br\/produtos\/produto\/ricoh-mp-501spf\/"]}]},{"@type":"ImageObject","inLanguage":"pt-BR","@id":"https:\/\/digitalsystems-rs.com.br\/produtos\/produto\/ricoh-mp-501spf\/#primaryimage","url":"https:\/\/digitalsystems-rs.com.br\/produtos\/wp-content\/uploads\/2020\/01\/rico_SP501.png","contentUrl":"https:\/\/digitalsystems-rs.com.br\/produtos\/wp-content\/uploads\/2020\/01\/rico_SP501.png","width":400,"height":419},{"@type":"BreadcrumbList","@id":"https:\/\/digitalsystems-rs.com.br\/produtos\/produto\/ricoh-mp-501spf\/#breadcrumb","itemListElement":[{"@type":"ListItem","position":1,"name":"In\u00edcio","item":"https:\/\/digitalsystems-rs.com.br\/produtos\/"},{"@type":"ListItem","position":2,"name":"Products","item":"https:\/\/digitalsystems-rs.com.br\/produtos\/shop\/"},{"@type":"ListItem","position":3,"name":"RICOH MP 501SPF"}]},{"@type":"WebSite","@id":"https:\/\/digitalsystems-rs.com.br\/produtos\/#website","url":"https:\/\/digitalsystems-rs.com.br\/produtos\/","name":"Digital Systems-RS","description":"Outsourcing de Impress\u00e3o e Digitaliza\u00e7\u00e3o","potentialAction":[{"@type":"SearchAction","target":{"@type":"EntryPoint","urlTemplate":"https:\/\/digitalsystems-rs.com.br\/produtos\/?s={search_term_string}"},"query-input":{"@type":"PropertyValueSpecification","valueRequired":true,"valueName":"search_term_string"}}],"inLanguage":"pt-BR"}]}},"_links":{"self":[{"href":"https:\/\/digitalsystems-rs.com.br\/produtos\/wp-json\/wp\/v2\/product\/816","targetHints":{"allow":["GET"]}}],"collection":[{"href":"https:\/\/digitalsystems-rs.com.br\/produtos\/wp-json\/wp\/v2\/product"}],"about":[{"href":"https:\/\/digitalsystems-rs.com.br\/produtos\/wp-json\/wp\/v2\/types\/product"}],"wp:featuredmedia":[{"embeddable":true,"href":"https:\/\/digitalsystems-rs.com.br\/produtos\/wp-json\/wp\/v2\/media\/1189"}],"wp:attachment":[{"href":"https:\/\/digitalsystems-rs.com.br\/produtos\/wp-json\/wp\/v2\/media?parent=816"}],"wp:term":[{"taxonomy":"product_brand","embeddable":true,"href":"https:\/\/digitalsystems-rs.com.br\/produtos\/wp-json\/wp\/v2\/product_brand?post=816"},{"taxonomy":"product_cat","embeddable":true,"href":"https:\/\/digitalsystems-rs.com.br\/produtos\/wp-json\/wp\/v2\/product_cat?post=816"},{"taxonomy":"product_tag","embeddable":true,"href":"https:\/\/digitalsystems-rs.com.br\/produtos\/wp-json\/wp\/v2\/product_tag?post=816"}],"curies":[{"name":"wp","href":"https:\/\/api.w.org\/{rel}","templated":true}]}}